{"id":92713,"date":"2021-03-19T13:35:38","date_gmt":"2021-03-19T13:35:38","guid":{"rendered":"https:\/\/cernelic.hr\/katalog\/Bez%20kategorije\/be_hold-by-haworth-2\/"},"modified":"2023-12-08T02:07:23","modified_gmt":"2023-12-08T02:07:23","slug":"be_hold-by-haworth","status":"publish","type":"product","link":"https:\/\/cernelic.hr\/en\/proizvod\/be_hold-by-haworth\/","title":{"rendered":"BE_HOLD by Haworth"},"content":{"rendered":"<p>Be_Hold uredski namje\u0161taj dizajniran je u suradnji s Patricijom Urquiolom kako bi unaprijedila Va\u0161e svakodnevno radno iskustvo. Od otvorenih polica i ormari\u0107a do privatnih ormari\u0107a i kredenaca s kliznim vratima, Be_Hold stavlja temeljne elemente pohrane u dizajnerski namje\u0161taj.<\/p>\n","protected":false},"excerpt":{"rendered":"<p>Be_Hold uredski namje\u0161taj dizajniran je u suradnji s Patricijom Urquiolom kako bi unaprijedila Va\u0161e svakodnevno radno iskustvo. Od otvorenih polica i ormari\u0107a do privatnih ormari\u0107a i kredenaca s kliznim vratima, Be_Hold stavlja temeljne elemente pohrane u dizajnerski namje\u0161taj.<\/p>\n","protected":false},"featured_media":68093,"template":"","meta":{"_acf_changed":false},"product_brand":[],"product_cat":[2105,2085,2171,2061,2172,2177,2237,2068,2175,2123,2151,2176,2137,2095,2178,2096,2148,2180,2073,2092,2170],"product_tag":[],"berocket_brand":[528],"class_list":{"0":"post-92713","1":"product","2":"type-product","3":"status-publish","4":"has-post-thumbnail","6":"product_cat-javni","7":"product_cat-namjestaj-za-urede","8":"product_cat-ormari-i-komode","9":"product_cat-proizvodi","10":"product_cat-proizvodi-ormari-i-komode-komode","11":"product_cat-proizvodi-ormari-i-komode-police-i-regali","12":"product_cat-proizvodi-ormari-i-komode-uredski-ormari","13":"product_cat-prostori","14":"product_cat-prostori-horeca-ormari-i-komode","15":"product_cat-prostori-javni-namjestaj-za-cekaonice","16":"product_cat-prostori-javni-namjestaj-za-sastanke-i-konferencije","17":"product_cat-prostori-rezidencijalni-ormari-i-komode","18":"product_cat-prostori-uredi-home-office","19":"product_cat-prostori-uredi-namjestaj-za-neformalne-sastanke-i-druzenje","20":"product_cat-prostori-uredi-namjestaj-za-odlaganje-i-arhiviranje-ormari","21":"product_cat-prostori-uredi-namjestaj-za-predprostore-i-cekaone","22":"product_cat-prostori-uredi-namjestaj-za-sastanke-i-konferencije","23":"product_cat-prostori-uredi-uredski-namjestaj","24":"product_cat-rezidencijalni","25":"product_cat-uredi","26":"product_cat-proizvodi-namjestaj-za-urede-namjestaj","27":"berocket_brand-haworth","29":"first","30":"instock","31":"product-type-grouped"},"acf":[],"_links":{"self":[{"href":"https:\/\/cernelic.hr\/en\/wp-json\/wp\/v2\/product\/92713","targetHints":{"allow":["GET"]}}],"collection":[{"href":"https:\/\/cernelic.hr\/en\/wp-json\/wp\/v2\/product"}],"about":[{"href":"https:\/\/cernelic.hr\/en\/wp-json\/wp\/v2\/types\/product"}],"wp:featuredmedia":[{"embeddable":true,"href":"https:\/\/cernelic.hr\/en\/wp-json\/wp\/v2\/media\/68093"}],"wp:attachment":[{"href":"https:\/\/cernelic.hr\/en\/wp-json\/wp\/v2\/media?parent=92713"}],"wp:term":[{"taxonomy":"product_brand","embeddable":true,"href":"https:\/\/cernelic.hr\/en\/wp-json\/wp\/v2\/product_brand?post=92713"},{"taxonomy":"product_cat","embeddable":true,"href":"https:\/\/cernelic.hr\/en\/wp-json\/wp\/v2\/product_cat?post=92713"},{"taxonomy":"product_tag","embeddable":true,"href":"https:\/\/cernelic.hr\/en\/wp-json\/wp\/v2\/product_tag?post=92713"},{"taxonomy":"berocket_brand","embeddable":true,"href":"https:\/\/cernelic.hr\/en\/wp-json\/wp\/v2\/berocket_brand?post=92713"}],"curies":[{"name":"wp","href":"https:\/\/api.w.org\/{rel}","templated":true}]}}