{"id":92714,"date":"2021-03-19T13:35:38","date_gmt":"2021-03-19T13:35:38","guid":{"rendered":"https:\/\/cernelic.hr\/katalog\/Bez%20kategorije\/capo-by-haworth-2\/"},"modified":"2023-12-08T02:07:25","modified_gmt":"2023-12-08T02:07:25","slug":"capo-by-haworth","status":"publish","type":"product","link":"https:\/\/cernelic.hr\/en\/proizvod\/capo-by-haworth\/","title":{"rendered":"CAPO by Haworth"},"content":{"rendered":"<p>\u201eCapo\u201c salonska stolica ima tanke, fleksibilne stijenke koje pru\u017eaju uto\u010di\u0161te bez osje\u0107aja zatvorenosti. \u0160iroki, potporni bokovi nude mjesto za osobne stvari poput mobitela, tableta ili bilje\u017enica. \u201eCapo\u201c je odli\u010dan u lobijima, mjestima za sastanke i knji\u017enicama. Tako\u0111er mo\u017ee poslu\u017eiti kao mjesto za privatnost pri interakcijama lice-u-lice u \u201eopen floor\u201c okolinama stoga je \u010dest odabir prilikom opremanja uredskih prostora.<\/p>\n","protected":false},"excerpt":{"rendered":"<p>\u201eCapo\u201c salonska stolica ima tanke, fleksibilne stijenke koje pru\u017eaju uto\u010di\u0161te bez osje\u0107aja zatvorenosti. \u0160iroki, potporni bokovi nude mjesto za osobne stvari poput mobitela, tableta ili bilje\u017enica. \u201eCapo\u201c je odli\u010dan u lobijima, mjestima za sastanke i knji\u017enicama. Tako\u0111er mo\u017ee poslu\u017eiti kao mjesto za privatnost pri interakcijama lice-u-lice u \u201eopen floor\u201c okolinama stoga je \u010dest odabir prilikom [&hellip;]<\/p>\n","protected":false},"featured_media":68094,"template":"","meta":{"_acf_changed":false},"product_brand":[],"product_cat":[2111,2062,2105,2085,2061,2083,2082,2086,2068,2117,2101,2108,2103,2094,2073,2092],"product_tag":[],"berocket_brand":[528],"class_list":{"0":"post-92714","1":"product","2":"type-product","3":"status-publish","4":"has-post-thumbnail","6":"product_cat-dvorane","7":"product_cat-fotelje-i-garniture-za-sjedenje","8":"product_cat-javni","9":"product_cat-namjestaj-za-urede","10":"product_cat-proizvodi","11":"product_cat-proizvodi-fotelje-garniture-fotelje-i-garniture-za-cekaone-i-predprostore","12":"product_cat-proizvodi-fotelje-garniture-fotelje-i-garniture-unutarnje-prostore","13":"product_cat-proizvodi-namjestaj-za-urede-fotelje-garniture-za-neformalne-sastanke","14":"product_cat-prostori","15":"product_cat-prostori-dvorane-fotelje-i-garniture-za-unutarnje-prostore","16":"product_cat-prostori-horeca-fotelje-i-garniture-za-unutarnje-prostore","17":"product_cat-prostori-javni-fotelje-i-garniture-za-unutarnje-prostore","18":"product_cat-prostori-rezidencijalni-fotelje-i-garniture-za-unutarnje-prostore","19":"product_cat-prostori-uredi-fotelje-i-garniture-za-sjedenje","20":"product_cat-rezidencijalni","21":"product_cat-uredi","22":"berocket_brand-haworth","24":"first","25":"instock","26":"product-type-grouped"},"acf":[],"_links":{"self":[{"href":"https:\/\/cernelic.hr\/en\/wp-json\/wp\/v2\/product\/92714","targetHints":{"allow":["GET"]}}],"collection":[{"href":"https:\/\/cernelic.hr\/en\/wp-json\/wp\/v2\/product"}],"about":[{"href":"https:\/\/cernelic.hr\/en\/wp-json\/wp\/v2\/types\/product"}],"wp:featuredmedia":[{"embeddable":true,"href":"https:\/\/cernelic.hr\/en\/wp-json\/wp\/v2\/media\/68094"}],"wp:attachment":[{"href":"https:\/\/cernelic.hr\/en\/wp-json\/wp\/v2\/media?parent=92714"}],"wp:term":[{"taxonomy":"product_brand","embeddable":true,"href":"https:\/\/cernelic.hr\/en\/wp-json\/wp\/v2\/product_brand?post=92714"},{"taxonomy":"product_cat","embeddable":true,"href":"https:\/\/cernelic.hr\/en\/wp-json\/wp\/v2\/product_cat?post=92714"},{"taxonomy":"product_tag","embeddable":true,"href":"https:\/\/cernelic.hr\/en\/wp-json\/wp\/v2\/product_tag?post=92714"},{"taxonomy":"berocket_brand","embeddable":true,"href":"https:\/\/cernelic.hr\/en\/wp-json\/wp\/v2\/berocket_brand?post=92714"}],"curies":[{"name":"wp","href":"https:\/\/api.w.org\/{rel}","templated":true}]}}