{"id":92716,"date":"2021-03-19T13:35:38","date_gmt":"2021-03-19T13:35:38","guid":{"rendered":"https:\/\/cernelic.hr\/katalog\/Bez%20kategorije\/comforto-39-by-haworth-2\/"},"modified":"2023-12-08T02:07:29","modified_gmt":"2023-12-08T02:07:29","slug":"comforto-39-by-haworth","status":"publish","type":"product","link":"https:\/\/cernelic.hr\/en\/proizvod\/comforto-39-by-haworth\/","title":{"rendered":"COMFORTO 39 by Haworth"},"content":{"rendered":"<p>\u201eComforto 39\u201c savr\u0161ena je kombinacija talijanskog dizajna i sofisticirane tehnologije koja se idealno uklapa u svaki dizajn interijera. Danas o\u010dekujete maksimalnu efikasnost \u2013 o\u010dekujte ju i od svoje uredske stolice. \u201eComforto 39\u201c podr\u017eava Vas za vrijeme rada u uredu i poma\u017ee kako biste ostali na fizi\u010dkom vrhuncu. Budite sigurni u ergonomske stolice \u201eComforta 39\u201c.<\/p>\n","protected":false},"excerpt":{"rendered":"<p>\u201eComforto 39\u201c savr\u0161ena je kombinacija talijanskog dizajna i sofisticirane tehnologije koja se idealno uklapa u svaki dizajn interijera. Danas o\u010dekujete maksimalnu efikasnost \u2013 o\u010dekujte ju i od svoje uredske stolice. \u201eComforto 39\u201c podr\u017eava Vas za vrijeme rada u uredu i poma\u017ee kako biste ostali na fizi\u010dkom vrhuncu. Budite sigurni u ergonomske stolice \u201eComforta 39\u201c.<\/p>\n","protected":false},"featured_media":68096,"template":"","meta":{"_acf_changed":false},"product_brand":[],"product_cat":[2099,2105,2090,2085,2061,2068,2098,2102,2100,2106,2109,2150,2104,2153,2093,2152,2166,2073,2087,2088,2089,2113,2091,2092],"product_tag":[],"berocket_brand":[528],"class_list":{"0":"post-92716","1":"product","2":"type-product","3":"status-publish","4":"has-post-thumbnail","6":"product_cat-horeca-prostori-horeca","7":"product_cat-javni","8":"product_cat-proizvodi-stolice-stolice-za-sastanke","9":"product_cat-namjestaj-za-urede","10":"product_cat-proizvodi","11":"product_cat-prostori","12":"product_cat-prostori-horeca","13":"product_cat-prostori-horeca-stolice-za-kongresne-dvorane","14":"product_cat-prostori-horeca-stolice-za-unutarnje-prostore","15":"product_cat-prostori-javni-kongresne-stolice","16":"product_cat-prostori-javni-stolice-za-unutarnje-prostore","17":"product_cat-prostori-rezidencijalni-namjestaj-za-kucni-ured","18":"product_cat-prostori-rezidencijalni-stolice-za-unutarnje-prostore","19":"product_cat-prostori-uredi-radne-stolice","20":"product_cat-prostori-uredi-stolice-za-sastanke","21":"product_cat-proizvodi-stolice-radne-stolice","22":"product_cat-proizvodi-namjestaj-za-urede-radne-stolice","23":"product_cat-rezidencijalni","24":"product_cat-stolice","25":"product_cat-proizvodi-stolice-stolice-za-cekaonice","26":"product_cat-proizvodi-stolice-stolice-za-kongresne-dvorane","27":"product_cat-proizvodi-namjestaj-za-urede-stolice-za-sastanke","28":"product_cat-proizvodi-stolice-stolice-za-unutarnje-prostore","29":"product_cat-uredi","30":"berocket_brand-haworth","32":"first","33":"instock","34":"product-type-grouped"},"acf":[],"_links":{"self":[{"href":"https:\/\/cernelic.hr\/en\/wp-json\/wp\/v2\/product\/92716","targetHints":{"allow":["GET"]}}],"collection":[{"href":"https:\/\/cernelic.hr\/en\/wp-json\/wp\/v2\/product"}],"about":[{"href":"https:\/\/cernelic.hr\/en\/wp-json\/wp\/v2\/types\/product"}],"wp:featuredmedia":[{"embeddable":true,"href":"https:\/\/cernelic.hr\/en\/wp-json\/wp\/v2\/media\/68096"}],"wp:attachment":[{"href":"https:\/\/cernelic.hr\/en\/wp-json\/wp\/v2\/media?parent=92716"}],"wp:term":[{"taxonomy":"product_brand","embeddable":true,"href":"https:\/\/cernelic.hr\/en\/wp-json\/wp\/v2\/product_brand?post=92716"},{"taxonomy":"product_cat","embeddable":true,"href":"https:\/\/cernelic.hr\/en\/wp-json\/wp\/v2\/product_cat?post=92716"},{"taxonomy":"product_tag","embeddable":true,"href":"https:\/\/cernelic.hr\/en\/wp-json\/wp\/v2\/product_tag?post=92716"},{"taxonomy":"berocket_brand","embeddable":true,"href":"https:\/\/cernelic.hr\/en\/wp-json\/wp\/v2\/berocket_brand?post=92716"}],"curies":[{"name":"wp","href":"https:\/\/api.w.org\/{rel}","templated":true}]}}