{"id":92721,"date":"2021-03-19T13:35:38","date_gmt":"2021-03-19T13:35:38","guid":{"rendered":"https:\/\/cernelic.hr\/katalog\/Bez%20kategorije\/eddy-maria-by-haworth-2\/"},"modified":"2023-12-08T03:43:57","modified_gmt":"2023-12-08T03:43:57","slug":"eddy-maria-by-haworth","status":"publish","type":"product","link":"https:\/\/cernelic.hr\/en\/proizvod\/eddy-maria-by-haworth\/","title":{"rendered":"EDDY-MARIA by Haworth"},"content":{"rendered":"<p>Uredski stolovi \u201eMaria\u201c spremno se prilago\u0111avaju Va\u0161im potrebama i omogu\u0107avaju Vam rad u stoje\u0107em ili sjede\u0107em polo\u017eaju, samima, ili s kolegom.<\/p>\n","protected":false},"excerpt":{"rendered":"<p>Uredski stolovi \u201eMaria\u201c spremno se prilago\u0111avaju Va\u0161im potrebama i omogu\u0107avaju Vam rad u stoje\u0107em ili sjede\u0107em polo\u017eaju, samima, ili s kolegom.<\/p>\n","protected":false},"featured_media":102575,"template":"","meta":{"_acf_changed":false},"product_brand":[],"product_cat":[2165,2085,2061,2068,2150,2174,2137,2073,2118,2132,2163,2092,2170],"product_tag":[],"berocket_brand":[528],"class_list":{"0":"post-92721","1":"product","2":"type-product","3":"status-publish","4":"has-post-thumbnail","6":"product_cat-proizvodi-namjestaj-za-urede-co-working-namjestaj","7":"product_cat-namjestaj-za-urede","8":"product_cat-proizvodi","9":"product_cat-prostori","10":"product_cat-prostori-rezidencijalni-namjestaj-za-kucni-ured","11":"product_cat-prostori-uredi-co-working-namjestaj","12":"product_cat-prostori-uredi-home-office","13":"product_cat-rezidencijalni","14":"product_cat-stolovi","15":"product_cat-proizvodi-stolovi-stolovi-za-kucni-ured","16":"product_cat-proizvodi-stolovi-stolovi-za-urede","17":"product_cat-uredi","18":"product_cat-proizvodi-namjestaj-za-urede-namjestaj","19":"berocket_brand-haworth","21":"first","22":"instock","23":"product-type-grouped"},"acf":[],"_links":{"self":[{"href":"https:\/\/cernelic.hr\/en\/wp-json\/wp\/v2\/product\/92721","targetHints":{"allow":["GET"]}}],"collection":[{"href":"https:\/\/cernelic.hr\/en\/wp-json\/wp\/v2\/product"}],"about":[{"href":"https:\/\/cernelic.hr\/en\/wp-json\/wp\/v2\/types\/product"}],"wp:featuredmedia":[{"embeddable":true,"href":"https:\/\/cernelic.hr\/en\/wp-json\/wp\/v2\/media\/102575"}],"wp:attachment":[{"href":"https:\/\/cernelic.hr\/en\/wp-json\/wp\/v2\/media?parent=92721"}],"wp:term":[{"taxonomy":"product_brand","embeddable":true,"href":"https:\/\/cernelic.hr\/en\/wp-json\/wp\/v2\/product_brand?post=92721"},{"taxonomy":"product_cat","embeddable":true,"href":"https:\/\/cernelic.hr\/en\/wp-json\/wp\/v2\/product_cat?post=92721"},{"taxonomy":"product_tag","embeddable":true,"href":"https:\/\/cernelic.hr\/en\/wp-json\/wp\/v2\/product_tag?post=92721"},{"taxonomy":"berocket_brand","embeddable":true,"href":"https:\/\/cernelic.hr\/en\/wp-json\/wp\/v2\/berocket_brand?post=92721"}],"curies":[{"name":"wp","href":"https:\/\/api.w.org\/{rel}","templated":true}]}}