{"id":92722,"date":"2021-03-19T13:35:38","date_gmt":"2021-03-19T13:35:38","guid":{"rendered":"https:\/\/cernelic.hr\/katalog\/Bez%20kategorije\/fern-by-haworth-2\/"},"modified":"2025-10-13T18:47:27","modified_gmt":"2025-10-13T18:47:27","slug":"fern-by-haworth","status":"publish","type":"product","link":"https:\/\/cernelic.hr\/en\/proizvod\/fern-by-haworth\/","title":{"rendered":"FERN by Haworth"},"content":{"rendered":"<p>\u201eFern\u201c uredska stolica je laka, prirodna i neoptere\u0107ena. Inspirirana prirodom, uskla\u0111ena je sa svakim Va\u0161im pokretom.<\/p>\n","protected":false},"excerpt":{"rendered":"<p>\u201eFern\u201c uredska stolica je laka, prirodna i neoptere\u0107ena. Inspirirana prirodom, uskla\u0111ena je sa svakim Va\u0161im pokretom.<\/p>\n","protected":false},"featured_media":68101,"template":"","meta":{"_acf_changed":false},"product_brand":[],"product_cat":[2085,2061,2068,2150,2153,2166,2152,2073,2087,2092],"product_tag":[],"berocket_brand":[528],"class_list":{"0":"post-92722","1":"product","2":"type-product","3":"status-publish","4":"has-post-thumbnail","6":"product_cat-namjestaj-za-urede","7":"product_cat-proizvodi","8":"product_cat-prostori","9":"product_cat-prostori-rezidencijalni-namjestaj-za-kucni-ured","10":"product_cat-prostori-uredi-radne-stolice","11":"product_cat-proizvodi-namjestaj-za-urede-radne-stolice","12":"product_cat-proizvodi-stolice-radne-stolice","13":"product_cat-rezidencijalni","14":"product_cat-stolice","15":"product_cat-uredi","16":"berocket_brand-haworth","18":"first","19":"instock","20":"product-type-grouped"},"acf":[],"_links":{"self":[{"href":"https:\/\/cernelic.hr\/en\/wp-json\/wp\/v2\/product\/92722","targetHints":{"allow":["GET"]}}],"collection":[{"href":"https:\/\/cernelic.hr\/en\/wp-json\/wp\/v2\/product"}],"about":[{"href":"https:\/\/cernelic.hr\/en\/wp-json\/wp\/v2\/types\/product"}],"wp:featuredmedia":[{"embeddable":true,"href":"https:\/\/cernelic.hr\/en\/wp-json\/wp\/v2\/media\/68101"}],"wp:attachment":[{"href":"https:\/\/cernelic.hr\/en\/wp-json\/wp\/v2\/media?parent=92722"}],"wp:term":[{"taxonomy":"product_brand","embeddable":true,"href":"https:\/\/cernelic.hr\/en\/wp-json\/wp\/v2\/product_brand?post=92722"},{"taxonomy":"product_cat","embeddable":true,"href":"https:\/\/cernelic.hr\/en\/wp-json\/wp\/v2\/product_cat?post=92722"},{"taxonomy":"product_tag","embeddable":true,"href":"https:\/\/cernelic.hr\/en\/wp-json\/wp\/v2\/product_tag?post=92722"},{"taxonomy":"berocket_brand","embeddable":true,"href":"https:\/\/cernelic.hr\/en\/wp-json\/wp\/v2\/berocket_brand?post=92722"}],"curies":[{"name":"wp","href":"https:\/\/api.w.org\/{rel}","templated":true}]}}