{"id":92724,"date":"2021-03-19T13:38:49","date_gmt":"2021-03-19T13:38:49","guid":{"rendered":"https:\/\/cernelic.hr\/katalog\/Bez%20kategorije\/hobo-by-haworth-2\/"},"modified":"2023-12-08T02:07:50","modified_gmt":"2023-12-08T02:07:50","slug":"hobo-by-haworth","status":"publish","type":"product","link":"https:\/\/cernelic.hr\/en\/proizvod\/hobo-by-haworth\/","title":{"rendered":"HOBO by Haworth"},"content":{"rendered":"<p>Hobovi jednostavni oblici lagano se uklapaju u svaki dizajn interijera. Zaobljeni pravokutnici \u010dine sjedala, naslone za ruke i le\u0111a. Tapeciran u jednoj ili dvije boje, podr\u017ean drvenim nogama u nizu zavr\u0161nih obrada, \u201eHobo\u201c je prepun prilagodljivih detalja. Zbog njegove modularnosti, vi\u0161e primjeraka mogu biti spojeni u razne konfiguracije kako bi oblikovali prostor prema Va\u0161im idejama za ure\u0111enje.<\/p>\n","protected":false},"excerpt":{"rendered":"<p>Hobovi jednostavni oblici lagano se uklapaju u svaki dizajn interijera. Zaobljeni pravokutnici \u010dine sjedala, naslone za ruke i le\u0111a. Tapeciran u jednoj ili dvije boje, podr\u017ean drvenim nogama u nizu zavr\u0161nih obrada, \u201eHobo\u201c je prepun prilagodljivih detalja. Zbog njegove modularnosti, vi\u0161e primjeraka mogu biti spojeni u razne konfiguracije kako bi oblikovali prostor prema Va\u0161im idejama [&hellip;]<\/p>\n","protected":false},"featured_media":68103,"template":"","meta":{"_acf_changed":false},"product_brand":[],"product_cat":[2111,2062,2105,2085,2061,2082,2086,2068,2117,2101,2108,2103,2094,2073,2092],"product_tag":[],"berocket_brand":[528],"class_list":{"0":"post-92724","1":"product","2":"type-product","3":"status-publish","4":"has-post-thumbnail","6":"product_cat-dvorane","7":"product_cat-fotelje-i-garniture-za-sjedenje","8":"product_cat-javni","9":"product_cat-namjestaj-za-urede","10":"product_cat-proizvodi","11":"product_cat-proizvodi-fotelje-garniture-fotelje-i-garniture-unutarnje-prostore","12":"product_cat-proizvodi-namjestaj-za-urede-fotelje-garniture-za-neformalne-sastanke","13":"product_cat-prostori","14":"product_cat-prostori-dvorane-fotelje-i-garniture-za-unutarnje-prostore","15":"product_cat-prostori-horeca-fotelje-i-garniture-za-unutarnje-prostore","16":"product_cat-prostori-javni-fotelje-i-garniture-za-unutarnje-prostore","17":"product_cat-prostori-rezidencijalni-fotelje-i-garniture-za-unutarnje-prostore","18":"product_cat-prostori-uredi-fotelje-i-garniture-za-sjedenje","19":"product_cat-rezidencijalni","20":"product_cat-uredi","21":"berocket_brand-haworth","23":"first","24":"instock","25":"product-type-grouped"},"acf":[],"_links":{"self":[{"href":"https:\/\/cernelic.hr\/en\/wp-json\/wp\/v2\/product\/92724","targetHints":{"allow":["GET"]}}],"collection":[{"href":"https:\/\/cernelic.hr\/en\/wp-json\/wp\/v2\/product"}],"about":[{"href":"https:\/\/cernelic.hr\/en\/wp-json\/wp\/v2\/types\/product"}],"wp:featuredmedia":[{"embeddable":true,"href":"https:\/\/cernelic.hr\/en\/wp-json\/wp\/v2\/media\/68103"}],"wp:attachment":[{"href":"https:\/\/cernelic.hr\/en\/wp-json\/wp\/v2\/media?parent=92724"}],"wp:term":[{"taxonomy":"product_brand","embeddable":true,"href":"https:\/\/cernelic.hr\/en\/wp-json\/wp\/v2\/product_brand?post=92724"},{"taxonomy":"product_cat","embeddable":true,"href":"https:\/\/cernelic.hr\/en\/wp-json\/wp\/v2\/product_cat?post=92724"},{"taxonomy":"product_tag","embeddable":true,"href":"https:\/\/cernelic.hr\/en\/wp-json\/wp\/v2\/product_tag?post=92724"},{"taxonomy":"berocket_brand","embeddable":true,"href":"https:\/\/cernelic.hr\/en\/wp-json\/wp\/v2\/berocket_brand?post=92724"}],"curies":[{"name":"wp","href":"https:\/\/api.w.org\/{rel}","templated":true}]}}