{"id":92725,"date":"2021-03-19T13:38:49","date_gmt":"2021-03-19T13:38:49","guid":{"rendered":"https:\/\/cernelic.hr\/katalog\/Bez%20kategorije\/immerse-by-haworth-2\/"},"modified":"2023-12-08T03:43:53","modified_gmt":"2023-12-08T03:43:53","slug":"immerse-by-haworth","status":"publish","type":"product","link":"https:\/\/cernelic.hr\/en\/proizvod\/immerse-by-haworth\/","title":{"rendered":"IMMERSE by Haworth"},"content":{"rendered":"<p>Kongresni stolovi \u201eImmerse\u201c stvaraju krajolik razli\u010ditih povr\u0161ina koje podr\u017eavaju zajedni\u010dki rad i privremenost sastanaka. Ovaj uredski namje\u0161taj nudi socijalno sredi\u0161te koje transformira evoluciju iskustva zajedni\u010dkog rada, dopu\u0161taju\u0107i interakcijama da se mijenjaju organski u svakom trenutku. Daju zabavnu i jedinstvenu osobnost zajedni\u010dkim prostorima \u2013 od konferencijskih soba do projektnih prostora, studija i blagovaonica.<\/p>\n","protected":false},"excerpt":{"rendered":"<p>Kongresni stolovi \u201eImmerse\u201c stvaraju krajolik razli\u010ditih povr\u0161ina koje podr\u017eavaju zajedni\u010dki rad i privremenost sastanaka. Ovaj uredski namje\u0161taj nudi socijalno sredi\u0161te koje transformira evoluciju iskustva zajedni\u010dkog rada, dopu\u0161taju\u0107i interakcijama da se mijenjaju organski u svakom trenutku. Daju zabavnu i jedinstvenu osobnost zajedni\u010dkim prostorima \u2013 od konferencijskih soba do projektnih prostora, studija i blagovaonica.<\/p>\n","protected":false},"featured_media":102573,"template":"","meta":{"_acf_changed":false},"product_brand":[],"product_cat":[2085,2061,2068,2150,2137,2148,2180,2073,2118,2132,2133,2163,2092,2170],"product_tag":[],"berocket_brand":[528],"class_list":{"0":"post-92725","1":"product","2":"type-product","3":"status-publish","4":"has-post-thumbnail","6":"product_cat-namjestaj-za-urede","7":"product_cat-proizvodi","8":"product_cat-prostori","9":"product_cat-prostori-rezidencijalni-namjestaj-za-kucni-ured","10":"product_cat-prostori-uredi-home-office","11":"product_cat-prostori-uredi-namjestaj-za-sastanke-i-konferencije","12":"product_cat-prostori-uredi-uredski-namjestaj","13":"product_cat-rezidencijalni","14":"product_cat-stolovi","15":"product_cat-proizvodi-stolovi-stolovi-za-kucni-ured","16":"product_cat-proizvodi-stolovi-stolovi-za-sastanke-i-konferencije","17":"product_cat-proizvodi-stolovi-stolovi-za-urede","18":"product_cat-uredi","19":"product_cat-proizvodi-namjestaj-za-urede-namjestaj","20":"berocket_brand-haworth","22":"first","23":"instock","24":"product-type-grouped"},"acf":[],"_links":{"self":[{"href":"https:\/\/cernelic.hr\/en\/wp-json\/wp\/v2\/product\/92725","targetHints":{"allow":["GET"]}}],"collection":[{"href":"https:\/\/cernelic.hr\/en\/wp-json\/wp\/v2\/product"}],"about":[{"href":"https:\/\/cernelic.hr\/en\/wp-json\/wp\/v2\/types\/product"}],"wp:featuredmedia":[{"embeddable":true,"href":"https:\/\/cernelic.hr\/en\/wp-json\/wp\/v2\/media\/102573"}],"wp:attachment":[{"href":"https:\/\/cernelic.hr\/en\/wp-json\/wp\/v2\/media?parent=92725"}],"wp:term":[{"taxonomy":"product_brand","embeddable":true,"href":"https:\/\/cernelic.hr\/en\/wp-json\/wp\/v2\/product_brand?post=92725"},{"taxonomy":"product_cat","embeddable":true,"href":"https:\/\/cernelic.hr\/en\/wp-json\/wp\/v2\/product_cat?post=92725"},{"taxonomy":"product_tag","embeddable":true,"href":"https:\/\/cernelic.hr\/en\/wp-json\/wp\/v2\/product_tag?post=92725"},{"taxonomy":"berocket_brand","embeddable":true,"href":"https:\/\/cernelic.hr\/en\/wp-json\/wp\/v2\/berocket_brand?post=92725"}],"curies":[{"name":"wp","href":"https:\/\/api.w.org\/{rel}","templated":true}]}}