{"id":92727,"date":"2021-03-19T13:38:49","date_gmt":"2021-03-19T13:38:49","guid":{"rendered":"https:\/\/cernelic.hr\/katalog\/Bez%20kategorije\/lively-by-haworth-2\/"},"modified":"2023-12-08T02:07:54","modified_gmt":"2023-12-08T02:07:54","slug":"lively-by-haworth","status":"publish","type":"product","link":"https:\/\/cernelic.hr\/en\/proizvod\/lively-by-haworth\/","title":{"rendered":"LIVELY by Haworth"},"content":{"rendered":"<p>\u201eLively\u201c donosi napredne karakteristike i jednostavnu estetiku ljudima odgovornima za obavljanje posla.<br \/>\nLively je vi\u0161e od udobne, dobro izgra\u0111ene stolice. To je tako\u0111er grubi dijamant. Tanak profil, devet razli\u010ditih boja i bezbroj mogu\u0107nosti tkanine zna\u010de da mo\u017eete odabrati vlastiti dizajn. Uklopite se ili se istaknite &#8211; Radna stolica i\/ili stolice za  posjetitelje odgovarat \u0107e va\u0161em stilu.<\/p>\n","protected":false},"excerpt":{"rendered":"<p>\u201eLively\u201c donosi napredne karakteristike i jednostavnu estetiku ljudima odgovornima za obavljanje posla. Lively je vi\u0161e od udobne, dobro izgra\u0111ene stolice. To je tako\u0111er grubi dijamant. Tanak profil, devet razli\u010ditih boja i bezbroj mogu\u0107nosti tkanine zna\u010de da mo\u017eete odabrati vlastiti dizajn. Uklopite se ili se istaknite &#8211; Radna stolica i\/ili stolice za posjetitelje odgovarat \u0107e va\u0161em [&hellip;]<\/p>\n","protected":false},"featured_media":68105,"template":"","meta":{"_acf_changed":false},"product_brand":[],"product_cat":[2111,2099,2105,2090,2085,2061,2068,2098,2164,2102,2100,2106,2109,2104,2137,2153,2093,2166,2152,2073,2087,2088,2089,2113,2091,2092],"product_tag":[],"berocket_brand":[528],"class_list":{"0":"post-92727","1":"product","2":"type-product","3":"status-publish","4":"has-post-thumbnail","6":"product_cat-dvorane","7":"product_cat-horeca-prostori-horeca","8":"product_cat-javni","9":"product_cat-proizvodi-stolice-stolice-za-sastanke","10":"product_cat-namjestaj-za-urede","11":"product_cat-proizvodi","12":"product_cat-prostori","13":"product_cat-prostori-horeca","14":"product_cat-prostori-dvorane-visenamjenske-i-pomicne-sjedalice-za-dvorane","15":"product_cat-prostori-horeca-stolice-za-kongresne-dvorane","16":"product_cat-prostori-horeca-stolice-za-unutarnje-prostore","17":"product_cat-prostori-javni-kongresne-stolice","18":"product_cat-prostori-javni-stolice-za-unutarnje-prostore","19":"product_cat-prostori-rezidencijalni-stolice-za-unutarnje-prostore","20":"product_cat-prostori-uredi-home-office","21":"product_cat-prostori-uredi-radne-stolice","22":"product_cat-prostori-uredi-stolice-za-sastanke","23":"product_cat-proizvodi-namjestaj-za-urede-radne-stolice","24":"product_cat-proizvodi-stolice-radne-stolice","25":"product_cat-rezidencijalni","26":"product_cat-stolice","27":"product_cat-proizvodi-stolice-stolice-za-cekaonice","28":"product_cat-proizvodi-stolice-stolice-za-kongresne-dvorane","29":"product_cat-proizvodi-namjestaj-za-urede-stolice-za-sastanke","30":"product_cat-proizvodi-stolice-stolice-za-unutarnje-prostore","31":"product_cat-uredi","32":"berocket_brand-haworth","34":"first","35":"instock","36":"product-type-grouped"},"acf":[],"_links":{"self":[{"href":"https:\/\/cernelic.hr\/en\/wp-json\/wp\/v2\/product\/92727","targetHints":{"allow":["GET"]}}],"collection":[{"href":"https:\/\/cernelic.hr\/en\/wp-json\/wp\/v2\/product"}],"about":[{"href":"https:\/\/cernelic.hr\/en\/wp-json\/wp\/v2\/types\/product"}],"wp:featuredmedia":[{"embeddable":true,"href":"https:\/\/cernelic.hr\/en\/wp-json\/wp\/v2\/media\/68105"}],"wp:attachment":[{"href":"https:\/\/cernelic.hr\/en\/wp-json\/wp\/v2\/media?parent=92727"}],"wp:term":[{"taxonomy":"product_brand","embeddable":true,"href":"https:\/\/cernelic.hr\/en\/wp-json\/wp\/v2\/product_brand?post=92727"},{"taxonomy":"product_cat","embeddable":true,"href":"https:\/\/cernelic.hr\/en\/wp-json\/wp\/v2\/product_cat?post=92727"},{"taxonomy":"product_tag","embeddable":true,"href":"https:\/\/cernelic.hr\/en\/wp-json\/wp\/v2\/product_tag?post=92727"},{"taxonomy":"berocket_brand","embeddable":true,"href":"https:\/\/cernelic.hr\/en\/wp-json\/wp\/v2\/berocket_brand?post=92727"}],"curies":[{"name":"wp","href":"https:\/\/api.w.org\/{rel}","templated":true}]}}