{"id":92730,"date":"2021-03-19T13:38:49","date_gmt":"2021-03-19T13:38:49","guid":{"rendered":"https:\/\/cernelic.hr\/katalog\/Bez%20kategorije\/meetyou-by-haworth-2\/"},"modified":"2023-12-08T03:43:59","modified_gmt":"2023-12-08T03:43:59","slug":"meetyou-by-haworth","status":"publish","type":"product","link":"https:\/\/cernelic.hr\/en\/proizvod\/meetyou-by-haworth\/","title":{"rendered":"MEETYOU by Haworth"},"content":{"rendered":"<p>\u201eMeetYou\u201c podr\u017eava komunikaciju okru\u017euju\u0107i korisnike s glatkim plo\u010dama prekrivenim tkaninom s jako malo vidljivih strukturalnih elemenata. Ove kvalitete stvaraju osje\u0107aj privatnosti i neformalne intimnosti.<\/p>\n","protected":false},"excerpt":{"rendered":"<p>\u201eMeetYou\u201c podr\u017eava komunikaciju okru\u017euju\u0107i korisnike s glatkim plo\u010dama prekrivenim tkaninom s jako malo vidljivih strukturalnih elemenata. Ove kvalitete stvaraju osje\u0107aj privatnosti i neformalne intimnosti.<\/p>\n","protected":false},"featured_media":102576,"template":"","meta":{"_acf_changed":false},"product_brand":[],"product_cat":[2238,2165,2111,2105,2085,2061,2239,2068,2243,2241,2242,2240,2174,2092],"product_tag":[],"berocket_brand":[528],"class_list":{"0":"post-92730","1":"product","2":"type-product","3":"status-publish","4":"has-post-thumbnail","6":"product_cat-akustika","7":"product_cat-proizvodi-namjestaj-za-urede-co-working-namjestaj","8":"product_cat-dvorane","9":"product_cat-javni","10":"product_cat-namjestaj-za-urede","11":"product_cat-proizvodi","12":"product_cat-proizvodi-akustika-tekstilni-zvukoupijajuci-paneli","13":"product_cat-prostori","14":"product_cat-prostori-dvorane-akustika","15":"product_cat-prostori-horeca-akustika","16":"product_cat-prostori-javni-akustika","17":"product_cat-prostori-uredi-akustika","18":"product_cat-prostori-uredi-co-working-namjestaj","19":"product_cat-uredi","20":"berocket_brand-haworth","22":"first","23":"instock","24":"product-type-grouped"},"acf":[],"_links":{"self":[{"href":"https:\/\/cernelic.hr\/en\/wp-json\/wp\/v2\/product\/92730","targetHints":{"allow":["GET"]}}],"collection":[{"href":"https:\/\/cernelic.hr\/en\/wp-json\/wp\/v2\/product"}],"about":[{"href":"https:\/\/cernelic.hr\/en\/wp-json\/wp\/v2\/types\/product"}],"wp:featuredmedia":[{"embeddable":true,"href":"https:\/\/cernelic.hr\/en\/wp-json\/wp\/v2\/media\/102576"}],"wp:attachment":[{"href":"https:\/\/cernelic.hr\/en\/wp-json\/wp\/v2\/media?parent=92730"}],"wp:term":[{"taxonomy":"product_brand","embeddable":true,"href":"https:\/\/cernelic.hr\/en\/wp-json\/wp\/v2\/product_brand?post=92730"},{"taxonomy":"product_cat","embeddable":true,"href":"https:\/\/cernelic.hr\/en\/wp-json\/wp\/v2\/product_cat?post=92730"},{"taxonomy":"product_tag","embeddable":true,"href":"https:\/\/cernelic.hr\/en\/wp-json\/wp\/v2\/product_tag?post=92730"},{"taxonomy":"berocket_brand","embeddable":true,"href":"https:\/\/cernelic.hr\/en\/wp-json\/wp\/v2\/berocket_brand?post=92730"}],"curies":[{"name":"wp","href":"https:\/\/api.w.org\/{rel}","templated":true}]}}