{"id":92731,"date":"2021-03-19T13:38:49","date_gmt":"2021-03-19T13:38:49","guid":{"rendered":"https:\/\/cernelic.hr\/katalog\/Bez%20kategorije\/oblong-by-haworth-2\/"},"modified":"2023-12-08T02:07:57","modified_gmt":"2023-12-08T02:07:57","slug":"oblong-by-haworth","status":"publish","type":"product","link":"https:\/\/cernelic.hr\/en\/proizvod\/oblong-by-haworth\/","title":{"rendered":"OBLONG by Haworth"},"content":{"rendered":"<p>Dizajniran za stambene i poslovne prostore, \u201eOblong\u201c je serija slobodno stoje\u0107ih i komponiranih sjedala Jaspera Morrisona koja nude mogu\u0107nost stvaranja personaliziranih, dvostranih formacija.<br \/>\n\u201eOblong\u201c kolekcija trosjeda pobolj\u0161ana je brojnim modulima koji mogu biti kori\u0161teni za beskrajne kompozicije \u010diji protagonist postaje igra boja.<br \/>\n\u201eOblong System\u201c Jaspera Morrisona podstavljen je vi\u0161eslojnom poliuretanskom pjenom i vlaknima, s uklonjivim navlakama u izabranim tkaninama i ko\u017eama kolekcije. Sjedalo je dostupno u vi\u0161e razli\u010ditih dubina i \u0161irina; krajnji primjerak dostupan je sa ili bez naslona za ruke.<\/p>\n","protected":false},"excerpt":{"rendered":"<p>Dizajniran za stambene i poslovne prostore, \u201eOblong\u201c je serija slobodno stoje\u0107ih i komponiranih sjedala Jaspera Morrisona koja nude mogu\u0107nost stvaranja personaliziranih, dvostranih formacija. \u201eOblong\u201c kolekcija trosjeda pobolj\u0161ana je brojnim modulima koji mogu biti kori\u0161teni za beskrajne kompozicije \u010diji protagonist postaje igra boja. \u201eOblong System\u201c Jaspera Morrisona podstavljen je vi\u0161eslojnom poliuretanskom pjenom i vlaknima, s uklonjivim [&hellip;]<\/p>\n","protected":false},"featured_media":68107,"template":"","meta":{"_acf_changed":false},"product_brand":[],"product_cat":[2111,2062,2105,2085,2061,2083,2082,2122,2086,2068,2117,2101,2108,2103,2094,2073,2092],"product_tag":[],"berocket_brand":[528],"class_list":{"0":"post-92731","1":"product","2":"type-product","3":"status-publish","4":"has-post-thumbnail","6":"product_cat-dvorane","7":"product_cat-fotelje-i-garniture-za-sjedenje","8":"product_cat-javni","9":"product_cat-namjestaj-za-urede","10":"product_cat-proizvodi","11":"product_cat-proizvodi-fotelje-garniture-fotelje-i-garniture-za-cekaone-i-predprostore","12":"product_cat-proizvodi-fotelje-garniture-fotelje-i-garniture-unutarnje-prostore","13":"product_cat-proizvodi-fotelje-garniture-taburei","14":"product_cat-proizvodi-namjestaj-za-urede-fotelje-garniture-za-neformalne-sastanke","15":"product_cat-prostori","16":"product_cat-prostori-dvorane-fotelje-i-garniture-za-unutarnje-prostore","17":"product_cat-prostori-horeca-fotelje-i-garniture-za-unutarnje-prostore","18":"product_cat-prostori-javni-fotelje-i-garniture-za-unutarnje-prostore","19":"product_cat-prostori-rezidencijalni-fotelje-i-garniture-za-unutarnje-prostore","20":"product_cat-prostori-uredi-fotelje-i-garniture-za-sjedenje","21":"product_cat-rezidencijalni","22":"product_cat-uredi","23":"berocket_brand-haworth","25":"first","26":"instock","27":"product-type-grouped"},"acf":[],"_links":{"self":[{"href":"https:\/\/cernelic.hr\/en\/wp-json\/wp\/v2\/product\/92731","targetHints":{"allow":["GET"]}}],"collection":[{"href":"https:\/\/cernelic.hr\/en\/wp-json\/wp\/v2\/product"}],"about":[{"href":"https:\/\/cernelic.hr\/en\/wp-json\/wp\/v2\/types\/product"}],"wp:featuredmedia":[{"embeddable":true,"href":"https:\/\/cernelic.hr\/en\/wp-json\/wp\/v2\/media\/68107"}],"wp:attachment":[{"href":"https:\/\/cernelic.hr\/en\/wp-json\/wp\/v2\/media?parent=92731"}],"wp:term":[{"taxonomy":"product_brand","embeddable":true,"href":"https:\/\/cernelic.hr\/en\/wp-json\/wp\/v2\/product_brand?post=92731"},{"taxonomy":"product_cat","embeddable":true,"href":"https:\/\/cernelic.hr\/en\/wp-json\/wp\/v2\/product_cat?post=92731"},{"taxonomy":"product_tag","embeddable":true,"href":"https:\/\/cernelic.hr\/en\/wp-json\/wp\/v2\/product_tag?post=92731"},{"taxonomy":"berocket_brand","embeddable":true,"href":"https:\/\/cernelic.hr\/en\/wp-json\/wp\/v2\/berocket_brand?post=92731"}],"curies":[{"name":"wp","href":"https:\/\/api.w.org\/{rel}","templated":true}]}}