{"id":92732,"date":"2021-03-19T13:38:49","date_gmt":"2021-03-19T13:38:49","guid":{"rendered":"https:\/\/cernelic.hr\/katalog\/Bez%20kategorije\/openest-by-haworth-2\/"},"modified":"2023-12-08T02:07:59","modified_gmt":"2023-12-08T02:07:59","slug":"openest-by-haworth","status":"publish","type":"product","link":"https:\/\/cernelic.hr\/en\/proizvod\/openest-by-haworth\/","title":{"rendered":"OPENEST by Haworth"},"content":{"rendered":"<p>Oblikovan od strane Patricije Urquiole i Hawortha, \u201eOpenest\u201c salonski namje\u0161taj \u010dini vezu izme\u0111u neo\u010dekivanog i poznatog \u2013 donose\u0107i uo\u010dljivo novu perspektivu radnom krajoliku.<\/p>\n","protected":false},"excerpt":{"rendered":"<p>Oblikovan od strane Patricije Urquiole i Hawortha, \u201eOpenest\u201c salonski namje\u0161taj \u010dini vezu izme\u0111u neo\u010dekivanog i poznatog \u2013 donose\u0107i uo\u010dljivo novu perspektivu radnom krajoliku.<\/p>\n","protected":false},"featured_media":68108,"template":"","meta":{"_acf_changed":false},"product_brand":[],"product_cat":[2111,2062,2105,2085,2119,2061,2083,2082,2127,2122,2086,2068,2117,2101,2129,2138,2108,2140,2103,2121,2094,2073,2118,2092],"product_tag":[],"berocket_brand":[528],"class_list":{"0":"post-92732","1":"product","2":"type-product","3":"status-publish","4":"has-post-thumbnail","6":"product_cat-dvorane","7":"product_cat-fotelje-i-garniture-za-sjedenje","8":"product_cat-javni","9":"product_cat-namjestaj-za-urede","10":"product_cat-proizvodi-stolovi-niski-stolovi-za-unutarnje-prostore","11":"product_cat-proizvodi","12":"product_cat-proizvodi-fotelje-garniture-fotelje-i-garniture-za-cekaone-i-predprostore","13":"product_cat-proizvodi-fotelje-garniture-fotelje-i-garniture-unutarnje-prostore","14":"product_cat-proizvodi-fotelje-garniture-klupe-i-separei","15":"product_cat-proizvodi-fotelje-garniture-taburei","16":"product_cat-proizvodi-namjestaj-za-urede-fotelje-garniture-za-neformalne-sastanke","17":"product_cat-prostori","18":"product_cat-prostori-dvorane-fotelje-i-garniture-za-unutarnje-prostore","19":"product_cat-prostori-horeca-fotelje-i-garniture-za-unutarnje-prostore","20":"product_cat-prostori-horeca-klupe-i-separei","21":"product_cat-prostori-horeca-stolovi-za-unutarnje-prostore","22":"product_cat-prostori-javni-fotelje-i-garniture-za-unutarnje-prostore","23":"product_cat-prostori-javni-stolovi-za-unutarnje-prostore","24":"product_cat-prostori-rezidencijalni-fotelje-i-garniture-za-unutarnje-prostore","25":"product_cat-prostori-rezidencijalni-niski-klubski-stolici-za-unutarnje-prostore","26":"product_cat-prostori-uredi-fotelje-i-garniture-za-sjedenje","27":"product_cat-rezidencijalni","28":"product_cat-stolovi","29":"product_cat-uredi","30":"berocket_brand-haworth","32":"first","33":"instock","34":"product-type-grouped"},"acf":[],"_links":{"self":[{"href":"https:\/\/cernelic.hr\/en\/wp-json\/wp\/v2\/product\/92732","targetHints":{"allow":["GET"]}}],"collection":[{"href":"https:\/\/cernelic.hr\/en\/wp-json\/wp\/v2\/product"}],"about":[{"href":"https:\/\/cernelic.hr\/en\/wp-json\/wp\/v2\/types\/product"}],"wp:featuredmedia":[{"embeddable":true,"href":"https:\/\/cernelic.hr\/en\/wp-json\/wp\/v2\/media\/68108"}],"wp:attachment":[{"href":"https:\/\/cernelic.hr\/en\/wp-json\/wp\/v2\/media?parent=92732"}],"wp:term":[{"taxonomy":"product_brand","embeddable":true,"href":"https:\/\/cernelic.hr\/en\/wp-json\/wp\/v2\/product_brand?post=92732"},{"taxonomy":"product_cat","embeddable":true,"href":"https:\/\/cernelic.hr\/en\/wp-json\/wp\/v2\/product_cat?post=92732"},{"taxonomy":"product_tag","embeddable":true,"href":"https:\/\/cernelic.hr\/en\/wp-json\/wp\/v2\/product_tag?post=92732"},{"taxonomy":"berocket_brand","embeddable":true,"href":"https:\/\/cernelic.hr\/en\/wp-json\/wp\/v2\/berocket_brand?post=92732"}],"curies":[{"name":"wp","href":"https:\/\/api.w.org\/{rel}","templated":true}]}}