{"id":92733,"date":"2021-03-19T13:38:49","date_gmt":"2021-03-19T13:38:49","guid":{"rendered":"https:\/\/cernelic.hr\/katalog\/Bez%20kategorije\/openest-plume-by-haworth-2\/"},"modified":"2023-12-08T03:44:01","modified_gmt":"2023-12-08T03:44:01","slug":"openest-plume-by-haworth","status":"publish","type":"product","link":"https:\/\/cernelic.hr\/en\/proizvod\/openest-plume-by-haworth\/","title":{"rendered":"OPENEST PLUME by Haworth"},"content":{"rendered":"<p>\u201eOpenest Plume\u201c stijenke slobodno su stoje\u0107i zasloni sa zavr\u0161nom obradom od meke tkanine. Zasloni su pa\u017eljivo zaobljeni kako bi omek\u0161ali salonski prostor i prigu\u0161ili zvukove, tako stvaraju\u0107i miran prostor i osje\u0107aj privatnosti. \u201ePlume\u201c zaokru\u017euje ostatak \u201eOpenest\u201c kolekcije oblikuju\u0107i udoban prostor za zajedni\u010dki rad.<\/p>\n","protected":false},"excerpt":{"rendered":"<p>\u201eOpenest Plume\u201c stijenke slobodno su stoje\u0107i zasloni sa zavr\u0161nom obradom od meke tkanine. Zasloni su pa\u017eljivo zaobljeni kako bi omek\u0161ali salonski prostor i prigu\u0161ili zvukove, tako stvaraju\u0107i miran prostor i osje\u0107aj privatnosti. \u201ePlume\u201c zaokru\u017euje ostatak \u201eOpenest\u201c kolekcije oblikuju\u0107i udoban prostor za zajedni\u010dki rad.<\/p>\n","protected":false},"featured_media":102577,"template":"","meta":{"_acf_changed":false},"product_brand":[],"product_cat":[2514,2238,2111,2061,2244,2239,2068,2243,2241,2240,2092],"product_tag":[],"berocket_brand":[528],"class_list":{"0":"post-92733","1":"product","2":"type-product","3":"status-publish","4":"has-post-thumbnail","6":"product_cat-accessories","7":"product_cat-akustika","8":"product_cat-dvorane","9":"product_cat-proizvodi","10":"product_cat-proizvodi-accessories-akusticni-paneli","11":"product_cat-proizvodi-akustika-tekstilni-zvukoupijajuci-paneli","12":"product_cat-prostori","13":"product_cat-prostori-dvorane-akustika","14":"product_cat-prostori-horeca-akustika","15":"product_cat-prostori-uredi-akustika","16":"product_cat-uredi","17":"berocket_brand-haworth","19":"first","20":"instock","21":"product-type-grouped"},"acf":[],"_links":{"self":[{"href":"https:\/\/cernelic.hr\/en\/wp-json\/wp\/v2\/product\/92733","targetHints":{"allow":["GET"]}}],"collection":[{"href":"https:\/\/cernelic.hr\/en\/wp-json\/wp\/v2\/product"}],"about":[{"href":"https:\/\/cernelic.hr\/en\/wp-json\/wp\/v2\/types\/product"}],"wp:featuredmedia":[{"embeddable":true,"href":"https:\/\/cernelic.hr\/en\/wp-json\/wp\/v2\/media\/102577"}],"wp:attachment":[{"href":"https:\/\/cernelic.hr\/en\/wp-json\/wp\/v2\/media?parent=92733"}],"wp:term":[{"taxonomy":"product_brand","embeddable":true,"href":"https:\/\/cernelic.hr\/en\/wp-json\/wp\/v2\/product_brand?post=92733"},{"taxonomy":"product_cat","embeddable":true,"href":"https:\/\/cernelic.hr\/en\/wp-json\/wp\/v2\/product_cat?post=92733"},{"taxonomy":"product_tag","embeddable":true,"href":"https:\/\/cernelic.hr\/en\/wp-json\/wp\/v2\/product_tag?post=92733"},{"taxonomy":"berocket_brand","embeddable":true,"href":"https:\/\/cernelic.hr\/en\/wp-json\/wp\/v2\/berocket_brand?post=92733"}],"curies":[{"name":"wp","href":"https:\/\/api.w.org\/{rel}","templated":true}]}}