{"id":92734,"date":"2021-03-19T13:38:49","date_gmt":"2021-03-19T13:38:49","guid":{"rendered":"https:\/\/cernelic.hr\/katalog\/Bez%20kategorije\/peg-by-haworth-2\/"},"modified":"2023-12-08T02:08:01","modified_gmt":"2023-12-08T02:08:01","slug":"peg-by-haworth","status":"publish","type":"product","link":"https:\/\/cernelic.hr\/en\/proizvod\/peg-by-haworth\/","title":{"rendered":"PEG by Haworth"},"content":{"rendered":"<p>Zaobljeni stolac i naslonja\u010d, inspirirani gradskim automobilima u Milanu.<br \/>\nStolica je prilago\u0111ena recepcijama posjetitelja i prostorima za sastanke.<br \/>\nTako\u0111er niski, zaobljeni naslonja\u010d, idealan je za dnevni boravak ili konferencijske sobe s mekim sjedalom.<\/p>\n","protected":false},"excerpt":{"rendered":"<p>Zaobljeni stolac i naslonja\u010d, inspirirani gradskim automobilima u Milanu. Stolica je prilago\u0111ena recepcijama posjetitelja i prostorima za sastanke. Tako\u0111er niski, zaobljeni naslonja\u010d, idealan je za dnevni boravak ili konferencijske sobe s mekim sjedalom.<\/p>\n","protected":false},"featured_media":68109,"template":"","meta":{"_acf_changed":false},"product_brand":[],"product_cat":[2099,2105,2061,2098,2068,2100,2109,2104,2073,2087,2091],"product_tag":[],"berocket_brand":[528],"class_list":{"0":"post-92734","1":"product","2":"type-product","3":"status-publish","4":"has-post-thumbnail","6":"product_cat-horeca-prostori-horeca","7":"product_cat-javni","8":"product_cat-proizvodi","9":"product_cat-prostori-horeca","10":"product_cat-prostori","11":"product_cat-prostori-horeca-stolice-za-unutarnje-prostore","12":"product_cat-prostori-javni-stolice-za-unutarnje-prostore","13":"product_cat-prostori-rezidencijalni-stolice-za-unutarnje-prostore","14":"product_cat-rezidencijalni","15":"product_cat-stolice","16":"product_cat-proizvodi-stolice-stolice-za-unutarnje-prostore","17":"berocket_brand-haworth","19":"first","20":"instock","21":"product-type-grouped"},"acf":[],"_links":{"self":[{"href":"https:\/\/cernelic.hr\/en\/wp-json\/wp\/v2\/product\/92734","targetHints":{"allow":["GET"]}}],"collection":[{"href":"https:\/\/cernelic.hr\/en\/wp-json\/wp\/v2\/product"}],"about":[{"href":"https:\/\/cernelic.hr\/en\/wp-json\/wp\/v2\/types\/product"}],"wp:featuredmedia":[{"embeddable":true,"href":"https:\/\/cernelic.hr\/en\/wp-json\/wp\/v2\/media\/68109"}],"wp:attachment":[{"href":"https:\/\/cernelic.hr\/en\/wp-json\/wp\/v2\/media?parent=92734"}],"wp:term":[{"taxonomy":"product_brand","embeddable":true,"href":"https:\/\/cernelic.hr\/en\/wp-json\/wp\/v2\/product_brand?post=92734"},{"taxonomy":"product_cat","embeddable":true,"href":"https:\/\/cernelic.hr\/en\/wp-json\/wp\/v2\/product_cat?post=92734"},{"taxonomy":"product_tag","embeddable":true,"href":"https:\/\/cernelic.hr\/en\/wp-json\/wp\/v2\/product_tag?post=92734"},{"taxonomy":"berocket_brand","embeddable":true,"href":"https:\/\/cernelic.hr\/en\/wp-json\/wp\/v2\/berocket_brand?post=92734"}],"curies":[{"name":"wp","href":"https:\/\/api.w.org\/{rel}","templated":true}]}}