{"id":92736,"date":"2021-03-19T13:38:49","date_gmt":"2021-03-19T13:38:49","guid":{"rendered":"https:\/\/cernelic.hr\/katalog\/Bez%20kategorije\/poppy-by-haworth-2\/"},"modified":"2023-12-08T02:08:04","modified_gmt":"2023-12-08T02:08:04","slug":"poppy-by-haworth","status":"publish","type":"product","link":"https:\/\/cernelic.hr\/en\/proizvod\/poppy-by-haworth\/","title":{"rendered":"POPPY by Haworth"},"content":{"rendered":"<p>Haworth je na ovoj suvremenoj salonskoj stolici sura\u0111ivao s dizajnericom Patriciom Urquiolom. \u201ePoppy\u201c, meka salonska stolica obgrljena jastucima, donosi toplinu ku\u0107nog namje\u0161taja u uredski prostor. Mo\u017ee biti kori\u0161tena u konferencijskim sobama, u \u010dekaonicama, \u010dak i kao uredska stolica.<\/p>\n","protected":false},"excerpt":{"rendered":"<p>Haworth je na ovoj suvremenoj salonskoj stolici sura\u0111ivao s dizajnericom Patriciom Urquiolom. \u201ePoppy\u201c, meka salonska stolica obgrljena jastucima, donosi toplinu ku\u0107nog namje\u0161taja u uredski prostor. Mo\u017ee biti kori\u0161tena u konferencijskim sobama, u \u010dekaonicama, \u010dak i kao uredska stolica.<\/p>\n","protected":false},"featured_media":68111,"template":"","meta":{"_acf_changed":false},"product_brand":[],"product_cat":[2062,2099,2105,2090,2085,2061,2082,2086,2098,2068,2101,2100,2108,2109,2103,2150,2104,2094,2137,2093,2166,2152,2073,2087,2113,2091,2092],"product_tag":[],"berocket_brand":[528],"class_list":{"0":"post-92736","1":"product","2":"type-product","3":"status-publish","4":"has-post-thumbnail","6":"product_cat-fotelje-i-garniture-za-sjedenje","7":"product_cat-horeca-prostori-horeca","8":"product_cat-javni","9":"product_cat-proizvodi-stolice-stolice-za-sastanke","10":"product_cat-namjestaj-za-urede","11":"product_cat-proizvodi","12":"product_cat-proizvodi-fotelje-garniture-fotelje-i-garniture-unutarnje-prostore","13":"product_cat-proizvodi-namjestaj-za-urede-fotelje-garniture-za-neformalne-sastanke","14":"product_cat-prostori-horeca","15":"product_cat-prostori","16":"product_cat-prostori-horeca-fotelje-i-garniture-za-unutarnje-prostore","17":"product_cat-prostori-horeca-stolice-za-unutarnje-prostore","18":"product_cat-prostori-javni-fotelje-i-garniture-za-unutarnje-prostore","19":"product_cat-prostori-javni-stolice-za-unutarnje-prostore","20":"product_cat-prostori-rezidencijalni-fotelje-i-garniture-za-unutarnje-prostore","21":"product_cat-prostori-rezidencijalni-namjestaj-za-kucni-ured","22":"product_cat-prostori-rezidencijalni-stolice-za-unutarnje-prostore","23":"product_cat-prostori-uredi-fotelje-i-garniture-za-sjedenje","24":"product_cat-prostori-uredi-home-office","25":"product_cat-prostori-uredi-stolice-za-sastanke","26":"product_cat-proizvodi-namjestaj-za-urede-radne-stolice","27":"product_cat-proizvodi-stolice-radne-stolice","28":"product_cat-rezidencijalni","29":"product_cat-stolice","30":"product_cat-proizvodi-namjestaj-za-urede-stolice-za-sastanke","31":"product_cat-proizvodi-stolice-stolice-za-unutarnje-prostore","32":"product_cat-uredi","33":"berocket_brand-haworth","35":"first","36":"instock","37":"product-type-grouped"},"acf":[],"_links":{"self":[{"href":"https:\/\/cernelic.hr\/en\/wp-json\/wp\/v2\/product\/92736","targetHints":{"allow":["GET"]}}],"collection":[{"href":"https:\/\/cernelic.hr\/en\/wp-json\/wp\/v2\/product"}],"about":[{"href":"https:\/\/cernelic.hr\/en\/wp-json\/wp\/v2\/types\/product"}],"wp:featuredmedia":[{"embeddable":true,"href":"https:\/\/cernelic.hr\/en\/wp-json\/wp\/v2\/media\/68111"}],"wp:attachment":[{"href":"https:\/\/cernelic.hr\/en\/wp-json\/wp\/v2\/media?parent=92736"}],"wp:term":[{"taxonomy":"product_brand","embeddable":true,"href":"https:\/\/cernelic.hr\/en\/wp-json\/wp\/v2\/product_brand?post=92736"},{"taxonomy":"product_cat","embeddable":true,"href":"https:\/\/cernelic.hr\/en\/wp-json\/wp\/v2\/product_cat?post=92736"},{"taxonomy":"product_tag","embeddable":true,"href":"https:\/\/cernelic.hr\/en\/wp-json\/wp\/v2\/product_tag?post=92736"},{"taxonomy":"berocket_brand","embeddable":true,"href":"https:\/\/cernelic.hr\/en\/wp-json\/wp\/v2\/berocket_brand?post=92736"}],"curies":[{"name":"wp","href":"https:\/\/api.w.org\/{rel}","templated":true}]}}