{"id":92742,"date":"2021-03-19T13:38:49","date_gmt":"2021-03-19T13:38:49","guid":{"rendered":"https:\/\/cernelic.hr\/katalog\/Bez%20kategorije\/tulip-by-haworth-2\/"},"modified":"2023-12-08T02:08:16","modified_gmt":"2023-12-08T02:08:16","slug":"tulip-by-haworth","status":"publish","type":"product","link":"https:\/\/cernelic.hr\/en\/proizvod\/tulip-by-haworth\/","title":{"rendered":"TULIP by Haworth"},"content":{"rendered":"<p>Akusti\u010dni naslonja\u010d! Jedan je pogled dovoljan da razumijete \u0161to je inspiriralo ovu svje\u017eu i veselu reinterpretaciju klasi\u010dne fotelje.  Kod Wandersove \u201eTulip\u201c stolice,  visoki bokovi i naslon za le\u0111a svinuti su poput latica kako bi stvorili vizualnu i akusti\u010dnu privatnost u otvorenim prostorima \u2013 savr\u0161eno za telefonske razgovore ili interakcije jedan na jedan. Glume\u0107i stabiljku, okretna baza daje podr\u0161ku. Dostupno je tapeciranje u ko\u017ei, umjetnoj ko\u017ei ili tkanini. Stolica koja je udobna i privatna u isto vrijeme!<\/p>\n","protected":false},"excerpt":{"rendered":"<p>Akusti\u010dni naslonja\u010d! Jedan je pogled dovoljan da razumijete \u0161to je inspiriralo ovu svje\u017eu i veselu reinterpretaciju klasi\u010dne fotelje. Kod Wandersove \u201eTulip\u201c stolice, visoki bokovi i naslon za le\u0111a svinuti su poput latica kako bi stvorili vizualnu i akusti\u010dnu privatnost u otvorenim prostorima \u2013 savr\u0161eno za telefonske razgovore ili interakcije jedan na jedan. Glume\u0107i stabiljku, okretna [&hellip;]<\/p>\n","protected":false},"featured_media":68119,"template":"","meta":{"_acf_changed":false},"product_brand":[],"product_cat":[2111,2062,2105,2085,2061,2083,2082,2086,2068,2117,2101,2108,2103,2094,2073,2092],"product_tag":[],"berocket_brand":[528],"class_list":{"0":"post-92742","1":"product","2":"type-product","3":"status-publish","4":"has-post-thumbnail","6":"product_cat-dvorane","7":"product_cat-fotelje-i-garniture-za-sjedenje","8":"product_cat-javni","9":"product_cat-namjestaj-za-urede","10":"product_cat-proizvodi","11":"product_cat-proizvodi-fotelje-garniture-fotelje-i-garniture-za-cekaone-i-predprostore","12":"product_cat-proizvodi-fotelje-garniture-fotelje-i-garniture-unutarnje-prostore","13":"product_cat-proizvodi-namjestaj-za-urede-fotelje-garniture-za-neformalne-sastanke","14":"product_cat-prostori","15":"product_cat-prostori-dvorane-fotelje-i-garniture-za-unutarnje-prostore","16":"product_cat-prostori-horeca-fotelje-i-garniture-za-unutarnje-prostore","17":"product_cat-prostori-javni-fotelje-i-garniture-za-unutarnje-prostore","18":"product_cat-prostori-rezidencijalni-fotelje-i-garniture-za-unutarnje-prostore","19":"product_cat-prostori-uredi-fotelje-i-garniture-za-sjedenje","20":"product_cat-rezidencijalni","21":"product_cat-uredi","22":"berocket_brand-haworth","24":"first","25":"instock","26":"product-type-grouped"},"acf":[],"_links":{"self":[{"href":"https:\/\/cernelic.hr\/en\/wp-json\/wp\/v2\/product\/92742","targetHints":{"allow":["GET"]}}],"collection":[{"href":"https:\/\/cernelic.hr\/en\/wp-json\/wp\/v2\/product"}],"about":[{"href":"https:\/\/cernelic.hr\/en\/wp-json\/wp\/v2\/types\/product"}],"wp:featuredmedia":[{"embeddable":true,"href":"https:\/\/cernelic.hr\/en\/wp-json\/wp\/v2\/media\/68119"}],"wp:attachment":[{"href":"https:\/\/cernelic.hr\/en\/wp-json\/wp\/v2\/media?parent=92742"}],"wp:term":[{"taxonomy":"product_brand","embeddable":true,"href":"https:\/\/cernelic.hr\/en\/wp-json\/wp\/v2\/product_brand?post=92742"},{"taxonomy":"product_cat","embeddable":true,"href":"https:\/\/cernelic.hr\/en\/wp-json\/wp\/v2\/product_cat?post=92742"},{"taxonomy":"product_tag","embeddable":true,"href":"https:\/\/cernelic.hr\/en\/wp-json\/wp\/v2\/product_tag?post=92742"},{"taxonomy":"berocket_brand","embeddable":true,"href":"https:\/\/cernelic.hr\/en\/wp-json\/wp\/v2\/berocket_brand?post=92742"}],"curies":[{"name":"wp","href":"https:\/\/api.w.org\/{rel}","templated":true}]}}