{"id":92744,"date":"2021-03-19T13:42:03","date_gmt":"2021-03-19T13:42:03","guid":{"rendered":"https:\/\/cernelic.hr\/katalog\/Bez%20kategorije\/very-by-haworth-2\/"},"modified":"2023-12-08T03:44:05","modified_gmt":"2023-12-08T03:44:05","slug":"very-by-haworth","status":"publish","type":"product","link":"https:\/\/cernelic.hr\/en\/proizvod\/very-by-haworth\/","title":{"rendered":"VERY by Haworth"},"content":{"rendered":"<p>Glavne karakteristike \u201eVery\u201c stolice jesu njena univerzalna privla\u010dnost, \u0161irok raspon primjena, visoka mogu\u0107nost recikliranja i fantasti\u010dna lepeza boja.<br \/>\nS modelima i opcijama za podr\u017eavanje razli\u010ditih zadataka i potreba za suradnjom, \u201eVery\u201c radi na postizanju dosljednosti u cijeloj organizaciji. Sa stolicama savr\u0161enim za kutne urede, konferencije, kafeterije, medicinske centre, u\u010dionice &#8211; i sve izme\u0111u njih \u2013 \u201eVery\u201c mo\u017ee raditi u \u0161irokom rasponu okru\u017eenja. Stolice su izra\u0111ene od recikliranog sadr\u017eaja i nude visoki stupanj recikliranja na kraju vijeka trajanja.<\/p>\n","protected":false},"excerpt":{"rendered":"<p>Glavne karakteristike \u201eVery\u201c stolice jesu njena univerzalna privla\u010dnost, \u0161irok raspon primjena, visoka mogu\u0107nost recikliranja i fantasti\u010dna lepeza boja. S modelima i opcijama za podr\u017eavanje razli\u010ditih zadataka i potreba za suradnjom, \u201eVery\u201c radi na postizanju dosljednosti u cijeloj organizaciji. Sa stolicama savr\u0161enim za kutne urede, konferencije, kafeterije, medicinske centre, u\u010dionice &#8211; i sve izme\u0111u njih \u2013 [&hellip;]<\/p>\n","protected":false},"featured_media":102582,"template":"","meta":{"_acf_changed":false},"product_brand":[],"product_cat":[2111,2099,2105,2090,2085,2061,2098,2068,2164,2102,2100,2109,2150,2104,2137,2093,2073,2087,2089,2113,2091,2092],"product_tag":[],"berocket_brand":[528],"class_list":{"0":"post-92744","1":"product","2":"type-product","3":"status-publish","4":"has-post-thumbnail","6":"product_cat-dvorane","7":"product_cat-horeca-prostori-horeca","8":"product_cat-javni","9":"product_cat-proizvodi-stolice-stolice-za-sastanke","10":"product_cat-namjestaj-za-urede","11":"product_cat-proizvodi","12":"product_cat-prostori-horeca","13":"product_cat-prostori","14":"product_cat-prostori-dvorane-visenamjenske-i-pomicne-sjedalice-za-dvorane","15":"product_cat-prostori-horeca-stolice-za-kongresne-dvorane","16":"product_cat-prostori-horeca-stolice-za-unutarnje-prostore","17":"product_cat-prostori-javni-stolice-za-unutarnje-prostore","18":"product_cat-prostori-rezidencijalni-namjestaj-za-kucni-ured","19":"product_cat-prostori-rezidencijalni-stolice-za-unutarnje-prostore","20":"product_cat-prostori-uredi-home-office","21":"product_cat-prostori-uredi-stolice-za-sastanke","22":"product_cat-rezidencijalni","23":"product_cat-stolice","24":"product_cat-proizvodi-stolice-stolice-za-kongresne-dvorane","25":"product_cat-proizvodi-namjestaj-za-urede-stolice-za-sastanke","26":"product_cat-proizvodi-stolice-stolice-za-unutarnje-prostore","27":"product_cat-uredi","28":"berocket_brand-haworth","30":"first","31":"instock","32":"product-type-grouped"},"acf":[],"_links":{"self":[{"href":"https:\/\/cernelic.hr\/en\/wp-json\/wp\/v2\/product\/92744","targetHints":{"allow":["GET"]}}],"collection":[{"href":"https:\/\/cernelic.hr\/en\/wp-json\/wp\/v2\/product"}],"about":[{"href":"https:\/\/cernelic.hr\/en\/wp-json\/wp\/v2\/types\/product"}],"wp:featuredmedia":[{"embeddable":true,"href":"https:\/\/cernelic.hr\/en\/wp-json\/wp\/v2\/media\/102582"}],"wp:attachment":[{"href":"https:\/\/cernelic.hr\/en\/wp-json\/wp\/v2\/media?parent=92744"}],"wp:term":[{"taxonomy":"product_brand","embeddable":true,"href":"https:\/\/cernelic.hr\/en\/wp-json\/wp\/v2\/product_brand?post=92744"},{"taxonomy":"product_cat","embeddable":true,"href":"https:\/\/cernelic.hr\/en\/wp-json\/wp\/v2\/product_cat?post=92744"},{"taxonomy":"product_tag","embeddable":true,"href":"https:\/\/cernelic.hr\/en\/wp-json\/wp\/v2\/product_tag?post=92744"},{"taxonomy":"berocket_brand","embeddable":true,"href":"https:\/\/cernelic.hr\/en\/wp-json\/wp\/v2\/berocket_brand?post=92744"}],"curies":[{"name":"wp","href":"https:\/\/api.w.org\/{rel}","templated":true}]}}