{"id":92746,"date":"2021-03-19T13:42:03","date_gmt":"2021-03-19T13:42:03","guid":{"rendered":"https:\/\/cernelic.hr\/katalog\/Bez%20kategorije\/zody-by-haworth-2\/"},"modified":"2023-12-08T02:08:48","modified_gmt":"2023-12-08T02:08:48","slug":"zody-by-haworth","status":"publish","type":"product","link":"https:\/\/cernelic.hr\/en\/proizvod\/zody-by-haworth\/","title":{"rendered":"ZODY by Haworth"},"content":{"rendered":"<p>Radna stolica visokih performansi, \u201eZody\u201c spaja ugodu i udobnost temeljene na znanosti s odr\u017eivo\u0161\u0107u i svjetskim dizajnom. Pogodna je za 24satno sjedenje!<br \/>\nDanas se u svijetu koristi vi\u0161e od tri milijuna stolica Zody! <\/p>\n","protected":false},"excerpt":{"rendered":"<p>Radna stolica visokih performansi, \u201eZody\u201c spaja ugodu i udobnost temeljene na znanosti s odr\u017eivo\u0161\u0107u i svjetskim dizajnom. Pogodna je za 24satno sjedenje! Danas se u svijetu koristi vi\u0161e od tri milijuna stolica Zody!<\/p>\n","protected":false},"featured_media":68122,"template":"","meta":{"_acf_changed":false},"product_brand":[],"product_cat":[2111,2099,2105,2090,2085,2061,2068,2098,2164,2102,2100,2109,2150,2104,2137,2153,2093,2166,2152,2073,2087,2088,2089,2113,2091,2092],"product_tag":[],"berocket_brand":[528],"class_list":{"0":"post-92746","1":"product","2":"type-product","3":"status-publish","4":"has-post-thumbnail","6":"product_cat-dvorane","7":"product_cat-horeca-prostori-horeca","8":"product_cat-javni","9":"product_cat-proizvodi-stolice-stolice-za-sastanke","10":"product_cat-namjestaj-za-urede","11":"product_cat-proizvodi","12":"product_cat-prostori","13":"product_cat-prostori-horeca","14":"product_cat-prostori-dvorane-visenamjenske-i-pomicne-sjedalice-za-dvorane","15":"product_cat-prostori-horeca-stolice-za-kongresne-dvorane","16":"product_cat-prostori-horeca-stolice-za-unutarnje-prostore","17":"product_cat-prostori-javni-stolice-za-unutarnje-prostore","18":"product_cat-prostori-rezidencijalni-namjestaj-za-kucni-ured","19":"product_cat-prostori-rezidencijalni-stolice-za-unutarnje-prostore","20":"product_cat-prostori-uredi-home-office","21":"product_cat-prostori-uredi-radne-stolice","22":"product_cat-prostori-uredi-stolice-za-sastanke","23":"product_cat-proizvodi-namjestaj-za-urede-radne-stolice","24":"product_cat-proizvodi-stolice-radne-stolice","25":"product_cat-rezidencijalni","26":"product_cat-stolice","27":"product_cat-proizvodi-stolice-stolice-za-cekaonice","28":"product_cat-proizvodi-stolice-stolice-za-kongresne-dvorane","29":"product_cat-proizvodi-namjestaj-za-urede-stolice-za-sastanke","30":"product_cat-proizvodi-stolice-stolice-za-unutarnje-prostore","31":"product_cat-uredi","32":"berocket_brand-haworth","34":"first","35":"instock","36":"product-type-grouped"},"acf":[],"_links":{"self":[{"href":"https:\/\/cernelic.hr\/en\/wp-json\/wp\/v2\/product\/92746","targetHints":{"allow":["GET"]}}],"collection":[{"href":"https:\/\/cernelic.hr\/en\/wp-json\/wp\/v2\/product"}],"about":[{"href":"https:\/\/cernelic.hr\/en\/wp-json\/wp\/v2\/types\/product"}],"wp:featuredmedia":[{"embeddable":true,"href":"https:\/\/cernelic.hr\/en\/wp-json\/wp\/v2\/media\/68122"}],"wp:attachment":[{"href":"https:\/\/cernelic.hr\/en\/wp-json\/wp\/v2\/media?parent=92746"}],"wp:term":[{"taxonomy":"product_brand","embeddable":true,"href":"https:\/\/cernelic.hr\/en\/wp-json\/wp\/v2\/product_brand?post=92746"},{"taxonomy":"product_cat","embeddable":true,"href":"https:\/\/cernelic.hr\/en\/wp-json\/wp\/v2\/product_cat?post=92746"},{"taxonomy":"product_tag","embeddable":true,"href":"https:\/\/cernelic.hr\/en\/wp-json\/wp\/v2\/product_tag?post=92746"},{"taxonomy":"berocket_brand","embeddable":true,"href":"https:\/\/cernelic.hr\/en\/wp-json\/wp\/v2\/berocket_brand?post=92746"}],"curies":[{"name":"wp","href":"https:\/\/api.w.org\/{rel}","templated":true}]}}