{"id":92748,"date":"2021-03-19T13:42:03","date_gmt":"2021-03-19T13:42:03","guid":{"rendered":"https:\/\/cernelic.hr\/katalog\/Bez%20kategorije\/athena-by-las-2\/"},"modified":"2023-12-07T15:57:14","modified_gmt":"2023-12-07T15:57:14","slug":"athena-by-las","status":"publish","type":"product","link":"https:\/\/cernelic.hr\/en\/proizvod\/athena-by-las\/","title":{"rendered":"ATHENA by LAS"},"content":{"rendered":"<p>\u201eAthena\u201c ima sna\u017ean i moderan dizajn. Zahvaljuju\u0107i njenim ravnim linijama, razli\u010ditim debljinama i proporcijama ova stolica zaista se isti\u010de me\u0111u ostalim \u201eexecutive\u201c kolekcijama.<br \/>\nVerzija s novim dizajnom naslona za le\u0111a, pobolj\u0161ava osobnost naslonja\u010da i zaokru\u017euje kolekciju s konzistentnim i stylish kombinacijama.<\/p>\n","protected":false},"excerpt":{"rendered":"<p>\u201eAthena\u201c ima sna\u017ean i moderan dizajn. Zahvaljuju\u0107i njenim ravnim linijama, razli\u010ditim debljinama i proporcijama ova stolica zaista se isti\u010de me\u0111u ostalim \u201eexecutive\u201c kolekcijama. Verzija s novim dizajnom naslona za le\u0111a, pobolj\u0161ava osobnost naslonja\u010da i zaokru\u017euje kolekciju s konzistentnim i stylish kombinacijama.<\/p>\n","protected":false},"featured_media":41612,"template":"","meta":{"_acf_changed":false},"product_brand":[],"product_cat":[2099,2105,2090,2085,2061,2098,2068,2100,2109,2104,2137,2153,2093,2152,2166,2073,2087,2088,2113,2092],"product_tag":[],"berocket_brand":[1260],"class_list":{"0":"post-92748","1":"product","2":"type-product","3":"status-publish","4":"has-post-thumbnail","6":"product_cat-horeca-prostori-horeca","7":"product_cat-javni","8":"product_cat-proizvodi-stolice-stolice-za-sastanke","9":"product_cat-namjestaj-za-urede","10":"product_cat-proizvodi","11":"product_cat-prostori-horeca","12":"product_cat-prostori","13":"product_cat-prostori-horeca-stolice-za-unutarnje-prostore","14":"product_cat-prostori-javni-stolice-za-unutarnje-prostore","15":"product_cat-prostori-rezidencijalni-stolice-za-unutarnje-prostore","16":"product_cat-prostori-uredi-home-office","17":"product_cat-prostori-uredi-radne-stolice","18":"product_cat-prostori-uredi-stolice-za-sastanke","19":"product_cat-proizvodi-stolice-radne-stolice","20":"product_cat-proizvodi-namjestaj-za-urede-radne-stolice","21":"product_cat-rezidencijalni","22":"product_cat-stolice","23":"product_cat-proizvodi-stolice-stolice-za-cekaonice","24":"product_cat-proizvodi-namjestaj-za-urede-stolice-za-sastanke","25":"product_cat-uredi","26":"berocket_brand-las","28":"first","29":"instock","30":"product-type-grouped"},"acf":[],"_links":{"self":[{"href":"https:\/\/cernelic.hr\/en\/wp-json\/wp\/v2\/product\/92748","targetHints":{"allow":["GET"]}}],"collection":[{"href":"https:\/\/cernelic.hr\/en\/wp-json\/wp\/v2\/product"}],"about":[{"href":"https:\/\/cernelic.hr\/en\/wp-json\/wp\/v2\/types\/product"}],"wp:featuredmedia":[{"embeddable":true,"href":"https:\/\/cernelic.hr\/en\/wp-json\/wp\/v2\/media\/41612"}],"wp:attachment":[{"href":"https:\/\/cernelic.hr\/en\/wp-json\/wp\/v2\/media?parent=92748"}],"wp:term":[{"taxonomy":"product_brand","embeddable":true,"href":"https:\/\/cernelic.hr\/en\/wp-json\/wp\/v2\/product_brand?post=92748"},{"taxonomy":"product_cat","embeddable":true,"href":"https:\/\/cernelic.hr\/en\/wp-json\/wp\/v2\/product_cat?post=92748"},{"taxonomy":"product_tag","embeddable":true,"href":"https:\/\/cernelic.hr\/en\/wp-json\/wp\/v2\/product_tag?post=92748"},{"taxonomy":"berocket_brand","embeddable":true,"href":"https:\/\/cernelic.hr\/en\/wp-json\/wp\/v2\/berocket_brand?post=92748"}],"curies":[{"name":"wp","href":"https:\/\/api.w.org\/{rel}","templated":true}]}}