{"id":92750,"date":"2021-03-19T13:42:03","date_gmt":"2021-03-19T13:42:03","guid":{"rendered":"https:\/\/cernelic.hr\/katalog\/Bez%20kategorije\/coffee-tables-by-las-2\/"},"modified":"2023-12-07T15:57:38","modified_gmt":"2023-12-07T15:57:38","slug":"coffee-tables-by-las","status":"publish","type":"product","link":"https:\/\/cernelic.hr\/en\/proizvod\/coffee-tables-by-las\/","title":{"rendered":"COFFEE TABLES by LAS"},"content":{"rendered":"<p>Servisni stolovi za \u010dekaonice, s drvenim ili metalnim povr\u0161inskim strukturama. Kvadratne ili pravokutne, okrugle povr\u0161ine od stakla, metala ili drva.<\/p>\n","protected":false},"excerpt":{"rendered":"<p>Servisni stolovi za \u010dekaonice, s drvenim ili metalnim povr\u0161inskim strukturama. Kvadratne ili pravokutne, okrugle povr\u0161ine od stakla, metala ili drva.<\/p>\n","protected":false},"featured_media":41618,"template":"","meta":{"_acf_changed":false},"product_brand":[],"product_cat":[2165,2105,2085,2119,2061,2068,2138,2140,2121,2174,2095,2096,2073,2118,2092],"product_tag":[],"berocket_brand":[1260],"class_list":{"0":"post-92750","1":"product","2":"type-product","3":"status-publish","4":"has-post-thumbnail","6":"product_cat-proizvodi-namjestaj-za-urede-co-working-namjestaj","7":"product_cat-javni","8":"product_cat-namjestaj-za-urede","9":"product_cat-proizvodi-stolovi-niski-stolovi-za-unutarnje-prostore","10":"product_cat-proizvodi","11":"product_cat-prostori","12":"product_cat-prostori-horeca-stolovi-za-unutarnje-prostore","13":"product_cat-prostori-javni-stolovi-za-unutarnje-prostore","14":"product_cat-prostori-rezidencijalni-niski-klubski-stolici-za-unutarnje-prostore","15":"product_cat-prostori-uredi-co-working-namjestaj","16":"product_cat-prostori-uredi-namjestaj-za-neformalne-sastanke-i-druzenje","17":"product_cat-prostori-uredi-namjestaj-za-predprostore-i-cekaone","18":"product_cat-rezidencijalni","19":"product_cat-stolovi","20":"product_cat-uredi","21":"berocket_brand-las","23":"first","24":"instock","25":"product-type-grouped"},"acf":[],"_links":{"self":[{"href":"https:\/\/cernelic.hr\/en\/wp-json\/wp\/v2\/product\/92750","targetHints":{"allow":["GET"]}}],"collection":[{"href":"https:\/\/cernelic.hr\/en\/wp-json\/wp\/v2\/product"}],"about":[{"href":"https:\/\/cernelic.hr\/en\/wp-json\/wp\/v2\/types\/product"}],"wp:featuredmedia":[{"embeddable":true,"href":"https:\/\/cernelic.hr\/en\/wp-json\/wp\/v2\/media\/41618"}],"wp:attachment":[{"href":"https:\/\/cernelic.hr\/en\/wp-json\/wp\/v2\/media?parent=92750"}],"wp:term":[{"taxonomy":"product_brand","embeddable":true,"href":"https:\/\/cernelic.hr\/en\/wp-json\/wp\/v2\/product_brand?post=92750"},{"taxonomy":"product_cat","embeddable":true,"href":"https:\/\/cernelic.hr\/en\/wp-json\/wp\/v2\/product_cat?post=92750"},{"taxonomy":"product_tag","embeddable":true,"href":"https:\/\/cernelic.hr\/en\/wp-json\/wp\/v2\/product_tag?post=92750"},{"taxonomy":"berocket_brand","embeddable":true,"href":"https:\/\/cernelic.hr\/en\/wp-json\/wp\/v2\/berocket_brand?post=92750"}],"curies":[{"name":"wp","href":"https:\/\/api.w.org\/{rel}","templated":true}]}}