{"id":92752,"date":"2021-03-19T13:42:03","date_gmt":"2021-03-19T13:42:03","guid":{"rendered":"https:\/\/cernelic.hr\/katalog\/Bez%20kategorije\/delta-evo-by-las-2\/"},"modified":"2023-12-07T15:57:42","modified_gmt":"2023-12-07T15:57:42","slug":"delta-evo-by-las","status":"publish","type":"product","link":"https:\/\/cernelic.hr\/en\/proizvod\/delta-evo-by-las\/","title":{"rendered":"DELTA EVO by LAS"},"content":{"rendered":"<p>Svestran i racionalan, \u201eDelta\u201c je novi Las Mobili sistem, opremljen sa svim potrebnim elementima za izniman ali i potpuno funkcionalan uredski namje\u0161taj. Stolovi i ekstenzije, stolovi za sobe za sastanke, niski stolovi, kabineti i pregrade: kompletan asortiman rje\u0161enja kako bi ispunili potrebe ba\u0161 svakog prostora, koliko god on bio malen.<\/p>\n","protected":false},"excerpt":{"rendered":"<p>Svestran i racionalan, \u201eDelta\u201c je novi Las Mobili sistem, opremljen sa svim potrebnim elementima za izniman ali i potpuno funkcionalan uredski namje\u0161taj. Stolovi i ekstenzije, stolovi za sobe za sastanke, niski stolovi, kabineti i pregrade: kompletan asortiman rje\u0161enja kako bi ispunili potrebe ba\u0161 svakog prostora, koliko god on bio malen.<\/p>\n","protected":false},"featured_media":41622,"template":"","meta":{"_acf_changed":false},"product_brand":[],"product_cat":[2235,2514,2105,2085,2171,2061,2196,2247,2172,2245,2177,2237,2068,2149,2123,2179,2183,2151,2150,2248,2174,2137,2095,2178,2096,2148,2180,2073,2118,2132,2133,2163,2092,2170],"product_tag":[],"berocket_brand":[1260],"class_list":{"0":"post-92752","1":"product","2":"type-product","3":"status-publish","4":"has-post-thumbnail","6":"product_cat-proizvodi-namjestaj-za-urede-accessories","7":"product_cat-accessories","8":"product_cat-javni","9":"product_cat-namjestaj-za-urede","10":"product_cat-ormari-i-komode","11":"product_cat-proizvodi","12":"product_cat-proizvodi-accessories-accessories-za-unutarnje-prostore","13":"product_cat-proizvodi-ormari-i-komode-garderobni-ormari","14":"product_cat-proizvodi-ormari-i-komode-komode","15":"product_cat-proizvodi-ormari-i-komode-ladicari","16":"product_cat-proizvodi-ormari-i-komode-police-i-regali","17":"product_cat-proizvodi-ormari-i-komode-uredski-ormari","18":"product_cat-prostori","19":"product_cat-prostori-horeca-namjestaj-za-sastanke-i-konferencije","20":"product_cat-prostori-javni-namjestaj-za-cekaonice","21":"product_cat-prostori-javni-namjestaj-za-knjiznice","22":"product_cat-prostori-javni-namjestaj-za-predavaone","23":"product_cat-prostori-javni-namjestaj-za-sastanke-i-konferencije","24":"product_cat-prostori-rezidencijalni-namjestaj-za-kucni-ured","25":"product_cat-prostori-uredi-arhive-i-garderobe","26":"product_cat-prostori-uredi-co-working-namjestaj","27":"product_cat-prostori-uredi-home-office","28":"product_cat-prostori-uredi-namjestaj-za-neformalne-sastanke-i-druzenje","29":"product_cat-prostori-uredi-namjestaj-za-odlaganje-i-arhiviranje-ormari","30":"product_cat-prostori-uredi-namjestaj-za-predprostore-i-cekaone","31":"product_cat-prostori-uredi-namjestaj-za-sastanke-i-konferencije","32":"product_cat-prostori-uredi-uredski-namjestaj","33":"product_cat-rezidencijalni","34":"product_cat-stolovi","35":"product_cat-proizvodi-stolovi-stolovi-za-kucni-ured","36":"product_cat-proizvodi-stolovi-stolovi-za-sastanke-i-konferencije","37":"product_cat-proizvodi-stolovi-stolovi-za-urede","38":"product_cat-uredi","39":"product_cat-proizvodi-namjestaj-za-urede-namjestaj","40":"berocket_brand-las","42":"first","43":"instock","44":"product-type-grouped"},"acf":[],"_links":{"self":[{"href":"https:\/\/cernelic.hr\/en\/wp-json\/wp\/v2\/product\/92752","targetHints":{"allow":["GET"]}}],"collection":[{"href":"https:\/\/cernelic.hr\/en\/wp-json\/wp\/v2\/product"}],"about":[{"href":"https:\/\/cernelic.hr\/en\/wp-json\/wp\/v2\/types\/product"}],"wp:featuredmedia":[{"embeddable":true,"href":"https:\/\/cernelic.hr\/en\/wp-json\/wp\/v2\/media\/41622"}],"wp:attachment":[{"href":"https:\/\/cernelic.hr\/en\/wp-json\/wp\/v2\/media?parent=92752"}],"wp:term":[{"taxonomy":"product_brand","embeddable":true,"href":"https:\/\/cernelic.hr\/en\/wp-json\/wp\/v2\/product_brand?post=92752"},{"taxonomy":"product_cat","embeddable":true,"href":"https:\/\/cernelic.hr\/en\/wp-json\/wp\/v2\/product_cat?post=92752"},{"taxonomy":"product_tag","embeddable":true,"href":"https:\/\/cernelic.hr\/en\/wp-json\/wp\/v2\/product_tag?post=92752"},{"taxonomy":"berocket_brand","embeddable":true,"href":"https:\/\/cernelic.hr\/en\/wp-json\/wp\/v2\/berocket_brand?post=92752"}],"curies":[{"name":"wp","href":"https:\/\/api.w.org\/{rel}","templated":true}]}}