{"id":92756,"date":"2021-03-19T13:42:03","date_gmt":"2021-03-19T13:42:03","guid":{"rendered":"https:\/\/cernelic.hr\/katalog\/Bez%20kategorije\/eos-by-las-2\/"},"modified":"2023-12-08T13:20:17","modified_gmt":"2023-12-08T13:20:17","slug":"eos-by-las","status":"publish","type":"product","link":"https:\/\/cernelic.hr\/en\/proizvod\/eos-by-las\/","title":{"rendered":"EOS by LAS"},"content":{"rendered":"<p>Va\u017enost ure\u0111enja Va\u0161eg radnog prostora, svjesnost dr\u017eanja svega \u0161to trebate oko Vas, davanje pravog prostora Va\u0161im ambicijama. Udobnost i logika, gdje ni\u0161ta nije prepu\u0161teno slu\u010daju. U \u201eE.O.S.\u201c-u prona\u0107i \u0107ete sve \u0161to trebate. Luksuzni stolovi, oboga\u0107eni materijalima najvi\u0161e kvalitete. Geometrijske forme izra\u017eavaju minimalisti\u010dki, ali stylish dizajn. Fiksirane police, preklapaju\u0107i rubovi, \u201eEOS\u201c uredi igraju na kartu presti\u017ea otkrivenog u linijama i perspektivama sna\u017enog vizualnog dojma. <\/p>\n","protected":false},"excerpt":{"rendered":"<p>Va\u017enost ure\u0111enja Va\u0161eg radnog prostora, svjesnost dr\u017eanja svega \u0161to trebate oko Vas, davanje pravog prostora Va\u0161im ambicijama. Udobnost i logika, gdje ni\u0161ta nije prepu\u0161teno slu\u010daju. U \u201eE.O.S.\u201c-u prona\u0107i \u0107ete sve \u0161to trebate. Luksuzni stolovi, oboga\u0107eni materijalima najvi\u0161e kvalitete. Geometrijske forme izra\u017eavaju minimalisti\u010dki, ali stylish dizajn. Fiksirane police, preklapaju\u0107i rubovi, \u201eEOS\u201c uredi igraju na kartu presti\u017ea [&hellip;]<\/p>\n","protected":false},"featured_media":130985,"template":"","meta":{"_acf_changed":false},"product_brand":[],"product_cat":[2234,2105,2085,2119,2171,2061,2247,2172,2245,2177,2237,2068,2149,2151,2150,2248,2137,2178,2148,2180,2073,2118,2132,2133,2163,2092,2170],"product_tag":[],"berocket_brand":[1260],"class_list":{"0":"post-92756","1":"product","2":"type-product","3":"status-publish","4":"has-post-thumbnail","6":"product_cat-proizvodi-stolovi-akusticne-i-zastitne-pregrade-za-stolove","7":"product_cat-javni","8":"product_cat-namjestaj-za-urede","9":"product_cat-proizvodi-stolovi-niski-stolovi-za-unutarnje-prostore","10":"product_cat-ormari-i-komode","11":"product_cat-proizvodi","12":"product_cat-proizvodi-ormari-i-komode-garderobni-ormari","13":"product_cat-proizvodi-ormari-i-komode-komode","14":"product_cat-proizvodi-ormari-i-komode-ladicari","15":"product_cat-proizvodi-ormari-i-komode-police-i-regali","16":"product_cat-proizvodi-ormari-i-komode-uredski-ormari","17":"product_cat-prostori","18":"product_cat-prostori-horeca-namjestaj-za-sastanke-i-konferencije","19":"product_cat-prostori-javni-namjestaj-za-sastanke-i-konferencije","20":"product_cat-prostori-rezidencijalni-namjestaj-za-kucni-ured","21":"product_cat-prostori-uredi-arhive-i-garderobe","22":"product_cat-prostori-uredi-home-office","23":"product_cat-prostori-uredi-namjestaj-za-odlaganje-i-arhiviranje-ormari","24":"product_cat-prostori-uredi-namjestaj-za-sastanke-i-konferencije","25":"product_cat-prostori-uredi-uredski-namjestaj","26":"product_cat-rezidencijalni","27":"product_cat-stolovi","28":"product_cat-proizvodi-stolovi-stolovi-za-kucni-ured","29":"product_cat-proizvodi-stolovi-stolovi-za-sastanke-i-konferencije","30":"product_cat-proizvodi-stolovi-stolovi-za-urede","31":"product_cat-uredi","32":"product_cat-proizvodi-namjestaj-za-urede-namjestaj","33":"berocket_brand-las","35":"first","36":"instock","37":"product-type-grouped"},"acf":[],"_links":{"self":[{"href":"https:\/\/cernelic.hr\/en\/wp-json\/wp\/v2\/product\/92756","targetHints":{"allow":["GET"]}}],"collection":[{"href":"https:\/\/cernelic.hr\/en\/wp-json\/wp\/v2\/product"}],"about":[{"href":"https:\/\/cernelic.hr\/en\/wp-json\/wp\/v2\/types\/product"}],"wp:featuredmedia":[{"embeddable":true,"href":"https:\/\/cernelic.hr\/en\/wp-json\/wp\/v2\/media\/130985"}],"wp:attachment":[{"href":"https:\/\/cernelic.hr\/en\/wp-json\/wp\/v2\/media?parent=92756"}],"wp:term":[{"taxonomy":"product_brand","embeddable":true,"href":"https:\/\/cernelic.hr\/en\/wp-json\/wp\/v2\/product_brand?post=92756"},{"taxonomy":"product_cat","embeddable":true,"href":"https:\/\/cernelic.hr\/en\/wp-json\/wp\/v2\/product_cat?post=92756"},{"taxonomy":"product_tag","embeddable":true,"href":"https:\/\/cernelic.hr\/en\/wp-json\/wp\/v2\/product_tag?post=92756"},{"taxonomy":"berocket_brand","embeddable":true,"href":"https:\/\/cernelic.hr\/en\/wp-json\/wp\/v2\/berocket_brand?post=92756"}],"curies":[{"name":"wp","href":"https:\/\/api.w.org\/{rel}","templated":true}]}}