{"id":92757,"date":"2021-03-19T13:42:03","date_gmt":"2021-03-19T13:42:03","guid":{"rendered":"https:\/\/cernelic.hr\/katalog\/Bez%20kategorije\/flags-by-las-2\/"},"modified":"2023-12-07T15:57:59","modified_gmt":"2023-12-07T15:57:59","slug":"flags-by-las","status":"publish","type":"product","link":"https:\/\/cernelic.hr\/en\/proizvod\/flags-by-las\/","title":{"rendered":"FLAGS by LAS"},"content":{"rendered":"<p>Integrirani sustav topova plo\u010da, sjedala i akusti\u010dnih pregrada koje ispunjavaju zahtjeve modernih uredskih poslova. Inovativna dizajnerska rje\u0161enja u kojima se sastanci, rad na ra\u010dunalu, pauze i \u010dekanja odvijaju u privatnim i izvedbenim prostorima.<br \/>\nTradicionalne radne jedinice postaju kutci rezervirani za vrlo visoku apsorpciju zvuka.<br \/>\nRadna mjesta postaju otoci koncentracije udaljeni od kaoti\u010dnih i prepunih prostora. Akusti\u010dne pregrade sa zavr\u0161nom obradom od tkanine osiguravaju korisnicima potpunu za\u0161titu.<br \/>\nOperacijski otoci dostupni u raznim konfiguracijama kako biste mogli raditi udobno sjede\u0107i ili u stoje\u0107em polo\u017eaju. Uredi, knji\u017enice, \u010dekaonice mijenjaju svoj oblik i funkciju.<br \/>\nMonokromatski ili dvobojni naslonja\u010di i trosjedi na kojima, zahvaljuju\u0107i satelitskim stolovima, udobnost i funkcionalnost pronalaze savr\u0161eni su\u017eivot.<br \/>\nIndividualni ili grupirani pufovi koji krase prostore za \u010dekanje s udobno\u0161\u0107u i elegancijom. Kvadratni i pravokutni servisni stolovi, dostupni u dvije visine, kako bi mogli stvoriti savr\u0161ene kompozicije u prostorima za odmor.<\/p>\n","protected":false},"excerpt":{"rendered":"<p>Integrirani sustav topova plo\u010da, sjedala i akusti\u010dnih pregrada koje ispunjavaju zahtjeve modernih uredskih poslova. Inovativna dizajnerska rje\u0161enja u kojima se sastanci, rad na ra\u010dunalu, pauze i \u010dekanja odvijaju u privatnim i izvedbenim prostorima. Tradicionalne radne jedinice postaju kutci rezervirani za vrlo visoku apsorpciju zvuka. Radna mjesta postaju otoci koncentracije udaljeni od kaoti\u010dnih i prepunih prostora. [&hellip;]<\/p>\n","protected":false},"featured_media":41634,"template":"","meta":{"_acf_changed":false},"product_brand":[],"product_cat":[2235,2514,2238,2165,2062,2105,2085,2119,2061,2196,2244,2131,2239,2083,2082,2122,2086,2068,2208,2108,2123,2230,2174,2094,2095,2096,2246,2118,2092],"product_tag":[],"berocket_brand":[1260],"class_list":{"0":"post-92757","1":"product","2":"type-product","3":"status-publish","4":"has-post-thumbnail","6":"product_cat-proizvodi-namjestaj-za-urede-accessories","7":"product_cat-accessories","8":"product_cat-akustika","9":"product_cat-proizvodi-namjestaj-za-urede-co-working-namjestaj","10":"product_cat-fotelje-i-garniture-za-sjedenje","11":"product_cat-javni","12":"product_cat-namjestaj-za-urede","13":"product_cat-proizvodi-stolovi-niski-stolovi-za-unutarnje-prostore","14":"product_cat-proizvodi","15":"product_cat-proizvodi-accessories-accessories-za-unutarnje-prostore","16":"product_cat-proizvodi-accessories-akusticni-paneli","17":"product_cat-proizvodi-accessories-elektrifikacija-i-cable-management","18":"product_cat-proizvodi-akustika-tekstilni-zvukoupijajuci-paneli","19":"product_cat-proizvodi-fotelje-garniture-fotelje-i-garniture-za-cekaone-i-predprostore","20":"product_cat-proizvodi-fotelje-garniture-fotelje-i-garniture-unutarnje-prostore","21":"product_cat-proizvodi-fotelje-garniture-taburei","22":"product_cat-proizvodi-namjestaj-za-urede-fotelje-garniture-za-neformalne-sastanke","23":"product_cat-prostori","24":"product_cat-prostori-javni-accessories","25":"product_cat-prostori-javni-fotelje-i-garniture-za-unutarnje-prostore","26":"product_cat-prostori-javni-namjestaj-za-cekaonice","27":"product_cat-prostori-uredi-accessories","28":"product_cat-prostori-uredi-co-working-namjestaj","29":"product_cat-prostori-uredi-fotelje-i-garniture-za-sjedenje","30":"product_cat-prostori-uredi-namjestaj-za-neformalne-sastanke-i-druzenje","31":"product_cat-prostori-uredi-namjestaj-za-predprostore-i-cekaone","32":"product_cat-prostori-uredi-sustavi-za-elektrifikaciju-i-cable-management","33":"product_cat-stolovi","34":"product_cat-uredi","35":"berocket_brand-las","37":"first","38":"instock","39":"product-type-grouped"},"acf":[],"_links":{"self":[{"href":"https:\/\/cernelic.hr\/en\/wp-json\/wp\/v2\/product\/92757","targetHints":{"allow":["GET"]}}],"collection":[{"href":"https:\/\/cernelic.hr\/en\/wp-json\/wp\/v2\/product"}],"about":[{"href":"https:\/\/cernelic.hr\/en\/wp-json\/wp\/v2\/types\/product"}],"wp:featuredmedia":[{"embeddable":true,"href":"https:\/\/cernelic.hr\/en\/wp-json\/wp\/v2\/media\/41634"}],"wp:attachment":[{"href":"https:\/\/cernelic.hr\/en\/wp-json\/wp\/v2\/media?parent=92757"}],"wp:term":[{"taxonomy":"product_brand","embeddable":true,"href":"https:\/\/cernelic.hr\/en\/wp-json\/wp\/v2\/product_brand?post=92757"},{"taxonomy":"product_cat","embeddable":true,"href":"https:\/\/cernelic.hr\/en\/wp-json\/wp\/v2\/product_cat?post=92757"},{"taxonomy":"product_tag","embeddable":true,"href":"https:\/\/cernelic.hr\/en\/wp-json\/wp\/v2\/product_tag?post=92757"},{"taxonomy":"berocket_brand","embeddable":true,"href":"https:\/\/cernelic.hr\/en\/wp-json\/wp\/v2\/berocket_brand?post=92757"}],"curies":[{"name":"wp","href":"https:\/\/api.w.org\/{rel}","templated":true}]}}