{"id":92762,"date":"2021-03-19T13:42:03","date_gmt":"2021-03-19T13:42:03","guid":{"rendered":"https:\/\/cernelic.hr\/katalog\/Bez%20kategorije\/iulio-by-las-2\/"},"modified":"2023-12-07T15:58:21","modified_gmt":"2023-12-07T15:58:21","slug":"iulio-by-las","status":"publish","type":"product","link":"https:\/\/cernelic.hr\/en\/proizvod\/iulio-by-las\/","title":{"rendered":"IULIO by LAS"},"content":{"rendered":"<p>\u201eIulio\u201c, Las proizvod koji sadr\u017ei meke, prirodne oblike, s osnovnim linijama koje nose lako\u0107u i eleganciju.<br \/>\nKompletan asortiman radnih stolova, stolova za sastanke, niskih stolova, jedinica za skladi\u0161tenje i ormara, napravljeni za sofisticirani i moderni uredski prostor. <\/p>\n","protected":false},"excerpt":{"rendered":"<p>\u201eIulio\u201c, Las proizvod koji sadr\u017ei meke, prirodne oblike, s osnovnim linijama koje nose lako\u0107u i eleganciju. Kompletan asortiman radnih stolova, stolova za sastanke, niskih stolova, jedinica za skladi\u0161tenje i ormara, napravljeni za sofisticirani i moderni uredski prostor.<\/p>\n","protected":false},"featured_media":41650,"template":"","meta":{"_acf_changed":false},"product_brand":[],"product_cat":[2234,2105,2085,2171,2061,2247,2172,2245,2177,2237,2068,2149,2151,2150,2137,2178,2148,2180,2073,2118,2132,2133,2163,2092,2170],"product_tag":[],"berocket_brand":[1260],"class_list":{"0":"post-92762","1":"product","2":"type-product","3":"status-publish","4":"has-post-thumbnail","6":"product_cat-proizvodi-stolovi-akusticne-i-zastitne-pregrade-za-stolove","7":"product_cat-javni","8":"product_cat-namjestaj-za-urede","9":"product_cat-ormari-i-komode","10":"product_cat-proizvodi","11":"product_cat-proizvodi-ormari-i-komode-garderobni-ormari","12":"product_cat-proizvodi-ormari-i-komode-komode","13":"product_cat-proizvodi-ormari-i-komode-ladicari","14":"product_cat-proizvodi-ormari-i-komode-police-i-regali","15":"product_cat-proizvodi-ormari-i-komode-uredski-ormari","16":"product_cat-prostori","17":"product_cat-prostori-horeca-namjestaj-za-sastanke-i-konferencije","18":"product_cat-prostori-javni-namjestaj-za-sastanke-i-konferencije","19":"product_cat-prostori-rezidencijalni-namjestaj-za-kucni-ured","20":"product_cat-prostori-uredi-home-office","21":"product_cat-prostori-uredi-namjestaj-za-odlaganje-i-arhiviranje-ormari","22":"product_cat-prostori-uredi-namjestaj-za-sastanke-i-konferencije","23":"product_cat-prostori-uredi-uredski-namjestaj","24":"product_cat-rezidencijalni","25":"product_cat-stolovi","26":"product_cat-proizvodi-stolovi-stolovi-za-kucni-ured","27":"product_cat-proizvodi-stolovi-stolovi-za-sastanke-i-konferencije","28":"product_cat-proizvodi-stolovi-stolovi-za-urede","29":"product_cat-uredi","30":"product_cat-proizvodi-namjestaj-za-urede-namjestaj","31":"berocket_brand-las","33":"first","34":"instock","35":"product-type-grouped"},"acf":[],"_links":{"self":[{"href":"https:\/\/cernelic.hr\/en\/wp-json\/wp\/v2\/product\/92762","targetHints":{"allow":["GET"]}}],"collection":[{"href":"https:\/\/cernelic.hr\/en\/wp-json\/wp\/v2\/product"}],"about":[{"href":"https:\/\/cernelic.hr\/en\/wp-json\/wp\/v2\/types\/product"}],"wp:featuredmedia":[{"embeddable":true,"href":"https:\/\/cernelic.hr\/en\/wp-json\/wp\/v2\/media\/41650"}],"wp:attachment":[{"href":"https:\/\/cernelic.hr\/en\/wp-json\/wp\/v2\/media?parent=92762"}],"wp:term":[{"taxonomy":"product_brand","embeddable":true,"href":"https:\/\/cernelic.hr\/en\/wp-json\/wp\/v2\/product_brand?post=92762"},{"taxonomy":"product_cat","embeddable":true,"href":"https:\/\/cernelic.hr\/en\/wp-json\/wp\/v2\/product_cat?post=92762"},{"taxonomy":"product_tag","embeddable":true,"href":"https:\/\/cernelic.hr\/en\/wp-json\/wp\/v2\/product_tag?post=92762"},{"taxonomy":"berocket_brand","embeddable":true,"href":"https:\/\/cernelic.hr\/en\/wp-json\/wp\/v2\/berocket_brand?post=92762"}],"curies":[{"name":"wp","href":"https:\/\/api.w.org\/{rel}","templated":true}]}}