{"id":92764,"date":"2021-03-19T13:45:23","date_gmt":"2021-03-19T13:45:23","guid":{"rendered":"https:\/\/cernelic.hr\/katalog\/Bez%20kategorije\/jera-seating-by-las-2\/"},"modified":"2023-12-07T15:58:33","modified_gmt":"2023-12-07T15:58:33","slug":"jera-seating-by-las","status":"publish","type":"product","link":"https:\/\/cernelic.hr\/en\/proizvod\/jera-seating-by-las\/","title":{"rendered":"JERA SEATING by LAS"},"content":{"rendered":"<p>\u201eJera stolica\u201c je moderna uredska stolica, udobna i obgrljuju\u0107a, dostupna u dvije veli\u010dine i tri razli\u010dite verzije. Njeni oblici, \u010disti i uredno nagla\u0161eni, pobolj\u0161ani su glatkom presvlakom ili u\u0161ivenim pre\u0161tepima. Udobnost ove stolice pove\u0107ana je tapeciranim naslonom za glavu kao i samom stolicom, s obi\u010dnim ili odgovaraju\u0107im uskla\u0111enim uzorcima. Savr\u0161eno uskla\u0111en stil i udobnost.<\/p>\n","protected":false},"excerpt":{"rendered":"<p>\u201eJera stolica\u201c je moderna uredska stolica, udobna i obgrljuju\u0107a, dostupna u dvije veli\u010dine i tri razli\u010dite verzije. Njeni oblici, \u010disti i uredno nagla\u0161eni, pobolj\u0161ani su glatkom presvlakom ili u\u0161ivenim pre\u0161tepima. Udobnost ove stolice pove\u0107ana je tapeciranim naslonom za glavu kao i samom stolicom, s obi\u010dnim ili odgovaraju\u0107im uskla\u0111enim uzorcima. Savr\u0161eno uskla\u0111en stil i udobnost.<\/p>\n","protected":false},"featured_media":41654,"template":"","meta":{"_acf_changed":false},"product_brand":[],"product_cat":[2099,2105,2090,2085,2061,2098,2068,2100,2109,2104,2137,2153,2093,2166,2152,2073,2087,2088,2113,2092],"product_tag":[],"berocket_brand":[1260],"class_list":{"0":"post-92764","1":"product","2":"type-product","3":"status-publish","4":"has-post-thumbnail","6":"product_cat-horeca-prostori-horeca","7":"product_cat-javni","8":"product_cat-proizvodi-stolice-stolice-za-sastanke","9":"product_cat-namjestaj-za-urede","10":"product_cat-proizvodi","11":"product_cat-prostori-horeca","12":"product_cat-prostori","13":"product_cat-prostori-horeca-stolice-za-unutarnje-prostore","14":"product_cat-prostori-javni-stolice-za-unutarnje-prostore","15":"product_cat-prostori-rezidencijalni-stolice-za-unutarnje-prostore","16":"product_cat-prostori-uredi-home-office","17":"product_cat-prostori-uredi-radne-stolice","18":"product_cat-prostori-uredi-stolice-za-sastanke","19":"product_cat-proizvodi-namjestaj-za-urede-radne-stolice","20":"product_cat-proizvodi-stolice-radne-stolice","21":"product_cat-rezidencijalni","22":"product_cat-stolice","23":"product_cat-proizvodi-stolice-stolice-za-cekaonice","24":"product_cat-proizvodi-namjestaj-za-urede-stolice-za-sastanke","25":"product_cat-uredi","26":"berocket_brand-las","28":"first","29":"instock","30":"product-type-grouped"},"acf":[],"_links":{"self":[{"href":"https:\/\/cernelic.hr\/en\/wp-json\/wp\/v2\/product\/92764","targetHints":{"allow":["GET"]}}],"collection":[{"href":"https:\/\/cernelic.hr\/en\/wp-json\/wp\/v2\/product"}],"about":[{"href":"https:\/\/cernelic.hr\/en\/wp-json\/wp\/v2\/types\/product"}],"wp:featuredmedia":[{"embeddable":true,"href":"https:\/\/cernelic.hr\/en\/wp-json\/wp\/v2\/media\/41654"}],"wp:attachment":[{"href":"https:\/\/cernelic.hr\/en\/wp-json\/wp\/v2\/media?parent=92764"}],"wp:term":[{"taxonomy":"product_brand","embeddable":true,"href":"https:\/\/cernelic.hr\/en\/wp-json\/wp\/v2\/product_brand?post=92764"},{"taxonomy":"product_cat","embeddable":true,"href":"https:\/\/cernelic.hr\/en\/wp-json\/wp\/v2\/product_cat?post=92764"},{"taxonomy":"product_tag","embeddable":true,"href":"https:\/\/cernelic.hr\/en\/wp-json\/wp\/v2\/product_tag?post=92764"},{"taxonomy":"berocket_brand","embeddable":true,"href":"https:\/\/cernelic.hr\/en\/wp-json\/wp\/v2\/berocket_brand?post=92764"}],"curies":[{"name":"wp","href":"https:\/\/api.w.org\/{rel}","templated":true}]}}