{"id":92765,"date":"2021-03-19T13:45:23","date_gmt":"2021-03-19T13:45:23","guid":{"rendered":"https:\/\/cernelic.hr\/katalog\/Bez%20kategorije\/jera-by-las-2\/"},"modified":"2023-12-07T15:58:37","modified_gmt":"2023-12-07T15:58:37","slug":"jera-by-las","status":"publish","type":"product","link":"https:\/\/cernelic.hr\/en\/proizvod\/jera-by-las\/","title":{"rendered":"JERA by LAS"},"content":{"rendered":"<p>\u201eJera\u201c kolekcija se igra s okomitim i vodoravnim elementima. Ona je opipljiva, industrijalizirana skulptura kojoj snaga le\u017ei u debelim povr\u0161inama, gdje se nadopunjuju ravnine u okomitim i horizontalnim kombinacijama. Stol je dostupan u lijevoj i desnoj verziji. Sadr\u017ei produ\u017eetak monolitnih oblika, kombiniraju\u0107i emocionalni dizajn i prakti\u010dnost.<br \/>\nNamje\u0161taj nije zami\u0161ljen kao fiksirana kompozicija, ve\u0107 kao elementi odvojeni jedni od drugih koje mo\u017eemo kombinirati.<br \/>\nSve elemente koji \u010dine \u201eJera\u201c liniju karakteriziraju monolitni aspekti i volumetrijska te\u017eina, inspiracija iza naziva serije.<\/p>\n","protected":false},"excerpt":{"rendered":"<p>\u201eJera\u201c kolekcija se igra s okomitim i vodoravnim elementima. Ona je opipljiva, industrijalizirana skulptura kojoj snaga le\u017ei u debelim povr\u0161inama, gdje se nadopunjuju ravnine u okomitim i horizontalnim kombinacijama. Stol je dostupan u lijevoj i desnoj verziji. Sadr\u017ei produ\u017eetak monolitnih oblika, kombiniraju\u0107i emocionalni dizajn i prakti\u010dnost. Namje\u0161taj nije zami\u0161ljen kao fiksirana kompozicija, ve\u0107 kao elementi [&hellip;]<\/p>\n","protected":false},"featured_media":41656,"template":"","meta":{"_acf_changed":false},"product_brand":[],"product_cat":[2105,2085,2119,2171,2061,2172,2177,2237,2068,2149,2151,2150,2178,2148,2180,2073,2118,2132,2133,2163,2092,2170],"product_tag":[],"berocket_brand":[1260],"class_list":{"0":"post-92765","1":"product","2":"type-product","3":"status-publish","4":"has-post-thumbnail","6":"product_cat-javni","7":"product_cat-namjestaj-za-urede","8":"product_cat-proizvodi-stolovi-niski-stolovi-za-unutarnje-prostore","9":"product_cat-ormari-i-komode","10":"product_cat-proizvodi","11":"product_cat-proizvodi-ormari-i-komode-komode","12":"product_cat-proizvodi-ormari-i-komode-police-i-regali","13":"product_cat-proizvodi-ormari-i-komode-uredski-ormari","14":"product_cat-prostori","15":"product_cat-prostori-horeca-namjestaj-za-sastanke-i-konferencije","16":"product_cat-prostori-javni-namjestaj-za-sastanke-i-konferencije","17":"product_cat-prostori-rezidencijalni-namjestaj-za-kucni-ured","18":"product_cat-prostori-uredi-namjestaj-za-odlaganje-i-arhiviranje-ormari","19":"product_cat-prostori-uredi-namjestaj-za-sastanke-i-konferencije","20":"product_cat-prostori-uredi-uredski-namjestaj","21":"product_cat-rezidencijalni","22":"product_cat-stolovi","23":"product_cat-proizvodi-stolovi-stolovi-za-kucni-ured","24":"product_cat-proizvodi-stolovi-stolovi-za-sastanke-i-konferencije","25":"product_cat-proizvodi-stolovi-stolovi-za-urede","26":"product_cat-uredi","27":"product_cat-proizvodi-namjestaj-za-urede-namjestaj","28":"berocket_brand-las","30":"first","31":"instock","32":"product-type-grouped"},"acf":[],"_links":{"self":[{"href":"https:\/\/cernelic.hr\/en\/wp-json\/wp\/v2\/product\/92765","targetHints":{"allow":["GET"]}}],"collection":[{"href":"https:\/\/cernelic.hr\/en\/wp-json\/wp\/v2\/product"}],"about":[{"href":"https:\/\/cernelic.hr\/en\/wp-json\/wp\/v2\/types\/product"}],"wp:featuredmedia":[{"embeddable":true,"href":"https:\/\/cernelic.hr\/en\/wp-json\/wp\/v2\/media\/41656"}],"wp:attachment":[{"href":"https:\/\/cernelic.hr\/en\/wp-json\/wp\/v2\/media?parent=92765"}],"wp:term":[{"taxonomy":"product_brand","embeddable":true,"href":"https:\/\/cernelic.hr\/en\/wp-json\/wp\/v2\/product_brand?post=92765"},{"taxonomy":"product_cat","embeddable":true,"href":"https:\/\/cernelic.hr\/en\/wp-json\/wp\/v2\/product_cat?post=92765"},{"taxonomy":"product_tag","embeddable":true,"href":"https:\/\/cernelic.hr\/en\/wp-json\/wp\/v2\/product_tag?post=92765"},{"taxonomy":"berocket_brand","embeddable":true,"href":"https:\/\/cernelic.hr\/en\/wp-json\/wp\/v2\/berocket_brand?post=92765"}],"curies":[{"name":"wp","href":"https:\/\/api.w.org\/{rel}","templated":true}]}}