{"id":92766,"date":"2021-03-19T13:45:23","date_gmt":"2021-03-19T13:45:23","guid":{"rendered":"https:\/\/cernelic.hr\/katalog\/Bez%20kategorije\/jera-lounge-by-las-2\/"},"modified":"2023-12-07T15:58:25","modified_gmt":"2023-12-07T15:58:25","slug":"jera-lounge-by-las","status":"publish","type":"product","link":"https:\/\/cernelic.hr\/en\/proizvod\/jera-lounge-by-las\/","title":{"rendered":"JERA LOUNGE by LAS"},"content":{"rendered":"<p>Udobna sofa iznimnih proporcija, dizajnirana za reprezentativne prostore velike elegancije. Njezine jasne i kompaktne linije \u010dine je prikladnim za svaki prostor, bez obzira na stil. \u201eJera\u201c zadr\u017eava i komunicira svoj nagla\u0161eni identitet.<br \/>\nNjeno postolje od poliranog kroma daje lako\u0107u ovoj sofi, potvr\u0111uju\u0107i impresivnu eleganciju ovog modela. Velika pa\u017enja i briga za sve do najsitnijeg detalja.<\/p>\n","protected":false},"excerpt":{"rendered":"<p>Udobna sofa iznimnih proporcija, dizajnirana za reprezentativne prostore velike elegancije. Njezine jasne i kompaktne linije \u010dine je prikladnim za svaki prostor, bez obzira na stil. \u201eJera\u201c zadr\u017eava i komunicira svoj nagla\u0161eni identitet. Njeno postolje od poliranog kroma daje lako\u0107u ovoj sofi, potvr\u0111uju\u0107i impresivnu eleganciju ovog modela. Velika pa\u017enja i briga za sve do najsitnijeg detalja.<\/p>\n","protected":false},"featured_media":41652,"template":"","meta":{"_acf_changed":false},"product_brand":[],"product_cat":[2111,2062,2105,2085,2061,2083,2082,2086,2068,2117,2108,2150,2094,2073,2092],"product_tag":[],"berocket_brand":[1260],"class_list":{"0":"post-92766","1":"product","2":"type-product","3":"status-publish","4":"has-post-thumbnail","6":"product_cat-dvorane","7":"product_cat-fotelje-i-garniture-za-sjedenje","8":"product_cat-javni","9":"product_cat-namjestaj-za-urede","10":"product_cat-proizvodi","11":"product_cat-proizvodi-fotelje-garniture-fotelje-i-garniture-za-cekaone-i-predprostore","12":"product_cat-proizvodi-fotelje-garniture-fotelje-i-garniture-unutarnje-prostore","13":"product_cat-proizvodi-namjestaj-za-urede-fotelje-garniture-za-neformalne-sastanke","14":"product_cat-prostori","15":"product_cat-prostori-dvorane-fotelje-i-garniture-za-unutarnje-prostore","16":"product_cat-prostori-javni-fotelje-i-garniture-za-unutarnje-prostore","17":"product_cat-prostori-rezidencijalni-namjestaj-za-kucni-ured","18":"product_cat-prostori-uredi-fotelje-i-garniture-za-sjedenje","19":"product_cat-rezidencijalni","20":"product_cat-uredi","21":"berocket_brand-las","23":"first","24":"instock","25":"product-type-grouped"},"acf":[],"_links":{"self":[{"href":"https:\/\/cernelic.hr\/en\/wp-json\/wp\/v2\/product\/92766","targetHints":{"allow":["GET"]}}],"collection":[{"href":"https:\/\/cernelic.hr\/en\/wp-json\/wp\/v2\/product"}],"about":[{"href":"https:\/\/cernelic.hr\/en\/wp-json\/wp\/v2\/types\/product"}],"wp:featuredmedia":[{"embeddable":true,"href":"https:\/\/cernelic.hr\/en\/wp-json\/wp\/v2\/media\/41652"}],"wp:attachment":[{"href":"https:\/\/cernelic.hr\/en\/wp-json\/wp\/v2\/media?parent=92766"}],"wp:term":[{"taxonomy":"product_brand","embeddable":true,"href":"https:\/\/cernelic.hr\/en\/wp-json\/wp\/v2\/product_brand?post=92766"},{"taxonomy":"product_cat","embeddable":true,"href":"https:\/\/cernelic.hr\/en\/wp-json\/wp\/v2\/product_cat?post=92766"},{"taxonomy":"product_tag","embeddable":true,"href":"https:\/\/cernelic.hr\/en\/wp-json\/wp\/v2\/product_tag?post=92766"},{"taxonomy":"berocket_brand","embeddable":true,"href":"https:\/\/cernelic.hr\/en\/wp-json\/wp\/v2\/berocket_brand?post=92766"}],"curies":[{"name":"wp","href":"https:\/\/api.w.org\/{rel}","templated":true}]}}