{"id":92768,"date":"2021-03-19T13:45:23","date_gmt":"2021-03-19T13:45:23","guid":{"rendered":"https:\/\/cernelic.hr\/katalog\/Bez%20kategorije\/movie-by-las-2\/"},"modified":"2023-12-07T15:58:47","modified_gmt":"2023-12-07T15:58:47","slug":"movie-by-las","status":"publish","type":"product","link":"https:\/\/cernelic.hr\/en\/proizvod\/movie-by-las\/","title":{"rendered":"MOVIE by LAS"},"content":{"rendered":"<p>Klasi\u010dna \u201etub chair\u201c za sastanke ili konferencijske sobe, tako\u0111er dostupna u sklopivoj verziji. Njene jasne i kompaktne linije \u010dine ju prikladnom za svako klasi\u010dno ili moderno okru\u017eenje. <\/p>\n","protected":false},"excerpt":{"rendered":"<p>Klasi\u010dna \u201etub chair\u201c za sastanke ili konferencijske sobe, tako\u0111er dostupna u sklopivoj verziji. Njene jasne i kompaktne linije \u010dine ju prikladnom za svako klasi\u010dno ili moderno okru\u017eenje.<\/p>\n","protected":false},"featured_media":41666,"template":"","meta":{"_acf_changed":false},"product_brand":[],"product_cat":[2111,2062,2105,2090,2085,2061,2083,2068,2164,2109,2093,2087,2088,2113,2092],"product_tag":[],"berocket_brand":[1260],"class_list":{"0":"post-92768","1":"product","2":"type-product","3":"status-publish","4":"has-post-thumbnail","6":"product_cat-dvorane","7":"product_cat-fotelje-i-garniture-za-sjedenje","8":"product_cat-javni","9":"product_cat-proizvodi-stolice-stolice-za-sastanke","10":"product_cat-namjestaj-za-urede","11":"product_cat-proizvodi","12":"product_cat-proizvodi-fotelje-garniture-fotelje-i-garniture-za-cekaone-i-predprostore","13":"product_cat-prostori","14":"product_cat-prostori-dvorane-visenamjenske-i-pomicne-sjedalice-za-dvorane","15":"product_cat-prostori-javni-stolice-za-unutarnje-prostore","16":"product_cat-prostori-uredi-stolice-za-sastanke","17":"product_cat-stolice","18":"product_cat-proizvodi-stolice-stolice-za-cekaonice","19":"product_cat-proizvodi-namjestaj-za-urede-stolice-za-sastanke","20":"product_cat-uredi","21":"berocket_brand-las","23":"first","24":"instock","25":"product-type-grouped"},"acf":[],"_links":{"self":[{"href":"https:\/\/cernelic.hr\/en\/wp-json\/wp\/v2\/product\/92768","targetHints":{"allow":["GET"]}}],"collection":[{"href":"https:\/\/cernelic.hr\/en\/wp-json\/wp\/v2\/product"}],"about":[{"href":"https:\/\/cernelic.hr\/en\/wp-json\/wp\/v2\/types\/product"}],"wp:featuredmedia":[{"embeddable":true,"href":"https:\/\/cernelic.hr\/en\/wp-json\/wp\/v2\/media\/41666"}],"wp:attachment":[{"href":"https:\/\/cernelic.hr\/en\/wp-json\/wp\/v2\/media?parent=92768"}],"wp:term":[{"taxonomy":"product_brand","embeddable":true,"href":"https:\/\/cernelic.hr\/en\/wp-json\/wp\/v2\/product_brand?post=92768"},{"taxonomy":"product_cat","embeddable":true,"href":"https:\/\/cernelic.hr\/en\/wp-json\/wp\/v2\/product_cat?post=92768"},{"taxonomy":"product_tag","embeddable":true,"href":"https:\/\/cernelic.hr\/en\/wp-json\/wp\/v2\/product_tag?post=92768"},{"taxonomy":"berocket_brand","embeddable":true,"href":"https:\/\/cernelic.hr\/en\/wp-json\/wp\/v2\/berocket_brand?post=92768"}],"curies":[{"name":"wp","href":"https:\/\/api.w.org\/{rel}","templated":true}]}}