{"id":92772,"date":"2021-03-19T13:45:23","date_gmt":"2021-03-19T13:45:23","guid":{"rendered":"https:\/\/cernelic.hr\/katalog\/Bez%20kategorije\/oyo-sound-by-las-2\/"},"modified":"2023-12-08T14:18:22","modified_gmt":"2023-12-08T14:18:22","slug":"oyo-sound-by-las","status":"publish","type":"product","link":"https:\/\/cernelic.hr\/en\/proizvod\/oyo-sound-by-las\/","title":{"rendered":"PREGRADE-SCHERMI UNIVERSALI by LAS"},"content":{"rendered":"<p>Akusti\u010dne pregrade, jednostavne stijenke ili teksturirane i obojane povr\u0161ine. Vi\u0161e funkcija u jednom jedinstvenom elementu, s \u0161irokim izborom estetskih elemenata. Povr\u0161ine se mogu opremiti dodacima za pohranu pisa\u0107eg pribora. Za\u0161titne su stijenke izra\u0111ene od prozirnog kaljenog stakla i transparentnog metakrilata.<\/p>\n","protected":false},"excerpt":{"rendered":"<p>Akusti\u010dne pregrade, jednostavne stijenke ili teksturirane i obojane povr\u0161ine. Vi\u0161e funkcija u jednom jedinstvenom elementu, s \u0161irokim izborom estetskih elemenata. Povr\u0161ine se mogu opremiti dodacima za pohranu pisa\u0107eg pribora. Za\u0161titne su stijenke izra\u0111ene od prozirnog kaljenog stakla i transparentnog metakrilata.<\/p>\n","protected":false},"featured_media":132992,"template":"","meta":{"_acf_changed":false},"product_brand":[],"product_cat":[2514,2235,2234,2238,2111,2105,2085,2061,2244,2250,2239,2068,2209,2208,2150,2230,2137,2073,2118,2092],"product_tag":[],"berocket_brand":[1260],"class_list":{"0":"post-92772","1":"product","2":"type-product","3":"status-publish","4":"has-post-thumbnail","6":"product_cat-accessories","7":"product_cat-proizvodi-namjestaj-za-urede-accessories","8":"product_cat-proizvodi-stolovi-akusticne-i-zastitne-pregrade-za-stolove","9":"product_cat-akustika","10":"product_cat-dvorane","11":"product_cat-javni","12":"product_cat-namjestaj-za-urede","13":"product_cat-proizvodi","14":"product_cat-proizvodi-accessories-akusticni-paneli","15":"product_cat-proizvodi-akustika-drveni-zvukoupijajuci-paneli","16":"product_cat-proizvodi-akustika-tekstilni-zvukoupijajuci-paneli","17":"product_cat-prostori","18":"product_cat-prostori-dvorane-accessories","19":"product_cat-prostori-javni-accessories","20":"product_cat-prostori-rezidencijalni-namjestaj-za-kucni-ured","21":"product_cat-prostori-uredi-accessories","22":"product_cat-prostori-uredi-home-office","23":"product_cat-rezidencijalni","24":"product_cat-stolovi","25":"product_cat-uredi","26":"berocket_brand-las","28":"first","29":"instock","30":"product-type-grouped"},"acf":[],"_links":{"self":[{"href":"https:\/\/cernelic.hr\/en\/wp-json\/wp\/v2\/product\/92772","targetHints":{"allow":["GET"]}}],"collection":[{"href":"https:\/\/cernelic.hr\/en\/wp-json\/wp\/v2\/product"}],"about":[{"href":"https:\/\/cernelic.hr\/en\/wp-json\/wp\/v2\/types\/product"}],"wp:featuredmedia":[{"embeddable":true,"href":"https:\/\/cernelic.hr\/en\/wp-json\/wp\/v2\/media\/132992"}],"wp:attachment":[{"href":"https:\/\/cernelic.hr\/en\/wp-json\/wp\/v2\/media?parent=92772"}],"wp:term":[{"taxonomy":"product_brand","embeddable":true,"href":"https:\/\/cernelic.hr\/en\/wp-json\/wp\/v2\/product_brand?post=92772"},{"taxonomy":"product_cat","embeddable":true,"href":"https:\/\/cernelic.hr\/en\/wp-json\/wp\/v2\/product_cat?post=92772"},{"taxonomy":"product_tag","embeddable":true,"href":"https:\/\/cernelic.hr\/en\/wp-json\/wp\/v2\/product_tag?post=92772"},{"taxonomy":"berocket_brand","embeddable":true,"href":"https:\/\/cernelic.hr\/en\/wp-json\/wp\/v2\/berocket_brand?post=92772"}],"curies":[{"name":"wp","href":"https:\/\/api.w.org\/{rel}","templated":true}]}}