{"id":92774,"date":"2021-03-19T13:45:23","date_gmt":"2021-03-19T13:45:23","guid":{"rendered":"https:\/\/cernelic.hr\/katalog\/Bez%20kategorije\/piego-tables-by-las-2\/"},"modified":"2023-12-08T14:23:40","modified_gmt":"2023-12-08T14:23:40","slug":"piego-tables-by-las","status":"publish","type":"product","link":"https:\/\/cernelic.hr\/en\/proizvod\/piego-tables-by-las\/","title":{"rendered":"PIEGO, CHIUDO, SEGUO TABLES by LAS"},"content":{"rendered":"<p>Preklopni stolovi, dizajnirani za moderne okoline sa stalno promjenjivim konfiguracijama. Metalni okvir i kota\u010di pretvaraju stol u proizvod koji se lako koristi. Jednostavan fiksiraju\u0107i mehanizam omogu\u0107ava brzu i jednostavnu izmjenu konfiguracije prostora.<\/p>\n","protected":false},"excerpt":{"rendered":"<p>Preklopni stolovi, dizajnirani za moderne okoline sa stalno promjenjivim konfiguracijama. Metalni okvir i kota\u010di pretvaraju stol u proizvod koji se lako koristi. Jednostavan fiksiraju\u0107i mehanizam omogu\u0107ava brzu i jednostavnu izmjenu konfiguracije prostora.<\/p>\n","protected":false},"featured_media":133452,"template":"","meta":{"_acf_changed":false},"product_brand":[],"product_cat":[2105,2061,2068,2149,2179,2183,2151,2150,2148,2180,2073,2118,2132,2133,2163,2092],"product_tag":[],"berocket_brand":[1260],"class_list":{"0":"post-92774","1":"product","2":"type-product","3":"status-publish","4":"has-post-thumbnail","6":"product_cat-javni","7":"product_cat-proizvodi","8":"product_cat-prostori","9":"product_cat-prostori-horeca-namjestaj-za-sastanke-i-konferencije","10":"product_cat-prostori-javni-namjestaj-za-knjiznice","11":"product_cat-prostori-javni-namjestaj-za-predavaone","12":"product_cat-prostori-javni-namjestaj-za-sastanke-i-konferencije","13":"product_cat-prostori-rezidencijalni-namjestaj-za-kucni-ured","14":"product_cat-prostori-uredi-namjestaj-za-sastanke-i-konferencije","15":"product_cat-prostori-uredi-uredski-namjestaj","16":"product_cat-rezidencijalni","17":"product_cat-stolovi","18":"product_cat-proizvodi-stolovi-stolovi-za-kucni-ured","19":"product_cat-proizvodi-stolovi-stolovi-za-sastanke-i-konferencije","20":"product_cat-proizvodi-stolovi-stolovi-za-urede","21":"product_cat-uredi","22":"berocket_brand-las","24":"first","25":"instock","26":"product-type-grouped"},"acf":[],"_links":{"self":[{"href":"https:\/\/cernelic.hr\/en\/wp-json\/wp\/v2\/product\/92774","targetHints":{"allow":["GET"]}}],"collection":[{"href":"https:\/\/cernelic.hr\/en\/wp-json\/wp\/v2\/product"}],"about":[{"href":"https:\/\/cernelic.hr\/en\/wp-json\/wp\/v2\/types\/product"}],"wp:featuredmedia":[{"embeddable":true,"href":"https:\/\/cernelic.hr\/en\/wp-json\/wp\/v2\/media\/133452"}],"wp:attachment":[{"href":"https:\/\/cernelic.hr\/en\/wp-json\/wp\/v2\/media?parent=92774"}],"wp:term":[{"taxonomy":"product_brand","embeddable":true,"href":"https:\/\/cernelic.hr\/en\/wp-json\/wp\/v2\/product_brand?post=92774"},{"taxonomy":"product_cat","embeddable":true,"href":"https:\/\/cernelic.hr\/en\/wp-json\/wp\/v2\/product_cat?post=92774"},{"taxonomy":"product_tag","embeddable":true,"href":"https:\/\/cernelic.hr\/en\/wp-json\/wp\/v2\/product_tag?post=92774"},{"taxonomy":"berocket_brand","embeddable":true,"href":"https:\/\/cernelic.hr\/en\/wp-json\/wp\/v2\/berocket_brand?post=92774"}],"curies":[{"name":"wp","href":"https:\/\/api.w.org\/{rel}","templated":true}]}}