{"id":92775,"date":"2021-03-19T13:45:23","date_gmt":"2021-03-19T13:45:23","guid":{"rendered":"https:\/\/cernelic.hr\/katalog\/Bez%20kategorije\/point-by-las-2\/"},"modified":"2023-12-07T15:59:08","modified_gmt":"2023-12-07T15:59:08","slug":"point-by-las","status":"publish","type":"product","link":"https:\/\/cernelic.hr\/en\/proizvod\/point-by-las\/","title":{"rendered":"POINT by LAS"},"content":{"rendered":"<p>\u201ePoint\u201c recepcijski stol inspiriran je strogim kriterijem formalnosti koji odbacuje u jednostavnim i svestranim modulima koji se mogu me\u0111usobno kombinirati. Jednostavnost u kompoziciji i minimalisti\u010dki stil generiraju beskona\u010dne kombinacije, raznih oblika i veli\u010dina, koje se mogu prilagoditi svakom kontekstu. <\/p>\n","protected":false},"excerpt":{"rendered":"<p>\u201ePoint\u201c recepcijski stol inspiriran je strogim kriterijem formalnosti koji odbacuje u jednostavnim i svestranim modulima koji se mogu me\u0111usobno kombinirati. Jednostavnost u kompoziciji i minimalisti\u010dki stil generiraju beskona\u010dne kombinacije, raznih oblika i veli\u010dina, koje se mogu prilagoditi svakom kontekstu.<\/p>\n","protected":false},"featured_media":41682,"template":"","meta":{"_acf_changed":false},"product_brand":[],"product_cat":[2105,2085,2061,2068,2123,2179,2096,2092,2170],"product_tag":[],"berocket_brand":[1260],"class_list":{"0":"post-92775","1":"product","2":"type-product","3":"status-publish","4":"has-post-thumbnail","6":"product_cat-javni","7":"product_cat-namjestaj-za-urede","8":"product_cat-proizvodi","9":"product_cat-prostori","10":"product_cat-prostori-javni-namjestaj-za-cekaonice","11":"product_cat-prostori-javni-namjestaj-za-knjiznice","12":"product_cat-prostori-uredi-namjestaj-za-predprostore-i-cekaone","13":"product_cat-uredi","14":"product_cat-proizvodi-namjestaj-za-urede-namjestaj","15":"berocket_brand-las","17":"first","18":"instock","19":"product-type-grouped"},"acf":[],"_links":{"self":[{"href":"https:\/\/cernelic.hr\/en\/wp-json\/wp\/v2\/product\/92775","targetHints":{"allow":["GET"]}}],"collection":[{"href":"https:\/\/cernelic.hr\/en\/wp-json\/wp\/v2\/product"}],"about":[{"href":"https:\/\/cernelic.hr\/en\/wp-json\/wp\/v2\/types\/product"}],"wp:featuredmedia":[{"embeddable":true,"href":"https:\/\/cernelic.hr\/en\/wp-json\/wp\/v2\/media\/41682"}],"wp:attachment":[{"href":"https:\/\/cernelic.hr\/en\/wp-json\/wp\/v2\/media?parent=92775"}],"wp:term":[{"taxonomy":"product_brand","embeddable":true,"href":"https:\/\/cernelic.hr\/en\/wp-json\/wp\/v2\/product_brand?post=92775"},{"taxonomy":"product_cat","embeddable":true,"href":"https:\/\/cernelic.hr\/en\/wp-json\/wp\/v2\/product_cat?post=92775"},{"taxonomy":"product_tag","embeddable":true,"href":"https:\/\/cernelic.hr\/en\/wp-json\/wp\/v2\/product_tag?post=92775"},{"taxonomy":"berocket_brand","embeddable":true,"href":"https:\/\/cernelic.hr\/en\/wp-json\/wp\/v2\/berocket_brand?post=92775"}],"curies":[{"name":"wp","href":"https:\/\/api.w.org\/{rel}","templated":true}]}}