{"id":92778,"date":"2021-03-19T13:45:23","date_gmt":"2021-03-19T13:45:23","guid":{"rendered":"https:\/\/cernelic.hr\/katalog\/Bez%20kategorije\/trend-by-las-2\/"},"modified":"2023-12-07T15:59:38","modified_gmt":"2023-12-07T15:59:38","slug":"trend-by-las","status":"publish","type":"product","link":"https:\/\/cernelic.hr\/en\/proizvod\/trend-by-las\/","title":{"rendered":"TREND by LAS"},"content":{"rendered":"<p>Geometrijska kolekcija \u010diji je monolitski karakter iznena\u0111uju\u0107e omek\u0161an tapeciranim naslonima za ruke i prstenastim nogama od kromiranog \u010delika. Naslonja\u010d, dvosjed i trosjed: za udobne i elegantne \u010dekaonice.<br \/>\nVelike povr\u0161ine, ocrtane i nagla\u0161ene ravnim \u0161avovima na sjedalu i naslonu. Znakovi i linije koje karakteriziraju nepogre\u0161ivi stil \u201eTrend\u201c kolekcije. <\/p>\n","protected":false},"excerpt":{"rendered":"<p>Geometrijska kolekcija \u010diji je monolitski karakter iznena\u0111uju\u0107e omek\u0161an tapeciranim naslonima za ruke i prstenastim nogama od kromiranog \u010delika. Naslonja\u010d, dvosjed i trosjed: za udobne i elegantne \u010dekaonice. Velike povr\u0161ine, ocrtane i nagla\u0161ene ravnim \u0161avovima na sjedalu i naslonu. Znakovi i linije koje karakteriziraju nepogre\u0161ivi stil \u201eTrend\u201c kolekcije.<\/p>\n","protected":false},"featured_media":41696,"template":"","meta":{"_acf_changed":false},"product_brand":[],"product_cat":[2111,2062,2105,2085,2061,2083,2082,2086,2068,2117,2108,2150,2094,2073,2092],"product_tag":[],"berocket_brand":[1260],"class_list":{"0":"post-92778","1":"product","2":"type-product","3":"status-publish","4":"has-post-thumbnail","6":"product_cat-dvorane","7":"product_cat-fotelje-i-garniture-za-sjedenje","8":"product_cat-javni","9":"product_cat-namjestaj-za-urede","10":"product_cat-proizvodi","11":"product_cat-proizvodi-fotelje-garniture-fotelje-i-garniture-za-cekaone-i-predprostore","12":"product_cat-proizvodi-fotelje-garniture-fotelje-i-garniture-unutarnje-prostore","13":"product_cat-proizvodi-namjestaj-za-urede-fotelje-garniture-za-neformalne-sastanke","14":"product_cat-prostori","15":"product_cat-prostori-dvorane-fotelje-i-garniture-za-unutarnje-prostore","16":"product_cat-prostori-javni-fotelje-i-garniture-za-unutarnje-prostore","17":"product_cat-prostori-rezidencijalni-namjestaj-za-kucni-ured","18":"product_cat-prostori-uredi-fotelje-i-garniture-za-sjedenje","19":"product_cat-rezidencijalni","20":"product_cat-uredi","21":"berocket_brand-las","23":"first","24":"instock","25":"product-type-grouped"},"acf":[],"_links":{"self":[{"href":"https:\/\/cernelic.hr\/en\/wp-json\/wp\/v2\/product\/92778","targetHints":{"allow":["GET"]}}],"collection":[{"href":"https:\/\/cernelic.hr\/en\/wp-json\/wp\/v2\/product"}],"about":[{"href":"https:\/\/cernelic.hr\/en\/wp-json\/wp\/v2\/types\/product"}],"wp:featuredmedia":[{"embeddable":true,"href":"https:\/\/cernelic.hr\/en\/wp-json\/wp\/v2\/media\/41696"}],"wp:attachment":[{"href":"https:\/\/cernelic.hr\/en\/wp-json\/wp\/v2\/media?parent=92778"}],"wp:term":[{"taxonomy":"product_brand","embeddable":true,"href":"https:\/\/cernelic.hr\/en\/wp-json\/wp\/v2\/product_brand?post=92778"},{"taxonomy":"product_cat","embeddable":true,"href":"https:\/\/cernelic.hr\/en\/wp-json\/wp\/v2\/product_cat?post=92778"},{"taxonomy":"product_tag","embeddable":true,"href":"https:\/\/cernelic.hr\/en\/wp-json\/wp\/v2\/product_tag?post=92778"},{"taxonomy":"berocket_brand","embeddable":true,"href":"https:\/\/cernelic.hr\/en\/wp-json\/wp\/v2\/berocket_brand?post=92778"}],"curies":[{"name":"wp","href":"https:\/\/api.w.org\/{rel}","templated":true}]}}