{"id":92780,"date":"2021-03-19T13:45:23","date_gmt":"2021-03-19T13:45:23","guid":{"rendered":"https:\/\/cernelic.hr\/katalog\/Bez%20kategorije\/mood-by-las-2\/"},"modified":"2023-12-08T06:16:48","modified_gmt":"2023-12-08T06:16:48","slug":"mood-by-las","status":"publish","type":"product","link":"https:\/\/cernelic.hr\/en\/proizvod\/mood-by-las\/","title":{"rendered":"MOOD by LAS"},"content":{"rendered":"<p>&#8220;Sustav slobodnostoje\u0107ih staklenih pregrada \u010diji svaki element predstavlja minimalni vizualni napor i maksimalnu mehani\u010dku otpornost. Projekt je inspiriran kriterijem eko-kompatibilnosti koji zahtjeva kori\u0161tenje savr\u0161eno recikla\u017enih materijala i kori\u0161tenje ekolo\u0161ki odr\u017eivih tehnika proizvodnje.<br \/>\n&#8211; M1<br \/>\nJednodijelna pregrada koja sadr\u017ei 10\/11 ili 12\/13 mm slobodnostoje\u0107e staklene povr\u0161ine. Okvirni rub od 40 mm dopu\u0161ta odli\u010dnu prilagodljivost prilikom poravnanja, istovremeno zadr\u017eavaju\u0107i iznimno suzdr\u017ean vizualni efekt. Vertikalne poveznice izme\u0111u staklenih dijelova napravljene su od metakrilatnih ili aluminijskih profila.<br \/>\n&#8211; M2<br \/>\nDvodijelna pregrada koju \u010dine 10\/11 ili 12\/13 mm slobodnostoje\u0107e staklene povr\u0161ine, dizajnirana za pove\u0107anu sposobnost smanjenja buke, istovremeno zadr\u017eavaju\u0107i debljinu od samo 50 mm. Savr\u0161eno se uklapa s ostalim \u201eMood\u201c verzijama, koriste\u0107i sve dodatke, veze izme\u0111u staklenih modula, kao i krilna i klizna vrata.<br \/>\n&#8211; MM<br \/>\nJednodijelna slobodnostoje\u0107a pregrada, od 10\/11 ili 12\/13 mm, izra\u0111ena s ciljem minimizacije vizualnog isticanja rubnog okvira na dnu i vrhu. Savr\u0161eno se uklapa s ostalim \u201eMood\u201c verzijama, koriste\u0107i sve dodatke, veze izme\u0111u staklenih modula, kao i krilna i klizna vrata.<br \/>\n&#8211; MN<br \/>\nPregrada \u010diji su rubni okviri potpuno ugra\u0111eni u pod, strop i zidove sobe. Rije\u010d je o iznimno preciznom rje\u0161enju s dizajnerskom namjerom maksimiziranja kori\u0161tenja stakla, istovremeno nagla\u0161avaju\u0107i dodatke i vrata koja se isti\u010du me\u0111u prozirnim povr\u0161inama.&#8221;<\/p>\n","protected":false},"excerpt":{"rendered":"<p>&#8220;Sustav slobodnostoje\u0107ih staklenih pregrada \u010diji svaki element predstavlja minimalni vizualni napor i maksimalnu mehani\u010dku otpornost. Projekt je inspiriran kriterijem eko-kompatibilnosti koji zahtjeva kori\u0161tenje savr\u0161eno recikla\u017enih materijala i kori\u0161tenje ekolo\u0161ki odr\u017eivih tehnika proizvodnje. &#8211; M1 Jednodijelna pregrada koja sadr\u017ei 10\/11 ili 12\/13 mm slobodnostoje\u0107e staklene povr\u0161ine. Okvirni rub od 40 mm dopu\u0161ta odli\u010dnu prilagodljivost prilikom poravnanja, [&hellip;]<\/p>\n","protected":false},"featured_media":113738,"template":"","meta":{"_acf_changed":false},"product_brand":[],"product_cat":[2111,2105,2061,2251,2252,2068,2254,2214,2216,2215,2253,2073,2092,2212],"product_tag":[],"berocket_brand":[1260],"class_list":{"0":"post-92780","1":"product","2":"type-product","3":"status-publish","4":"has-post-thumbnail","6":"product_cat-dvorane","7":"product_cat-javni","8":"product_cat-proizvodi","9":"product_cat-proizvodi-vrata-i-pregrade-modularne-fiksne-pregradne-stijene","10":"product_cat-proizvodi-vrata-i-pregrade-vrata","11":"product_cat-prostori","12":"product_cat-prostori-dvorane-modularne-pregradne-stijene","13":"product_cat-prostori-horeca-vrata-i-pregrade","14":"product_cat-prostori-javni-vrata-i-pregrade","15":"product_cat-prostori-rezidencijalni-vrata-i-pregrade","16":"product_cat-prostori-uredi-vrata-i-pregrade","17":"product_cat-rezidencijalni","18":"product_cat-uredi","19":"product_cat-vrata-i-pregrade","20":"berocket_brand-las","22":"first","23":"instock","24":"product-type-grouped"},"acf":[],"_links":{"self":[{"href":"https:\/\/cernelic.hr\/en\/wp-json\/wp\/v2\/product\/92780","targetHints":{"allow":["GET"]}}],"collection":[{"href":"https:\/\/cernelic.hr\/en\/wp-json\/wp\/v2\/product"}],"about":[{"href":"https:\/\/cernelic.hr\/en\/wp-json\/wp\/v2\/types\/product"}],"wp:featuredmedia":[{"embeddable":true,"href":"https:\/\/cernelic.hr\/en\/wp-json\/wp\/v2\/media\/113738"}],"wp:attachment":[{"href":"https:\/\/cernelic.hr\/en\/wp-json\/wp\/v2\/media?parent=92780"}],"wp:term":[{"taxonomy":"product_brand","embeddable":true,"href":"https:\/\/cernelic.hr\/en\/wp-json\/wp\/v2\/product_brand?post=92780"},{"taxonomy":"product_cat","embeddable":true,"href":"https:\/\/cernelic.hr\/en\/wp-json\/wp\/v2\/product_cat?post=92780"},{"taxonomy":"product_tag","embeddable":true,"href":"https:\/\/cernelic.hr\/en\/wp-json\/wp\/v2\/product_tag?post=92780"},{"taxonomy":"berocket_brand","embeddable":true,"href":"https:\/\/cernelic.hr\/en\/wp-json\/wp\/v2\/berocket_brand?post=92780"}],"curies":[{"name":"wp","href":"https:\/\/api.w.org\/{rel}","templated":true}]}}