{"id":92782,"date":"2021-03-19T13:45:23","date_gmt":"2021-03-19T13:45:23","guid":{"rendered":"https:\/\/cernelic.hr\/katalog\/Bez%20kategorije\/infinity-by-las-2\/"},"modified":"2023-12-07T15:58:15","modified_gmt":"2023-12-07T15:58:15","slug":"infinity-by-las","status":"publish","type":"product","link":"https:\/\/cernelic.hr\/en\/proizvod\/infinity-by-las\/","title":{"rendered":"INFINITY by LAS"},"content":{"rendered":"<p>Rije\u010d je o 100 mm \u0161irokoj pregradi koju karakteriziraju slobodnostoje\u0107e staklene stijenke. Druga\u010dija vrsta koja, eliminacijom strukturalnih ograni\u010denja, te\u017ei sjedinjenju suprotnosti, slijede\u0107i ideal snage i savr\u0161ene transparentnosti, istovremeno zadr\u017eavaju\u0107i velik i kompleksan rubni okvir na vrhu i dnu.<br \/>\nI1<br \/>\nJednodijelna pregrada s aluminijskim profilima na dnu i vrhu, potpuno operabilna i dizajnirana za savr\u0161enu instalaciju. Bogati dizajn, \u010diji pristup prenosi \u010dvrsto\u0107u i kvalitetu i \u010dije je staklo vidno uokvireno rubovima od ekstrudiranog aluminija.<br \/>\nI2<br \/>\nSlobodnostoje\u0107a dvodijelna pregrada s visoko akusti\u010dnim u\u010dinkom. Ona je rezultat \u017eelje za stvaranjem pregrada koje su naoko beste\u017einske, ali itekako sposobne osigurati zvu\u010dnu za\u0161titu koja ispunjava najvi\u0161a o\u010dekivanja. Savr\u0161ena nevidljiva pregrada kroz koju vidite i kroz koju ne morate slu\u0161ati.<br \/>\nIC<br \/>\nFiksirana pregrada s drvenim panelima opremljenim strukturalnim poja\u010danjima od galvaniziranog \u010delika. Upotpunjuje kolekciju koriste\u0107i druga\u010diji pristup materijalima. Transparentnost u kontrastu s neprozirno\u0161\u0107u, toplina drva u raznim zavr\u0161nim obradama i bojama u kontrastu s hladno\u0107om.<br \/>\nTehni\u010dki, moderno, uo\u010dljivo.<\/p>\n","protected":false},"excerpt":{"rendered":"<p>Rije\u010d je o 100 mm \u0161irokoj pregradi koju karakteriziraju slobodnostoje\u0107e staklene stijenke. Druga\u010dija vrsta koja, eliminacijom strukturalnih ograni\u010denja, te\u017ei sjedinjenju suprotnosti, slijede\u0107i ideal snage i savr\u0161ene transparentnosti, istovremeno zadr\u017eavaju\u0107i velik i kompleksan rubni okvir na vrhu i dnu. I1 Jednodijelna pregrada s aluminijskim profilima na dnu i vrhu, potpuno operabilna i dizajnirana za savr\u0161enu instalaciju. [&hellip;]<\/p>\n","protected":false},"featured_media":41646,"template":"","meta":{"_acf_changed":false},"product_brand":[],"product_cat":[2111,2105,2061,2251,2252,2068,2254,2214,2216,2215,2253,2073,2092,2212],"product_tag":[],"berocket_brand":[1260],"class_list":{"0":"post-92782","1":"product","2":"type-product","3":"status-publish","4":"has-post-thumbnail","6":"product_cat-dvorane","7":"product_cat-javni","8":"product_cat-proizvodi","9":"product_cat-proizvodi-vrata-i-pregrade-modularne-fiksne-pregradne-stijene","10":"product_cat-proizvodi-vrata-i-pregrade-vrata","11":"product_cat-prostori","12":"product_cat-prostori-dvorane-modularne-pregradne-stijene","13":"product_cat-prostori-horeca-vrata-i-pregrade","14":"product_cat-prostori-javni-vrata-i-pregrade","15":"product_cat-prostori-rezidencijalni-vrata-i-pregrade","16":"product_cat-prostori-uredi-vrata-i-pregrade","17":"product_cat-rezidencijalni","18":"product_cat-uredi","19":"product_cat-vrata-i-pregrade","20":"berocket_brand-las","22":"first","23":"instock","24":"product-type-grouped"},"acf":[],"_links":{"self":[{"href":"https:\/\/cernelic.hr\/en\/wp-json\/wp\/v2\/product\/92782","targetHints":{"allow":["GET"]}}],"collection":[{"href":"https:\/\/cernelic.hr\/en\/wp-json\/wp\/v2\/product"}],"about":[{"href":"https:\/\/cernelic.hr\/en\/wp-json\/wp\/v2\/types\/product"}],"wp:featuredmedia":[{"embeddable":true,"href":"https:\/\/cernelic.hr\/en\/wp-json\/wp\/v2\/media\/41646"}],"wp:attachment":[{"href":"https:\/\/cernelic.hr\/en\/wp-json\/wp\/v2\/media?parent=92782"}],"wp:term":[{"taxonomy":"product_brand","embeddable":true,"href":"https:\/\/cernelic.hr\/en\/wp-json\/wp\/v2\/product_brand?post=92782"},{"taxonomy":"product_cat","embeddable":true,"href":"https:\/\/cernelic.hr\/en\/wp-json\/wp\/v2\/product_cat?post=92782"},{"taxonomy":"product_tag","embeddable":true,"href":"https:\/\/cernelic.hr\/en\/wp-json\/wp\/v2\/product_tag?post=92782"},{"taxonomy":"berocket_brand","embeddable":true,"href":"https:\/\/cernelic.hr\/en\/wp-json\/wp\/v2\/berocket_brand?post=92782"}],"curies":[{"name":"wp","href":"https:\/\/api.w.org\/{rel}","templated":true}]}}