{"id":92783,"date":"2021-03-19T13:45:23","date_gmt":"2021-03-19T13:45:23","guid":{"rendered":"https:\/\/cernelic.hr\/katalog\/Bez%20kategorije\/over-by-las-2\/"},"modified":"2023-12-07T15:58:58","modified_gmt":"2023-12-07T15:58:58","slug":"over-by-las","status":"publish","type":"product","link":"https:\/\/cernelic.hr\/en\/proizvod\/over-by-las\/","title":{"rendered":"OVER by LAS"},"content":{"rendered":"<p>Modularni ugra\u0111eni zidni sustav s modulima od drva ili stakla. Pregrada klasi\u010dnog tipa s unutarnjom strukturom stupova i popre\u010dnih dijelova \u010dvrstih profila od pocin\u010danog \u010delika koji se lako otvaraju i povezuju. Ugra\u0111eni elementi, kutni okviri i dovratnici izra\u0111eni su od ekstrudiranog aluminija.<br \/>\nO1<br \/>\nJednodijelna verzija ima module definirane \u0161irine i visine gdje su slojevite staklene stijenke od 6\/7 mm uokvirene ekstrudiranim aluminijskim profilima usidrenim na \u010deli\u010dnu nosivu konstrukciju. Re\u0161etku ozna\u010davaju tanki spojevi od 3 mm zape\u010da\u0107eni brtvom od plastike koja se mo\u017ee reciklirati.<br \/>\n\u2022 O2<br \/>\nDvodijelna verzija ima ugra\u0111enu modularnu \u010deli\u010dnu potpornu strukturu, koja sadr\u017ei slojevite povr\u0161ine od 6\/7 mm odli\u010dne za uklanjanje buke. Re\u0161etka je ozna\u010dena tankim spojevima od 3 mm zape\u010da\u0107enim brtvom od plastike koja se mo\u017ee reciklirati.<br \/>\n\u2022 OC<br \/>\n\u201eSlijepa\u201c verzija ima laminirane drvene panele. Moduli se mogu rasporediti prema razli\u010ditim teksturama, kako ujedna\u010denim, tako i s izmjeni\u010dnim plo\u010dama razli\u010ditih debljina. Moduli imaju spoj od 3 mm zape\u010da\u0107en plasti\u010dnom brtvom koja se mo\u017ee reciklirati. <\/p>\n","protected":false},"excerpt":{"rendered":"<p>Modularni ugra\u0111eni zidni sustav s modulima od drva ili stakla. Pregrada klasi\u010dnog tipa s unutarnjom strukturom stupova i popre\u010dnih dijelova \u010dvrstih profila od pocin\u010danog \u010delika koji se lako otvaraju i povezuju. Ugra\u0111eni elementi, kutni okviri i dovratnici izra\u0111eni su od ekstrudiranog aluminija. O1 Jednodijelna verzija ima module definirane \u0161irine i visine gdje su slojevite staklene [&hellip;]<\/p>\n","protected":false},"featured_media":41674,"template":"","meta":{"_acf_changed":false},"product_brand":[],"product_cat":[2111,2105,2061,2251,2252,2068,2254,2214,2216,2215,2253,2073,2092,2212],"product_tag":[],"berocket_brand":[1260],"class_list":{"0":"post-92783","1":"product","2":"type-product","3":"status-publish","4":"has-post-thumbnail","6":"product_cat-dvorane","7":"product_cat-javni","8":"product_cat-proizvodi","9":"product_cat-proizvodi-vrata-i-pregrade-modularne-fiksne-pregradne-stijene","10":"product_cat-proizvodi-vrata-i-pregrade-vrata","11":"product_cat-prostori","12":"product_cat-prostori-dvorane-modularne-pregradne-stijene","13":"product_cat-prostori-horeca-vrata-i-pregrade","14":"product_cat-prostori-javni-vrata-i-pregrade","15":"product_cat-prostori-rezidencijalni-vrata-i-pregrade","16":"product_cat-prostori-uredi-vrata-i-pregrade","17":"product_cat-rezidencijalni","18":"product_cat-uredi","19":"product_cat-vrata-i-pregrade","20":"berocket_brand-las","22":"first","23":"instock","24":"product-type-grouped"},"acf":[],"_links":{"self":[{"href":"https:\/\/cernelic.hr\/en\/wp-json\/wp\/v2\/product\/92783","targetHints":{"allow":["GET"]}}],"collection":[{"href":"https:\/\/cernelic.hr\/en\/wp-json\/wp\/v2\/product"}],"about":[{"href":"https:\/\/cernelic.hr\/en\/wp-json\/wp\/v2\/types\/product"}],"wp:featuredmedia":[{"embeddable":true,"href":"https:\/\/cernelic.hr\/en\/wp-json\/wp\/v2\/media\/41674"}],"wp:attachment":[{"href":"https:\/\/cernelic.hr\/en\/wp-json\/wp\/v2\/media?parent=92783"}],"wp:term":[{"taxonomy":"product_brand","embeddable":true,"href":"https:\/\/cernelic.hr\/en\/wp-json\/wp\/v2\/product_brand?post=92783"},{"taxonomy":"product_cat","embeddable":true,"href":"https:\/\/cernelic.hr\/en\/wp-json\/wp\/v2\/product_cat?post=92783"},{"taxonomy":"product_tag","embeddable":true,"href":"https:\/\/cernelic.hr\/en\/wp-json\/wp\/v2\/product_tag?post=92783"},{"taxonomy":"berocket_brand","embeddable":true,"href":"https:\/\/cernelic.hr\/en\/wp-json\/wp\/v2\/berocket_brand?post=92783"}],"curies":[{"name":"wp","href":"https:\/\/api.w.org\/{rel}","templated":true}]}}