{"id":92785,"date":"2021-03-19T13:48:48","date_gmt":"2021-03-19T13:48:48","guid":{"rendered":"https:\/\/cernelic.hr\/katalog\/Bez%20kategorije\/modulo-doors-by-las-2\/"},"modified":"2023-12-07T15:58:44","modified_gmt":"2023-12-07T15:58:44","slug":"modulo-doors-by-las","status":"publish","type":"product","link":"https:\/\/cernelic.hr\/en\/proizvod\/modulo-doors-by-las\/","title":{"rendered":"MODULO DOORS by LAS"},"content":{"rendered":"<p>Vrata u \u201eModulo zidovima\u201c zajedni\u010dki su element u svim kolekcijama kako s estetskog tako i s tehni\u010dkog stajali\u0161ta. Modulo vrata su nastala iz \u017eelje za sjedinjavanjem vrata i prozora sa zidovima, \u010dime se posti\u017ee stilski kontinuitet izme\u0111u arhitektonske vanj\u0161tine i unutarnjih pregrada.<br \/>\nTa su vrata dizajnirana za savr\u0161enu ugradnju u bilo koju vrstu zida, od tradicionalnog do gipsanog, bilo koje debljine zahvaljuju\u0107i teleskopskim dovratnicima od ekstrudiranog aluminija. Drvo ili staklo, jednokrilna ili dvokrilna vrata, linearne \u0161arke, ru\u010dke i kvake s ugra\u0111enim bravama, ekskluzivni detalji.<\/p>\n","protected":false},"excerpt":{"rendered":"<p>Vrata u \u201eModulo zidovima\u201c zajedni\u010dki su element u svim kolekcijama kako s estetskog tako i s tehni\u010dkog stajali\u0161ta. Modulo vrata su nastala iz \u017eelje za sjedinjavanjem vrata i prozora sa zidovima, \u010dime se posti\u017ee stilski kontinuitet izme\u0111u arhitektonske vanj\u0161tine i unutarnjih pregrada. Ta su vrata dizajnirana za savr\u0161enu ugradnju u bilo koju vrstu zida, od [&hellip;]<\/p>\n","protected":false},"featured_media":41662,"template":"","meta":{"_acf_changed":false},"product_brand":[],"product_cat":[2111,2105,2061,2251,2252,2068,2254,2214,2216,2215,2253,2073,2092,2212],"product_tag":[],"berocket_brand":[1260],"class_list":{"0":"post-92785","1":"product","2":"type-product","3":"status-publish","4":"has-post-thumbnail","6":"product_cat-dvorane","7":"product_cat-javni","8":"product_cat-proizvodi","9":"product_cat-proizvodi-vrata-i-pregrade-modularne-fiksne-pregradne-stijene","10":"product_cat-proizvodi-vrata-i-pregrade-vrata","11":"product_cat-prostori","12":"product_cat-prostori-dvorane-modularne-pregradne-stijene","13":"product_cat-prostori-horeca-vrata-i-pregrade","14":"product_cat-prostori-javni-vrata-i-pregrade","15":"product_cat-prostori-rezidencijalni-vrata-i-pregrade","16":"product_cat-prostori-uredi-vrata-i-pregrade","17":"product_cat-rezidencijalni","18":"product_cat-uredi","19":"product_cat-vrata-i-pregrade","20":"berocket_brand-las","22":"first","23":"instock","24":"product-type-grouped"},"acf":[],"_links":{"self":[{"href":"https:\/\/cernelic.hr\/en\/wp-json\/wp\/v2\/product\/92785","targetHints":{"allow":["GET"]}}],"collection":[{"href":"https:\/\/cernelic.hr\/en\/wp-json\/wp\/v2\/product"}],"about":[{"href":"https:\/\/cernelic.hr\/en\/wp-json\/wp\/v2\/types\/product"}],"wp:featuredmedia":[{"embeddable":true,"href":"https:\/\/cernelic.hr\/en\/wp-json\/wp\/v2\/media\/41662"}],"wp:attachment":[{"href":"https:\/\/cernelic.hr\/en\/wp-json\/wp\/v2\/media?parent=92785"}],"wp:term":[{"taxonomy":"product_brand","embeddable":true,"href":"https:\/\/cernelic.hr\/en\/wp-json\/wp\/v2\/product_brand?post=92785"},{"taxonomy":"product_cat","embeddable":true,"href":"https:\/\/cernelic.hr\/en\/wp-json\/wp\/v2\/product_cat?post=92785"},{"taxonomy":"product_tag","embeddable":true,"href":"https:\/\/cernelic.hr\/en\/wp-json\/wp\/v2\/product_tag?post=92785"},{"taxonomy":"berocket_brand","embeddable":true,"href":"https:\/\/cernelic.hr\/en\/wp-json\/wp\/v2\/berocket_brand?post=92785"}],"curies":[{"name":"wp","href":"https:\/\/api.w.org\/{rel}","templated":true}]}}