{"id":92787,"date":"2021-03-19T13:48:48","date_gmt":"2021-03-19T13:48:48","guid":{"rendered":"https:\/\/cernelic.hr\/katalog\/Bez%20kategorije\/aline-table-by-wilkhahn-2\/"},"modified":"2023-12-08T02:34:37","modified_gmt":"2023-12-08T02:34:37","slug":"aline-table-by-wilkhahn","status":"publish","type":"product","link":"https:\/\/cernelic.hr\/en\/proizvod\/aline-table-by-wilkhahn\/","title":{"rendered":"ALINE TABLE by Wilkhahn"},"content":{"rendered":"<p>Uz dodatak stolica plo\u0161nog podno\u017eja i okretnih stolica, klupa i barskih sjedala, \u201eAline\u201c asortiman tako\u0111er nudi okrugle i \u010detvrtaste niske stolove, stolove za sjedenje i stajanje s postoljem, kao i pravokutne stolove s dva postolja. Stylish i transparentan look i osje\u0107aj \u201eAline\u201c idealan je za neformalne prostore koje koristite u profesionalne svrhe: podr\u0161ka korisnicima i \u010dekaonice, bistroi i menze, ili stolovi i blagovaonice kod ku\u0107e. Zahvaljuju\u0107i antibakterijskoj tkanini sjedala i robusnim stolnim povr\u0161inama koje se lako odr\u017eavaju, \u201eAline\u201c je izvrstan izbor za bazene i zdravstvene prostore. O kakvoj god okolini bila rije\u010d, namje\u0161taj daje sobi lagan i neformalan \u0161arm koji navodi na opu\u0161teni razgovor. Istovremeno je atraktivan i udoban, isti\u010du\u0107i se i sofisticiranim svojstvima.<\/p>\n","protected":false},"excerpt":{"rendered":"<p>Uz dodatak stolica plo\u0161nog podno\u017eja i okretnih stolica, klupa i barskih sjedala, \u201eAline\u201c asortiman tako\u0111er nudi okrugle i \u010detvrtaste niske stolove, stolove za sjedenje i stajanje s postoljem, kao i pravokutne stolove s dva postolja. Stylish i transparentan look i osje\u0107aj \u201eAline\u201c idealan je za neformalne prostore koje koristite u profesionalne svrhe: podr\u0161ka korisnicima i [&hellip;]<\/p>\n","protected":false},"featured_media":92104,"template":"","meta":{"_acf_changed":false},"product_brand":[],"product_cat":[2105,2119,2061,2068,2149,2138,2183,2151,2140,2150,2121,2139,2137,2128,2148,2180,2073,2118,2132,2133,2135,2163,2092,2136],"product_tag":[],"berocket_brand":[532],"class_list":{"0":"post-92787","1":"product","2":"type-product","3":"status-publish","4":"has-post-thumbnail","6":"product_cat-javni","7":"product_cat-proizvodi-stolovi-niski-stolovi-za-unutarnje-prostore","8":"product_cat-proizvodi","9":"product_cat-prostori","10":"product_cat-prostori-horeca-namjestaj-za-sastanke-i-konferencije","11":"product_cat-prostori-horeca-stolovi-za-unutarnje-prostore","12":"product_cat-prostori-javni-namjestaj-za-predavaone","13":"product_cat-prostori-javni-namjestaj-za-sastanke-i-konferencije","14":"product_cat-prostori-javni-stolovi-za-unutarnje-prostore","15":"product_cat-prostori-rezidencijalni-namjestaj-za-kucni-ured","16":"product_cat-prostori-rezidencijalni-niski-klubski-stolici-za-unutarnje-prostore","17":"product_cat-prostori-rezidencijalni-stolovi-za-unutarnje-prostore","18":"product_cat-prostori-uredi-home-office","19":"product_cat-prostori-uredi-namjestaj-za-kuhinje-i-kantine","20":"product_cat-prostori-uredi-namjestaj-za-sastanke-i-konferencije","21":"product_cat-prostori-uredi-uredski-namjestaj","22":"product_cat-rezidencijalni","23":"product_cat-stolovi","24":"product_cat-proizvodi-stolovi-stolovi-za-kucni-ured","25":"product_cat-proizvodi-stolovi-stolovi-za-sastanke-i-konferencije","26":"product_cat-proizvodi-stolovi-stolovi-za-unutarnje-prostore","27":"product_cat-proizvodi-stolovi-stolovi-za-urede","28":"product_cat-uredi","29":"product_cat-proizvodi-stolovi-visoki-barski-stolovi-za-unutarnje-prostore","30":"berocket_brand-wilkhahn","32":"first","33":"instock","34":"product-type-grouped"},"acf":[],"_links":{"self":[{"href":"https:\/\/cernelic.hr\/en\/wp-json\/wp\/v2\/product\/92787","targetHints":{"allow":["GET"]}}],"collection":[{"href":"https:\/\/cernelic.hr\/en\/wp-json\/wp\/v2\/product"}],"about":[{"href":"https:\/\/cernelic.hr\/en\/wp-json\/wp\/v2\/types\/product"}],"wp:featuredmedia":[{"embeddable":true,"href":"https:\/\/cernelic.hr\/en\/wp-json\/wp\/v2\/media\/92104"}],"wp:attachment":[{"href":"https:\/\/cernelic.hr\/en\/wp-json\/wp\/v2\/media?parent=92787"}],"wp:term":[{"taxonomy":"product_brand","embeddable":true,"href":"https:\/\/cernelic.hr\/en\/wp-json\/wp\/v2\/product_brand?post=92787"},{"taxonomy":"product_cat","embeddable":true,"href":"https:\/\/cernelic.hr\/en\/wp-json\/wp\/v2\/product_cat?post=92787"},{"taxonomy":"product_tag","embeddable":true,"href":"https:\/\/cernelic.hr\/en\/wp-json\/wp\/v2\/product_tag?post=92787"},{"taxonomy":"berocket_brand","embeddable":true,"href":"https:\/\/cernelic.hr\/en\/wp-json\/wp\/v2\/berocket_brand?post=92787"}],"curies":[{"name":"wp","href":"https:\/\/api.w.org\/{rel}","templated":true}]}}