{"id":92788,"date":"2021-03-19T13:48:48","date_gmt":"2021-03-19T13:48:48","guid":{"rendered":"https:\/\/cernelic.hr\/katalog\/Bez%20kategorije\/asienta-by-wilkhahn-2\/"},"modified":"2023-12-08T02:34:40","modified_gmt":"2023-12-08T02:34:40","slug":"asienta-by-wilkhahn","status":"publish","type":"product","link":"https:\/\/cernelic.hr\/en\/proizvod\/asienta-by-wilkhahn\/","title":{"rendered":"ASIENTA by Wilkhahn"},"content":{"rendered":"<p>Asortiman stolica i trosjeda koji spaja presti\u017eni \u0161arm s iznimnim dizajnom i udobno\u0161\u0107u bez premca. Stylish aluminijski okvir sa zakrivljenim popre\u010dnim presjecima i organskim prijelaznim to\u010dkama tvori karakteristi\u010dnu konturu oko koje se naoko obavija jastu\u010di\u0107 sjedala u obliku kocke. Presvlake su tanke i ravne izvana, s definiranim unutra\u0161njim naborom. Izgledaju meko, ali \u010dvrste su i nude udobnu potporu za razli\u010dite pozicije sjedenja. S njihovim otmjenim navlakama, kocke izgledaju kao da su zamotane u jedan komad tkanine. Oni oblikuju uzbudljivu interpretaciju tradicionalnih oblika, kombiniranih s \u010distom precizno\u0161\u0107u i opu\u0161tenom privla\u010dno\u0161\u0107u. Ekstremno \u010dvrsta, \u010detverono\u017ena struktura omogu\u0107ava Vam da se ra\u0161irite koliko \u017eelite. Asortiman nudi samostalne stolice, vrlo kompaktne ili u normalnim veli\u010dinama, kao i dvosjede i trosjede i tapecirane klupe. Tu je i izbor visokokvalitetnih tkanina i ekskluzivnih ko\u017ea za presvlake. Stoli\u0107i za nisko sjedenje dizajnirani su da se sla\u017eu. Sjajni kromirani, mat ili obojani okviri podr\u017eavaju povr\u0161ine stolova od furniranog drva.<\/p>\n","protected":false},"excerpt":{"rendered":"<p>Asortiman stolica i trosjeda koji spaja presti\u017eni \u0161arm s iznimnim dizajnom i udobno\u0161\u0107u bez premca. Stylish aluminijski okvir sa zakrivljenim popre\u010dnim presjecima i organskim prijelaznim to\u010dkama tvori karakteristi\u010dnu konturu oko koje se naoko obavija jastu\u010di\u0107 sjedala u obliku kocke. Presvlake su tanke i ravne izvana, s definiranim unutra\u0161njim naborom. Izgledaju meko, ali \u010dvrste su i [&hellip;]<\/p>\n","protected":false},"featured_media":92106,"template":"","meta":{"_acf_changed":false},"product_brand":[],"product_cat":[2111,2062,2105,2119,2061,2083,2082,2127,2068,2117,2101,2129,2138,2108,2140,2103,2121,2094,2073,2118,2092],"product_tag":[],"berocket_brand":[532],"class_list":{"0":"post-92788","1":"product","2":"type-product","3":"status-publish","4":"has-post-thumbnail","6":"product_cat-dvorane","7":"product_cat-fotelje-i-garniture-za-sjedenje","8":"product_cat-javni","9":"product_cat-proizvodi-stolovi-niski-stolovi-za-unutarnje-prostore","10":"product_cat-proizvodi","11":"product_cat-proizvodi-fotelje-garniture-fotelje-i-garniture-za-cekaone-i-predprostore","12":"product_cat-proizvodi-fotelje-garniture-fotelje-i-garniture-unutarnje-prostore","13":"product_cat-proizvodi-fotelje-garniture-klupe-i-separei","14":"product_cat-prostori","15":"product_cat-prostori-dvorane-fotelje-i-garniture-za-unutarnje-prostore","16":"product_cat-prostori-horeca-fotelje-i-garniture-za-unutarnje-prostore","17":"product_cat-prostori-horeca-klupe-i-separei","18":"product_cat-prostori-horeca-stolovi-za-unutarnje-prostore","19":"product_cat-prostori-javni-fotelje-i-garniture-za-unutarnje-prostore","20":"product_cat-prostori-javni-stolovi-za-unutarnje-prostore","21":"product_cat-prostori-rezidencijalni-fotelje-i-garniture-za-unutarnje-prostore","22":"product_cat-prostori-rezidencijalni-niski-klubski-stolici-za-unutarnje-prostore","23":"product_cat-prostori-uredi-fotelje-i-garniture-za-sjedenje","24":"product_cat-rezidencijalni","25":"product_cat-stolovi","26":"product_cat-uredi","27":"berocket_brand-wilkhahn","29":"first","30":"instock","31":"product-type-grouped"},"acf":[],"_links":{"self":[{"href":"https:\/\/cernelic.hr\/en\/wp-json\/wp\/v2\/product\/92788","targetHints":{"allow":["GET"]}}],"collection":[{"href":"https:\/\/cernelic.hr\/en\/wp-json\/wp\/v2\/product"}],"about":[{"href":"https:\/\/cernelic.hr\/en\/wp-json\/wp\/v2\/types\/product"}],"wp:featuredmedia":[{"embeddable":true,"href":"https:\/\/cernelic.hr\/en\/wp-json\/wp\/v2\/media\/92106"}],"wp:attachment":[{"href":"https:\/\/cernelic.hr\/en\/wp-json\/wp\/v2\/media?parent=92788"}],"wp:term":[{"taxonomy":"product_brand","embeddable":true,"href":"https:\/\/cernelic.hr\/en\/wp-json\/wp\/v2\/product_brand?post=92788"},{"taxonomy":"product_cat","embeddable":true,"href":"https:\/\/cernelic.hr\/en\/wp-json\/wp\/v2\/product_cat?post=92788"},{"taxonomy":"product_tag","embeddable":true,"href":"https:\/\/cernelic.hr\/en\/wp-json\/wp\/v2\/product_tag?post=92788"},{"taxonomy":"berocket_brand","embeddable":true,"href":"https:\/\/cernelic.hr\/en\/wp-json\/wp\/v2\/berocket_brand?post=92788"}],"curies":[{"name":"wp","href":"https:\/\/api.w.org\/{rel}","templated":true}]}}