{"id":92796,"date":"2021-03-19T13:48:48","date_gmt":"2021-03-19T13:48:48","guid":{"rendered":"https:\/\/cernelic.hr\/katalog\/Bez%20kategorije\/fs-line-by-wilkhahn-2\/"},"modified":"2023-12-08T02:34:56","modified_gmt":"2023-12-08T02:34:56","slug":"fs-line-by-wilkhahn","status":"publish","type":"product","link":"https:\/\/cernelic.hr\/en\/proizvod\/fs-line-by-wilkhahn\/","title":{"rendered":"FS Line by Wilkhahn"},"content":{"rendered":"<p>Prije 35 godina dva su mlada Wilkhahn dizajnera prepoznala da uko\u010deno sjedenje ne mo\u017ee biti zdravo. Obojica su htjela vratiti ljudima mobilnost koju su izgubili odrastanjem. Nakon intenzivnih istra\u017eivanja, razvili su \u201eFS-Line\u201c, stolicu koja je revolucionarizirala industriju uredskog namje\u0161taja. Od tada je proizvedeno 40 varijacija ove stolice. Milijuni su njenih primjeraka rasprodani diljem svijeta; obasipana je nagradama, \u010desto i imitirana \u2013 ne previ\u0161e uspje\u0161no. Princip je, u biti, vrlo jednostavan: iznimno fleksibilan okvir stolice automatski se prilago\u0111ava svakoj promjeni u dr\u017eanju. Tehni\u010dki termin za ovo je: \u201eautomatska sinkronizirana prilagodba\u201c. Mi to zovemo: \u201eSjedenje bez voza\u010dke dozvole\u201c.<\/p>\n","protected":false},"excerpt":{"rendered":"<p>Prije 35 godina dva su mlada Wilkhahn dizajnera prepoznala da uko\u010deno sjedenje ne mo\u017ee biti zdravo. Obojica su htjela vratiti ljudima mobilnost koju su izgubili odrastanjem. Nakon intenzivnih istra\u017eivanja, razvili su \u201eFS-Line\u201c, stolicu koja je revolucionarizirala industriju uredskog namje\u0161taja. Od tada je proizvedeno 40 varijacija ove stolice. Milijuni su njenih primjeraka rasprodani diljem svijeta; obasipana [&hellip;]<\/p>\n","protected":false},"featured_media":92114,"template":"","meta":{"_acf_changed":false},"product_brand":[],"product_cat":[2105,2090,2085,2061,2068,2109,2150,2137,2153,2093,2166,2152,2073,2087,2113,2092],"product_tag":[],"berocket_brand":[532],"class_list":{"0":"post-92796","1":"product","2":"type-product","3":"status-publish","4":"has-post-thumbnail","6":"product_cat-javni","7":"product_cat-proizvodi-stolice-stolice-za-sastanke","8":"product_cat-namjestaj-za-urede","9":"product_cat-proizvodi","10":"product_cat-prostori","11":"product_cat-prostori-javni-stolice-za-unutarnje-prostore","12":"product_cat-prostori-rezidencijalni-namjestaj-za-kucni-ured","13":"product_cat-prostori-uredi-home-office","14":"product_cat-prostori-uredi-radne-stolice","15":"product_cat-prostori-uredi-stolice-za-sastanke","16":"product_cat-proizvodi-namjestaj-za-urede-radne-stolice","17":"product_cat-proizvodi-stolice-radne-stolice","18":"product_cat-rezidencijalni","19":"product_cat-stolice","20":"product_cat-proizvodi-namjestaj-za-urede-stolice-za-sastanke","21":"product_cat-uredi","22":"berocket_brand-wilkhahn","24":"first","25":"instock","26":"product-type-grouped"},"acf":[],"_links":{"self":[{"href":"https:\/\/cernelic.hr\/en\/wp-json\/wp\/v2\/product\/92796","targetHints":{"allow":["GET"]}}],"collection":[{"href":"https:\/\/cernelic.hr\/en\/wp-json\/wp\/v2\/product"}],"about":[{"href":"https:\/\/cernelic.hr\/en\/wp-json\/wp\/v2\/types\/product"}],"wp:featuredmedia":[{"embeddable":true,"href":"https:\/\/cernelic.hr\/en\/wp-json\/wp\/v2\/media\/92114"}],"wp:attachment":[{"href":"https:\/\/cernelic.hr\/en\/wp-json\/wp\/v2\/media?parent=92796"}],"wp:term":[{"taxonomy":"product_brand","embeddable":true,"href":"https:\/\/cernelic.hr\/en\/wp-json\/wp\/v2\/product_brand?post=92796"},{"taxonomy":"product_cat","embeddable":true,"href":"https:\/\/cernelic.hr\/en\/wp-json\/wp\/v2\/product_cat?post=92796"},{"taxonomy":"product_tag","embeddable":true,"href":"https:\/\/cernelic.hr\/en\/wp-json\/wp\/v2\/product_tag?post=92796"},{"taxonomy":"berocket_brand","embeddable":true,"href":"https:\/\/cernelic.hr\/en\/wp-json\/wp\/v2\/berocket_brand?post=92796"}],"curies":[{"name":"wp","href":"https:\/\/api.w.org\/{rel}","templated":true}]}}