{"id":92797,"date":"2021-03-19T13:48:48","date_gmt":"2021-03-19T13:48:48","guid":{"rendered":"https:\/\/cernelic.hr\/katalog\/Bez%20kategorije\/fs-management-by-wilkhahn-2\/"},"modified":"2023-12-08T02:34:58","modified_gmt":"2023-12-08T02:34:58","slug":"fs-management-by-wilkhahn","status":"publish","type":"product","link":"https:\/\/cernelic.hr\/en\/proizvod\/fs-management-by-wilkhahn\/","title":{"rendered":"FS Management by Wilkhahn"},"content":{"rendered":"<p>Klasi\u010dna. Moderna. Trajana.<br \/>\n\u201eFS Line\u201c lansirana je jo\u0161 1980. Njeno iznimno fleksibilno, jedinstveno sjedalo i okvir naslona za le\u0111a jo\u0161 uvijek se smatraju svjetskim postignu\u0107em bez premca u dinami\u010dnom sjedenju. S elegantnim nagibom naslona za ruke, s privla\u010dno \u0161irokim sjedalom, vitkim konturama i kompaktnih mehanika, ovaj se dizajn tako\u0111er upisao u povijest. Atraktivniju, jednostavniju ergonomsku uredsku stolicu te\u0161ko je zamisliti. Poznata izdava\u010dka ku\u0107a \u201eForm\u201c dodijelila je cijeli jedan broj svoje \u201eDesign Classics\u201c serije ovoj liniji. Uistinu nikoga ne bi trebala \u010duditi popularnost \u201eFS Line\u201c Executive modela me\u0111u donositeljima odluka u politici i poslovnom svijetu, popularnost koja traje ve\u0107 desetlje\u0107ima. <\/p>\n","protected":false},"excerpt":{"rendered":"<p>Klasi\u010dna. Moderna. Trajana. \u201eFS Line\u201c lansirana je jo\u0161 1980. Njeno iznimno fleksibilno, jedinstveno sjedalo i okvir naslona za le\u0111a jo\u0161 uvijek se smatraju svjetskim postignu\u0107em bez premca u dinami\u010dnom sjedenju. S elegantnim nagibom naslona za ruke, s privla\u010dno \u0161irokim sjedalom, vitkim konturama i kompaktnih mehanika, ovaj se dizajn tako\u0111er upisao u povijest. Atraktivniju, jednostavniju ergonomsku [&hellip;]<\/p>\n","protected":false},"featured_media":92115,"template":"","meta":{"_acf_changed":false},"product_brand":[],"product_cat":[2105,2090,2085,2061,2068,2109,2150,2137,2153,2093,2152,2166,2073,2087,2113,2092],"product_tag":[],"berocket_brand":[532],"class_list":{"0":"post-92797","1":"product","2":"type-product","3":"status-publish","4":"has-post-thumbnail","6":"product_cat-javni","7":"product_cat-proizvodi-stolice-stolice-za-sastanke","8":"product_cat-namjestaj-za-urede","9":"product_cat-proizvodi","10":"product_cat-prostori","11":"product_cat-prostori-javni-stolice-za-unutarnje-prostore","12":"product_cat-prostori-rezidencijalni-namjestaj-za-kucni-ured","13":"product_cat-prostori-uredi-home-office","14":"product_cat-prostori-uredi-radne-stolice","15":"product_cat-prostori-uredi-stolice-za-sastanke","16":"product_cat-proizvodi-stolice-radne-stolice","17":"product_cat-proizvodi-namjestaj-za-urede-radne-stolice","18":"product_cat-rezidencijalni","19":"product_cat-stolice","20":"product_cat-proizvodi-namjestaj-za-urede-stolice-za-sastanke","21":"product_cat-uredi","22":"berocket_brand-wilkhahn","24":"first","25":"instock","26":"product-type-grouped"},"acf":[],"_links":{"self":[{"href":"https:\/\/cernelic.hr\/en\/wp-json\/wp\/v2\/product\/92797","targetHints":{"allow":["GET"]}}],"collection":[{"href":"https:\/\/cernelic.hr\/en\/wp-json\/wp\/v2\/product"}],"about":[{"href":"https:\/\/cernelic.hr\/en\/wp-json\/wp\/v2\/types\/product"}],"wp:featuredmedia":[{"embeddable":true,"href":"https:\/\/cernelic.hr\/en\/wp-json\/wp\/v2\/media\/92115"}],"wp:attachment":[{"href":"https:\/\/cernelic.hr\/en\/wp-json\/wp\/v2\/media?parent=92797"}],"wp:term":[{"taxonomy":"product_brand","embeddable":true,"href":"https:\/\/cernelic.hr\/en\/wp-json\/wp\/v2\/product_brand?post=92797"},{"taxonomy":"product_cat","embeddable":true,"href":"https:\/\/cernelic.hr\/en\/wp-json\/wp\/v2\/product_cat?post=92797"},{"taxonomy":"product_tag","embeddable":true,"href":"https:\/\/cernelic.hr\/en\/wp-json\/wp\/v2\/product_tag?post=92797"},{"taxonomy":"berocket_brand","embeddable":true,"href":"https:\/\/cernelic.hr\/en\/wp-json\/wp\/v2\/berocket_brand?post=92797"}],"curies":[{"name":"wp","href":"https:\/\/api.w.org\/{rel}","templated":true}]}}