{"id":92798,"date":"2021-03-19T13:48:48","date_gmt":"2021-03-19T13:48:48","guid":{"rendered":"https:\/\/cernelic.hr\/katalog\/Bez%20kategorije\/graph-by-wilkhahn-2\/"},"modified":"2023-12-08T02:35:02","modified_gmt":"2023-12-08T02:35:02","slug":"graph-by-wilkhahn","status":"publish","type":"product","link":"https:\/\/cernelic.hr\/en\/proizvod\/graph-by-wilkhahn\/","title":{"rendered":"GRAPH by Wilkhahn"},"content":{"rendered":"<p>&#8220;Trendseterska forma. Inovativna udobnost. Impresivni detalji.<br \/>\nPonuda premium dizajnerskih konferencijskih stolica nepromijenjena je ve\u0107 desetlje\u0107ima, pa je \u201eGraph\u201c udobna stolica dobrodo\u0161la novoprido\u0161lica. Ve\u0107 se na prvi pogled isti\u010de vizualna kvaliteta njenog modernog oblika. Ovaj inovativni dizajn tako\u0111er nudi superlativnu udobnost, i to bez obzira na vitki oblik. \u010celi\u010dni okviri sjedala i naslona za le\u0111a sadr\u017ee valne opruge, postavu i dodatne jastu\u010di\u0107e. Sve ovo zaokru\u017euje presvlaka koja je kategorija za sebe. I \u0161tovi\u0161e, bez ikakve suvi\u0161ne mehanike, lisnata opruga u potpori sjedala u tri to\u010dke osigurava trodimenzionalnu fleksibilnost kako bi tijelo i um bili aktivni.&#8221;<\/p>\n","protected":false},"excerpt":{"rendered":"<p>&#8220;Trendseterska forma. Inovativna udobnost. Impresivni detalji. Ponuda premium dizajnerskih konferencijskih stolica nepromijenjena je ve\u0107 desetlje\u0107ima, pa je \u201eGraph\u201c udobna stolica dobrodo\u0161la novoprido\u0161lica. Ve\u0107 se na prvi pogled isti\u010de vizualna kvaliteta njenog modernog oblika. Ovaj inovativni dizajn tako\u0111er nudi superlativnu udobnost, i to bez obzira na vitki oblik. \u010celi\u010dni okviri sjedala i naslona za le\u0111a sadr\u017ee [&hellip;]<\/p>\n","protected":false},"featured_media":92117,"template":"","meta":{"_acf_changed":false},"product_brand":[],"product_cat":[2105,2090,2085,2061,2068,2109,2150,2137,2153,2093,2152,2166,2073,2087,2113,2092],"product_tag":[],"berocket_brand":[532],"class_list":{"0":"post-92798","1":"product","2":"type-product","3":"status-publish","4":"has-post-thumbnail","6":"product_cat-javni","7":"product_cat-proizvodi-stolice-stolice-za-sastanke","8":"product_cat-namjestaj-za-urede","9":"product_cat-proizvodi","10":"product_cat-prostori","11":"product_cat-prostori-javni-stolice-za-unutarnje-prostore","12":"product_cat-prostori-rezidencijalni-namjestaj-za-kucni-ured","13":"product_cat-prostori-uredi-home-office","14":"product_cat-prostori-uredi-radne-stolice","15":"product_cat-prostori-uredi-stolice-za-sastanke","16":"product_cat-proizvodi-stolice-radne-stolice","17":"product_cat-proizvodi-namjestaj-za-urede-radne-stolice","18":"product_cat-rezidencijalni","19":"product_cat-stolice","20":"product_cat-proizvodi-namjestaj-za-urede-stolice-za-sastanke","21":"product_cat-uredi","22":"berocket_brand-wilkhahn","24":"first","25":"instock","26":"product-type-grouped"},"acf":[],"_links":{"self":[{"href":"https:\/\/cernelic.hr\/en\/wp-json\/wp\/v2\/product\/92798","targetHints":{"allow":["GET"]}}],"collection":[{"href":"https:\/\/cernelic.hr\/en\/wp-json\/wp\/v2\/product"}],"about":[{"href":"https:\/\/cernelic.hr\/en\/wp-json\/wp\/v2\/types\/product"}],"wp:featuredmedia":[{"embeddable":true,"href":"https:\/\/cernelic.hr\/en\/wp-json\/wp\/v2\/media\/92117"}],"wp:attachment":[{"href":"https:\/\/cernelic.hr\/en\/wp-json\/wp\/v2\/media?parent=92798"}],"wp:term":[{"taxonomy":"product_brand","embeddable":true,"href":"https:\/\/cernelic.hr\/en\/wp-json\/wp\/v2\/product_brand?post=92798"},{"taxonomy":"product_cat","embeddable":true,"href":"https:\/\/cernelic.hr\/en\/wp-json\/wp\/v2\/product_cat?post=92798"},{"taxonomy":"product_tag","embeddable":true,"href":"https:\/\/cernelic.hr\/en\/wp-json\/wp\/v2\/product_tag?post=92798"},{"taxonomy":"berocket_brand","embeddable":true,"href":"https:\/\/cernelic.hr\/en\/wp-json\/wp\/v2\/berocket_brand?post=92798"}],"curies":[{"name":"wp","href":"https:\/\/api.w.org\/{rel}","templated":true}]}}