{"id":92799,"date":"2021-03-19T13:48:48","date_gmt":"2021-03-19T13:48:48","guid":{"rendered":"https:\/\/cernelic.hr\/katalog\/Bez%20kategorije\/graph-table-by-wilkhahn-2\/"},"modified":"2023-12-08T02:35:00","modified_gmt":"2023-12-08T02:35:00","slug":"graph-table-by-wilkhahn","status":"publish","type":"product","link":"https:\/\/cernelic.hr\/en\/proizvod\/graph-table-by-wilkhahn\/","title":{"rendered":"GRAPH TABLE by Wilkhahn"},"content":{"rendered":"<p>\u201eGraph\u201c stolovi reflektiraju temeljnu osobinu \u201eGraph\u201c konferencijskih stolica. Kvalitetno sklopljene noge, nasloni za ruke i sjedalo zrcale se u \u201eGraph\u201c konferencijskim stolovima. Na bazi stola aluminijski su dijelovi bljesak kosih tla\u010dno lijevanih aluminijskih nogu i njihovog uvijenog i plo\u0161nog oblika. Rezultat su svjetlosne linije koje konstantno \u0161araju po bazi stola, bri\u0161u\u0107i tako svaki prijelaz izme\u0111u aluminijskih sastavnica. Ovaj efekt tako\u0111er stvara impresiju elegancije, one koja kao da prekida gravitaciju. Dojam poja\u010dava asimetri\u010dna zaobljenost rubova i obli kutovi stola. Dostupni formati su okrugli stolovi, kao i kompaktni i duga\u010dki ovalni oblici koji se temelje na kvadratima i trokutima. Dolaze u veli\u010dinama od 120&#215;120 do 780&#215;230 centimetara i nude \u0161irok prostor za \u010detiri do 22 ljudi. Kao stylish stol za sastanke, ili presti\u017ean primjerak konferencijskog namje\u0161taja, \u201eGraph\u201c zna\u010di interakcija visoke kvalitete. Wilkhahn je dodao \u010detiri nova modela dubine 230 centimetara za 16, 18, 20 i 22 ljudi u svoj asortiman \u201eGraph\u201c konferencijskih stolnih sistema. <\/p>\n","protected":false},"excerpt":{"rendered":"<p>\u201eGraph\u201c stolovi reflektiraju temeljnu osobinu \u201eGraph\u201c konferencijskih stolica. Kvalitetno sklopljene noge, nasloni za ruke i sjedalo zrcale se u \u201eGraph\u201c konferencijskim stolovima. Na bazi stola aluminijski su dijelovi bljesak kosih tla\u010dno lijevanih aluminijskih nogu i njihovog uvijenog i plo\u0161nog oblika. Rezultat su svjetlosne linije koje konstantno \u0161araju po bazi stola, bri\u0161u\u0107i tako svaki prijelaz izme\u0111u [&hellip;]<\/p>\n","protected":false},"featured_media":92116,"template":"","meta":{"_acf_changed":false},"product_brand":[],"product_cat":[2235,2514,2105,2085,2061,2131,2068,2149,2151,2150,2137,2148,2246,2073,2118,2132,2133,2092,2170],"product_tag":[],"berocket_brand":[532],"class_list":{"0":"post-92799","1":"product","2":"type-product","3":"status-publish","4":"has-post-thumbnail","6":"product_cat-proizvodi-namjestaj-za-urede-accessories","7":"product_cat-accessories","8":"product_cat-javni","9":"product_cat-namjestaj-za-urede","10":"product_cat-proizvodi","11":"product_cat-proizvodi-accessories-elektrifikacija-i-cable-management","12":"product_cat-prostori","13":"product_cat-prostori-horeca-namjestaj-za-sastanke-i-konferencije","14":"product_cat-prostori-javni-namjestaj-za-sastanke-i-konferencije","15":"product_cat-prostori-rezidencijalni-namjestaj-za-kucni-ured","16":"product_cat-prostori-uredi-home-office","17":"product_cat-prostori-uredi-namjestaj-za-sastanke-i-konferencije","18":"product_cat-prostori-uredi-sustavi-za-elektrifikaciju-i-cable-management","19":"product_cat-rezidencijalni","20":"product_cat-stolovi","21":"product_cat-proizvodi-stolovi-stolovi-za-kucni-ured","22":"product_cat-proizvodi-stolovi-stolovi-za-sastanke-i-konferencije","23":"product_cat-uredi","24":"product_cat-proizvodi-namjestaj-za-urede-namjestaj","25":"berocket_brand-wilkhahn","27":"first","28":"instock","29":"product-type-grouped"},"acf":[],"_links":{"self":[{"href":"https:\/\/cernelic.hr\/en\/wp-json\/wp\/v2\/product\/92799","targetHints":{"allow":["GET"]}}],"collection":[{"href":"https:\/\/cernelic.hr\/en\/wp-json\/wp\/v2\/product"}],"about":[{"href":"https:\/\/cernelic.hr\/en\/wp-json\/wp\/v2\/types\/product"}],"wp:featuredmedia":[{"embeddable":true,"href":"https:\/\/cernelic.hr\/en\/wp-json\/wp\/v2\/media\/92116"}],"wp:attachment":[{"href":"https:\/\/cernelic.hr\/en\/wp-json\/wp\/v2\/media?parent=92799"}],"wp:term":[{"taxonomy":"product_brand","embeddable":true,"href":"https:\/\/cernelic.hr\/en\/wp-json\/wp\/v2\/product_brand?post=92799"},{"taxonomy":"product_cat","embeddable":true,"href":"https:\/\/cernelic.hr\/en\/wp-json\/wp\/v2\/product_cat?post=92799"},{"taxonomy":"product_tag","embeddable":true,"href":"https:\/\/cernelic.hr\/en\/wp-json\/wp\/v2\/product_tag?post=92799"},{"taxonomy":"berocket_brand","embeddable":true,"href":"https:\/\/cernelic.hr\/en\/wp-json\/wp\/v2\/berocket_brand?post=92799"}],"curies":[{"name":"wp","href":"https:\/\/api.w.org\/{rel}","templated":true}]}}