{"id":92800,"date":"2021-03-19T13:48:48","date_gmt":"2021-03-19T13:48:48","guid":{"rendered":"https:\/\/cernelic.hr\/katalog\/Bez%20kategorije\/in-by-wilkhahn-2\/"},"modified":"2023-12-08T02:35:08","modified_gmt":"2023-12-08T02:35:08","slug":"in-by-wilkhahn","status":"publish","type":"product","link":"https:\/\/cernelic.hr\/en\/proizvod\/in-by-wilkhahn\/","title":{"rendered":"IN by Wilkhahn"},"content":{"rendered":"<p>Psiholozi, fizioterapeuti i ortopedi sla\u017eu se da je fizi\u010dka aktivnost klju\u010dna ako \u017eelimo ostati zdravi i u formi. Ali nisu va\u017eni samo le\u0111a i zglobovi, ve\u0107 cijelo na\u0161e tijelo. Dovoljno vje\u017ebe poma\u017ee nam u no\u0161enju sa stresom, \u010dini nas sretnima i dovoljno produktivnima. A produktivnost je glavni prioritet korporativnih zdravstvenih programa. Wilkhahn je ulo\u017eio desetlje\u0107a u odvajanje ljudi od radnih stolova. Sve je zapo\u010delo pionirskim istra\u017eivanjem zvanim \u201eFrom posture-based to motion-based seating\u201c koje nam je dalo proizvode koji se jo\u0161 uvijek smatraju najboljim i najatraktivnijim svjetskim uredskim stolicama. Rezultati suvremenih istra\u017eivanja koji nagla\u0161avaju minimalnu koli\u010dinu potrebnih fizi\u010dkih aktivnosti ohrabruju nas da nastavimo tim putem, a napreci u tehnologiji materijala i proizvodnje otvorili su prilike za otvaranje potpuno novih dimenzija dinami\u010dnog sjedenja s na\u0161om patentiranom 3D kinematikom zvanom \u201eTrimension\u00ae\u201c. Na\u0161i su in\u017einjeri i dizajneri stvorili \u201eIN\u201c i u\u010dinili ovu revolucionarnu tehnologiju dostupnu i stra\u017enjim uredima. Savr\u0161eno sinkronizirane 3D dinamike kombinirane s iznimnom udobno\u0161\u0107u stimuliraju na\u0161a tijela, ja\u010daju na\u0161u snagu koncentracije i \u010dine posao opu\u0161taju\u0107im iskustvom. <\/p>\n","protected":false},"excerpt":{"rendered":"<p>Psiholozi, fizioterapeuti i ortopedi sla\u017eu se da je fizi\u010dka aktivnost klju\u010dna ako \u017eelimo ostati zdravi i u formi. Ali nisu va\u017eni samo le\u0111a i zglobovi, ve\u0107 cijelo na\u0161e tijelo. Dovoljno vje\u017ebe poma\u017ee nam u no\u0161enju sa stresom, \u010dini nas sretnima i dovoljno produktivnima. A produktivnost je glavni prioritet korporativnih zdravstvenih programa. Wilkhahn je ulo\u017eio desetlje\u0107a [&hellip;]<\/p>\n","protected":false},"featured_media":92120,"template":"","meta":{"_acf_changed":false},"product_brand":[],"product_cat":[2085,2061,2068,2150,2153,2152,2166,2073,2087,2092],"product_tag":[],"berocket_brand":[532],"class_list":{"0":"post-92800","1":"product","2":"type-product","3":"status-publish","4":"has-post-thumbnail","6":"product_cat-namjestaj-za-urede","7":"product_cat-proizvodi","8":"product_cat-prostori","9":"product_cat-prostori-rezidencijalni-namjestaj-za-kucni-ured","10":"product_cat-prostori-uredi-radne-stolice","11":"product_cat-proizvodi-stolice-radne-stolice","12":"product_cat-proizvodi-namjestaj-za-urede-radne-stolice","13":"product_cat-rezidencijalni","14":"product_cat-stolice","15":"product_cat-uredi","16":"berocket_brand-wilkhahn","18":"first","19":"instock","20":"product-type-grouped"},"acf":[],"_links":{"self":[{"href":"https:\/\/cernelic.hr\/en\/wp-json\/wp\/v2\/product\/92800","targetHints":{"allow":["GET"]}}],"collection":[{"href":"https:\/\/cernelic.hr\/en\/wp-json\/wp\/v2\/product"}],"about":[{"href":"https:\/\/cernelic.hr\/en\/wp-json\/wp\/v2\/types\/product"}],"wp:featuredmedia":[{"embeddable":true,"href":"https:\/\/cernelic.hr\/en\/wp-json\/wp\/v2\/media\/92120"}],"wp:attachment":[{"href":"https:\/\/cernelic.hr\/en\/wp-json\/wp\/v2\/media?parent=92800"}],"wp:term":[{"taxonomy":"product_brand","embeddable":true,"href":"https:\/\/cernelic.hr\/en\/wp-json\/wp\/v2\/product_brand?post=92800"},{"taxonomy":"product_cat","embeddable":true,"href":"https:\/\/cernelic.hr\/en\/wp-json\/wp\/v2\/product_cat?post=92800"},{"taxonomy":"product_tag","embeddable":true,"href":"https:\/\/cernelic.hr\/en\/wp-json\/wp\/v2\/product_tag?post=92800"},{"taxonomy":"berocket_brand","embeddable":true,"href":"https:\/\/cernelic.hr\/en\/wp-json\/wp\/v2\/berocket_brand?post=92800"}],"curies":[{"name":"wp","href":"https:\/\/api.w.org\/{rel}","templated":true}]}}