{"id":92801,"date":"2021-03-19T13:48:48","date_gmt":"2021-03-19T13:48:48","guid":{"rendered":"https:\/\/cernelic.hr\/katalog\/Bez%20kategorije\/insit-by-wilkhahn-2\/"},"modified":"2023-12-08T02:35:05","modified_gmt":"2023-12-08T02:35:05","slug":"insit-by-wilkhahn","status":"publish","type":"product","link":"https:\/\/cernelic.hr\/en\/proizvod\/insit-by-wilkhahn\/","title":{"rendered":"INSIT by Wilkhahn"},"content":{"rendered":"<p>To\u010dka na i u svakoj prilici.<br \/>\n\u201eInsit\u201c transformira klasi\u010dnu tapeciranu klupu s naslonom u svestranu opciju sjedala za urede, za co-working, sobe za sastanke i blagovaonice. Na visini sjedala od 45 centimetara i s ergonomskom i \u010dvrstom presvlakom nudi ohrabruju\u0107u udobnost i priliku za kori\u0161tenje kroz vi\u0161e generacija. Karakteristi\u010dni uspravni naslon za le\u0111a i elegantne noge u obliku slova A daju presti\u017ean i beste\u017einski \u0161tih. Asortiman sadr\u017ei dvosjedne, trosjedne i varijante s dva i pol sjedala, koje dolaze s linearnim naslonima za le\u0111a, na jednoj ili obje strane, ili pod kutom kako bi ljudi sjedili u suprotnim smjerovima. Asortiman zaokru\u017euju modeli s visokim naslonima za vi\u0161e privatnosti i izbor pripadaju\u0107ih stolova. Zbog svog lako kombiniraju\u0107eg, integrativnog dizajnerskog jezika, ovo je sjedalo posebna skulptura koju mo\u017eemo dizajnirati i prilagoditi na razli\u010dite na\u010dine. Uistinu, to\u010dka na i u svakoj prilici.<\/p>\n","protected":false},"excerpt":{"rendered":"<p>To\u010dka na i u svakoj prilici. \u201eInsit\u201c transformira klasi\u010dnu tapeciranu klupu s naslonom u svestranu opciju sjedala za urede, za co-working, sobe za sastanke i blagovaonice. Na visini sjedala od 45 centimetara i s ergonomskom i \u010dvrstom presvlakom nudi ohrabruju\u0107u udobnost i priliku za kori\u0161tenje kroz vi\u0161e generacija. Karakteristi\u010dni uspravni naslon za le\u0111a i elegantne [&hellip;]<\/p>\n","protected":false},"featured_media":92118,"template":"","meta":{"_acf_changed":false},"product_brand":[],"product_cat":[2235,2514,2111,2062,2105,2085,2119,2061,2131,2127,2086,2068,2209,2117,2207,2101,2138,2208,2108,2140,2103,2121,2174,2094,2095,2096,2246,2073,2118,2135,2092],"product_tag":[],"berocket_brand":[532],"class_list":{"0":"post-92801","1":"product","2":"type-product","3":"status-publish","4":"has-post-thumbnail","6":"product_cat-proizvodi-namjestaj-za-urede-accessories","7":"product_cat-accessories","8":"product_cat-dvorane","9":"product_cat-fotelje-i-garniture-za-sjedenje","10":"product_cat-javni","11":"product_cat-namjestaj-za-urede","12":"product_cat-proizvodi-stolovi-niski-stolovi-za-unutarnje-prostore","13":"product_cat-proizvodi","14":"product_cat-proizvodi-accessories-elektrifikacija-i-cable-management","15":"product_cat-proizvodi-fotelje-garniture-klupe-i-separei","16":"product_cat-proizvodi-namjestaj-za-urede-fotelje-garniture-za-neformalne-sastanke","17":"product_cat-prostori","18":"product_cat-prostori-dvorane-accessories","19":"product_cat-prostori-dvorane-fotelje-i-garniture-za-unutarnje-prostore","20":"product_cat-prostori-horeca-accessories","21":"product_cat-prostori-horeca-fotelje-i-garniture-za-unutarnje-prostore","22":"product_cat-prostori-horeca-stolovi-za-unutarnje-prostore","23":"product_cat-prostori-javni-accessories","24":"product_cat-prostori-javni-fotelje-i-garniture-za-unutarnje-prostore","25":"product_cat-prostori-javni-stolovi-za-unutarnje-prostore","26":"product_cat-prostori-rezidencijalni-fotelje-i-garniture-za-unutarnje-prostore","27":"product_cat-prostori-rezidencijalni-niski-klubski-stolici-za-unutarnje-prostore","28":"product_cat-prostori-uredi-co-working-namjestaj","29":"product_cat-prostori-uredi-fotelje-i-garniture-za-sjedenje","30":"product_cat-prostori-uredi-namjestaj-za-neformalne-sastanke-i-druzenje","31":"product_cat-prostori-uredi-namjestaj-za-predprostore-i-cekaone","32":"product_cat-prostori-uredi-sustavi-za-elektrifikaciju-i-cable-management","33":"product_cat-rezidencijalni","34":"product_cat-stolovi","35":"product_cat-proizvodi-stolovi-stolovi-za-unutarnje-prostore","36":"product_cat-uredi","37":"berocket_brand-wilkhahn","39":"first","40":"instock","41":"product-type-grouped"},"acf":[],"_links":{"self":[{"href":"https:\/\/cernelic.hr\/en\/wp-json\/wp\/v2\/product\/92801","targetHints":{"allow":["GET"]}}],"collection":[{"href":"https:\/\/cernelic.hr\/en\/wp-json\/wp\/v2\/product"}],"about":[{"href":"https:\/\/cernelic.hr\/en\/wp-json\/wp\/v2\/types\/product"}],"wp:featuredmedia":[{"embeddable":true,"href":"https:\/\/cernelic.hr\/en\/wp-json\/wp\/v2\/media\/92118"}],"wp:attachment":[{"href":"https:\/\/cernelic.hr\/en\/wp-json\/wp\/v2\/media?parent=92801"}],"wp:term":[{"taxonomy":"product_brand","embeddable":true,"href":"https:\/\/cernelic.hr\/en\/wp-json\/wp\/v2\/product_brand?post=92801"},{"taxonomy":"product_cat","embeddable":true,"href":"https:\/\/cernelic.hr\/en\/wp-json\/wp\/v2\/product_cat?post=92801"},{"taxonomy":"product_tag","embeddable":true,"href":"https:\/\/cernelic.hr\/en\/wp-json\/wp\/v2\/product_tag?post=92801"},{"taxonomy":"berocket_brand","embeddable":true,"href":"https:\/\/cernelic.hr\/en\/wp-json\/wp\/v2\/berocket_brand?post=92801"}],"curies":[{"name":"wp","href":"https:\/\/api.w.org\/{rel}","templated":true}]}}