{"id":92802,"date":"2021-03-19T13:48:48","date_gmt":"2021-03-19T13:48:48","guid":{"rendered":"https:\/\/cernelic.hr\/katalog\/Bez%20kategorije\/intra-by-wilkhahn-2\/"},"modified":"2023-12-08T02:35:06","modified_gmt":"2023-12-08T02:35:06","slug":"intra-by-wilkhahn","status":"publish","type":"product","link":"https:\/\/cernelic.hr\/en\/proizvod\/intra-by-wilkhahn\/","title":{"rendered":"INTRA by Wilkhahn"},"content":{"rendered":"<p>Vi\u0161a klasa dizajna.<br \/>\nMnogo je ljudi zasi\u0107eno arhetipskim simbolima dobrog ukusa koji \u010dine tolike sobe za sastanke i konferencijske prostore identi\u010dnima. Novi funkcionalni modeli tako\u0111er su potrebni onima na vi\u0161im razinama hijerarhije kako bi zadr\u017eali tijelo i um u formi u napetim radnim okolinama i sastancima. Iz ovog razloga nova \u201eIntra\u201c konferencijska stolica dolazi s mehanizmom preciznog namje\u0161tanja visine i sinkronim mehanizmom za prilago\u0111avanje koji stimulira kretanje s automatskim pode\u0161avanjem te\u017eine. Sinkroni mehanizam pode\u0161avanja i kontrole gotovo se neprimjetno stapaju sa sli\u010dnim oblikom okvira sjedala i elegantno integriranim naslonima za ruke. Njene fluidne linije, precizan na\u010din na koji kombinira materijale visoke kvalitete i njena dinami\u010dka udobnost \u010dine ju novim favoritom dana\u0161nje egzekutive \u2013 bilo da je u pitanju konferencijska soba ili ured.<\/p>\n","protected":false},"excerpt":{"rendered":"<p>Vi\u0161a klasa dizajna. Mnogo je ljudi zasi\u0107eno arhetipskim simbolima dobrog ukusa koji \u010dine tolike sobe za sastanke i konferencijske prostore identi\u010dnima. Novi funkcionalni modeli tako\u0111er su potrebni onima na vi\u0161im razinama hijerarhije kako bi zadr\u017eali tijelo i um u formi u napetim radnim okolinama i sastancima. Iz ovog razloga nova \u201eIntra\u201c konferencijska stolica dolazi s [&hellip;]<\/p>\n","protected":false},"featured_media":92119,"template":"","meta":{"_acf_changed":false},"product_brand":[],"product_cat":[2105,2090,2085,2061,2068,2109,2150,2137,2153,2093,2152,2166,2073,2087,2113,2092],"product_tag":[],"berocket_brand":[532],"class_list":{"0":"post-92802","1":"product","2":"type-product","3":"status-publish","4":"has-post-thumbnail","6":"product_cat-javni","7":"product_cat-proizvodi-stolice-stolice-za-sastanke","8":"product_cat-namjestaj-za-urede","9":"product_cat-proizvodi","10":"product_cat-prostori","11":"product_cat-prostori-javni-stolice-za-unutarnje-prostore","12":"product_cat-prostori-rezidencijalni-namjestaj-za-kucni-ured","13":"product_cat-prostori-uredi-home-office","14":"product_cat-prostori-uredi-radne-stolice","15":"product_cat-prostori-uredi-stolice-za-sastanke","16":"product_cat-proizvodi-stolice-radne-stolice","17":"product_cat-proizvodi-namjestaj-za-urede-radne-stolice","18":"product_cat-rezidencijalni","19":"product_cat-stolice","20":"product_cat-proizvodi-namjestaj-za-urede-stolice-za-sastanke","21":"product_cat-uredi","22":"berocket_brand-wilkhahn","24":"first","25":"instock","26":"product-type-grouped"},"acf":[],"_links":{"self":[{"href":"https:\/\/cernelic.hr\/en\/wp-json\/wp\/v2\/product\/92802","targetHints":{"allow":["GET"]}}],"collection":[{"href":"https:\/\/cernelic.hr\/en\/wp-json\/wp\/v2\/product"}],"about":[{"href":"https:\/\/cernelic.hr\/en\/wp-json\/wp\/v2\/types\/product"}],"wp:featuredmedia":[{"embeddable":true,"href":"https:\/\/cernelic.hr\/en\/wp-json\/wp\/v2\/media\/92119"}],"wp:attachment":[{"href":"https:\/\/cernelic.hr\/en\/wp-json\/wp\/v2\/media?parent=92802"}],"wp:term":[{"taxonomy":"product_brand","embeddable":true,"href":"https:\/\/cernelic.hr\/en\/wp-json\/wp\/v2\/product_brand?post=92802"},{"taxonomy":"product_cat","embeddable":true,"href":"https:\/\/cernelic.hr\/en\/wp-json\/wp\/v2\/product_cat?post=92802"},{"taxonomy":"product_tag","embeddable":true,"href":"https:\/\/cernelic.hr\/en\/wp-json\/wp\/v2\/product_tag?post=92802"},{"taxonomy":"berocket_brand","embeddable":true,"href":"https:\/\/cernelic.hr\/en\/wp-json\/wp\/v2\/berocket_brand?post=92802"}],"curies":[{"name":"wp","href":"https:\/\/api.w.org\/{rel}","templated":true}]}}