{"id":92808,"date":"2021-03-19T13:52:02","date_gmt":"2021-03-19T13:52:02","guid":{"rendered":"https:\/\/cernelic.hr\/katalog\/Bez%20kategorije\/modus-basic-by-wilkhahn-2\/"},"modified":"2023-12-08T02:36:10","modified_gmt":"2023-12-08T02:36:10","slug":"modus-basic-by-wilkhahn","status":"publish","type":"product","link":"https:\/\/cernelic.hr\/en\/proizvod\/modus-basic-by-wilkhahn\/","title":{"rendered":"MODUS Basic by Wilkhahn"},"content":{"rendered":"<p>Minimum kori\u0161tenja materijala. Maksimalna transparentnost. Savr\u0161ena prilagodljivost.<br \/>\nSlijede\u0107i na\u010delo jednostavnosti, prije 30 godina dizajneri Klaus Franck i Werner Sauer stvorili su \u201eFS line\u201c koja je postala princip estetike 21. stolje\u0107a. Fleksibilan naslon u obliku vilice napravljen od nesalomljive, visoko efikasne plastike prekriven je s izmjenjivom, prozra\u010dnom hi-tech tkaninom. Bez ikakve presvlake, naslon se prilago\u0111ava obliku, pozi i kretanju osobe koja sjedi u njemu.<br \/>\nSa svojim mekim i zaobljenim prednjim rubom, prozra\u010dno, tapecirano sjedalo omogu\u0107ava tijelu da se opusti i onemogu\u0107ava naginjanje zdjelice. Zbog jednostavnosti izmjenjivanja, presvlake garantiraju da je koristan \u017eivot ove stolice gotovo neograni\u010den.<br \/>\nPosebno udobno i iznimno kompaktno automatsko sinkrono pode\u0161avanje s torzijskim oprugama osigurava spu\u0161tanje sjedala i naslona u savr\u0161enoj sinkronizaciji s va\u0161im tijelom. Elegantni okretni nasloni za ruke, izra\u0111eni od visokokvalitetnog tla\u010dno lijevanog aluminija, u jednakoj su mjeri funkcionalni i dizajnerski elementi. Nije iznena\u0111uju\u0107e to \u0161to je \u201eModus\u201c postao me\u0111unarodno mjerilo novoj generaciji uredskih stolica. Tema mnogih razgovora, razmi\u0161ljanja i analiza, do danas je ostao u klasi koju nitko osim njega nije uspio dosegnuti: sam vrh dinami\u010dkog sjedenja.<\/p>\n","protected":false},"excerpt":{"rendered":"<p>Minimum kori\u0161tenja materijala. Maksimalna transparentnost. Savr\u0161ena prilagodljivost. Slijede\u0107i na\u010delo jednostavnosti, prije 30 godina dizajneri Klaus Franck i Werner Sauer stvorili su \u201eFS line\u201c koja je postala princip estetike 21. stolje\u0107a. Fleksibilan naslon u obliku vilice napravljen od nesalomljive, visoko efikasne plastike prekriven je s izmjenjivom, prozra\u010dnom hi-tech tkaninom. Bez ikakve presvlake, naslon se prilago\u0111ava obliku, [&hellip;]<\/p>\n","protected":false},"featured_media":92126,"template":"","meta":{"_acf_changed":false},"product_brand":[],"product_cat":[2090,2085,2061,2068,2150,2153,2093,2166,2152,2073,2087,2113,2092],"product_tag":[],"berocket_brand":[532],"class_list":{"0":"post-92808","1":"product","2":"type-product","3":"status-publish","4":"has-post-thumbnail","6":"product_cat-proizvodi-stolice-stolice-za-sastanke","7":"product_cat-namjestaj-za-urede","8":"product_cat-proizvodi","9":"product_cat-prostori","10":"product_cat-prostori-rezidencijalni-namjestaj-za-kucni-ured","11":"product_cat-prostori-uredi-radne-stolice","12":"product_cat-prostori-uredi-stolice-za-sastanke","13":"product_cat-proizvodi-namjestaj-za-urede-radne-stolice","14":"product_cat-proizvodi-stolice-radne-stolice","15":"product_cat-rezidencijalni","16":"product_cat-stolice","17":"product_cat-proizvodi-namjestaj-za-urede-stolice-za-sastanke","18":"product_cat-uredi","19":"berocket_brand-wilkhahn","21":"first","22":"instock","23":"product-type-grouped"},"acf":[],"_links":{"self":[{"href":"https:\/\/cernelic.hr\/en\/wp-json\/wp\/v2\/product\/92808","targetHints":{"allow":["GET"]}}],"collection":[{"href":"https:\/\/cernelic.hr\/en\/wp-json\/wp\/v2\/product"}],"about":[{"href":"https:\/\/cernelic.hr\/en\/wp-json\/wp\/v2\/types\/product"}],"wp:featuredmedia":[{"embeddable":true,"href":"https:\/\/cernelic.hr\/en\/wp-json\/wp\/v2\/media\/92126"}],"wp:attachment":[{"href":"https:\/\/cernelic.hr\/en\/wp-json\/wp\/v2\/media?parent=92808"}],"wp:term":[{"taxonomy":"product_brand","embeddable":true,"href":"https:\/\/cernelic.hr\/en\/wp-json\/wp\/v2\/product_brand?post=92808"},{"taxonomy":"product_cat","embeddable":true,"href":"https:\/\/cernelic.hr\/en\/wp-json\/wp\/v2\/product_cat?post=92808"},{"taxonomy":"product_tag","embeddable":true,"href":"https:\/\/cernelic.hr\/en\/wp-json\/wp\/v2\/product_tag?post=92808"},{"taxonomy":"berocket_brand","embeddable":true,"href":"https:\/\/cernelic.hr\/en\/wp-json\/wp\/v2\/berocket_brand?post=92808"}],"curies":[{"name":"wp","href":"https:\/\/api.w.org\/{rel}","templated":true}]}}