{"id":92812,"date":"2021-03-19T13:52:02","date_gmt":"2021-03-19T13:52:02","guid":{"rendered":"https:\/\/cernelic.hr\/katalog\/Bez%20kategorije\/neos-by-wilkhahn-2\/"},"modified":"2023-12-08T02:36:18","modified_gmt":"2023-12-08T02:36:18","slug":"neos-by-wilkhahn","status":"publish","type":"product","link":"https:\/\/cernelic.hr\/en\/proizvod\/neos-by-wilkhahn\/","title":{"rendered":"NEOS by Wilkhahn"},"content":{"rendered":"<p>Ljudi su me\u0111usobno razli\u010diti, kao i njihove fizionomije: postoje divovi poput ko\u0161arka\u0161a, ljudi u lak\u0161im kategorijama i ljudi u te\u017eim. Naravno, ono \u0161to svatko \u017eeli je uredska stolica koja daje ujedna\u010denu razinu potpore i najbolju udobnost sjedenja. Koncept \u201eNeosa\u201c zato konzistentno slijedi princip \u201esjedenja bez voza\u010dke dozvole\u201c koji je misao vodilja u Wilkhahnu ve\u0107 vi\u0161e od 25 godina:<br \/>\n -s najjednostavnijim i najintuitivnijim radom svih funkcija pode\u0161avanja, kao \u0161to su visina sjedala, visina naslona, polo\u017eaj naslona za ruke i pode\u0161avanje prema te\u017eini korisnika<br \/>\n-sa sinkronim pode\u0161avanjem izda\u0161nog, elasti\u010dnog stra\u017enjeg okvira koji osigurava uskla\u0111enost s pojedina\u010dnim tipovima tijela<br \/>\n-i s automatskim potpomaganjem \u010destih promjena dr\u017eanja kako bi mi\u0161i\u0107i, metabolizam i cirkulacija bili u dobroj formi.<br \/>\nDvije intuitivno postavljene ru\u010dke \u010dine namje\u0161tanje \u201eNeosa\u201c dje\u010djom igrom korisniku koji pritom mo\u017ee ostati sjediti. Sve su funkcije integrirane u mirnoj, udobnoj i samorazumljivoj formi za optimalan u\u017eitak sjedenja i atraktivnost dizajna. Ovo dokazuje da je ergonomija nu\u017eno i pitanje estetike.<\/p>\n","protected":false},"excerpt":{"rendered":"<p>Ljudi su me\u0111usobno razli\u010diti, kao i njihove fizionomije: postoje divovi poput ko\u0161arka\u0161a, ljudi u lak\u0161im kategorijama i ljudi u te\u017eim. Naravno, ono \u0161to svatko \u017eeli je uredska stolica koja daje ujedna\u010denu razinu potpore i najbolju udobnost sjedenja. Koncept \u201eNeosa\u201c zato konzistentno slijedi princip \u201esjedenja bez voza\u010dke dozvole\u201c koji je misao vodilja u Wilkhahnu ve\u0107 vi\u0161e [&hellip;]<\/p>\n","protected":false},"featured_media":92130,"template":"","meta":{"_acf_changed":false},"product_brand":[],"product_cat":[2111,2099,2105,2090,2085,2061,2068,2098,2164,2115,2102,2100,2126,2106,2109,2150,2104,2137,2153,2093,2152,2166,2073,2087,2088,2089,2113,2091,2092],"product_tag":[],"berocket_brand":[532],"class_list":{"0":"post-92812","1":"product","2":"type-product","3":"status-publish","4":"has-post-thumbnail","6":"product_cat-dvorane","7":"product_cat-horeca-prostori-horeca","8":"product_cat-javni","9":"product_cat-proizvodi-stolice-stolice-za-sastanke","10":"product_cat-namjestaj-za-urede","11":"product_cat-proizvodi","12":"product_cat-prostori","13":"product_cat-prostori-horeca","14":"product_cat-prostori-dvorane-visenamjenske-i-pomicne-sjedalice-za-dvorane","15":"product_cat-prostori-horeca-barske-stolice-za-unutarnje-prostore","16":"product_cat-prostori-horeca-stolice-za-kongresne-dvorane","17":"product_cat-prostori-horeca-stolice-za-unutarnje-prostore","18":"product_cat-prostori-javni-barske-stolice-za-unutarnje-prostore","19":"product_cat-prostori-javni-kongresne-stolice","20":"product_cat-prostori-javni-stolice-za-unutarnje-prostore","21":"product_cat-prostori-rezidencijalni-namjestaj-za-kucni-ured","22":"product_cat-prostori-rezidencijalni-stolice-za-unutarnje-prostore","23":"product_cat-prostori-uredi-home-office","24":"product_cat-prostori-uredi-radne-stolice","25":"product_cat-prostori-uredi-stolice-za-sastanke","26":"product_cat-proizvodi-stolice-radne-stolice","27":"product_cat-proizvodi-namjestaj-za-urede-radne-stolice","28":"product_cat-rezidencijalni","29":"product_cat-stolice","30":"product_cat-proizvodi-stolice-stolice-za-cekaonice","31":"product_cat-proizvodi-stolice-stolice-za-kongresne-dvorane","32":"product_cat-proizvodi-namjestaj-za-urede-stolice-za-sastanke","33":"product_cat-proizvodi-stolice-stolice-za-unutarnje-prostore","34":"product_cat-uredi","35":"berocket_brand-wilkhahn","37":"first","38":"instock","39":"product-type-grouped"},"acf":[],"_links":{"self":[{"href":"https:\/\/cernelic.hr\/en\/wp-json\/wp\/v2\/product\/92812","targetHints":{"allow":["GET"]}}],"collection":[{"href":"https:\/\/cernelic.hr\/en\/wp-json\/wp\/v2\/product"}],"about":[{"href":"https:\/\/cernelic.hr\/en\/wp-json\/wp\/v2\/types\/product"}],"wp:featuredmedia":[{"embeddable":true,"href":"https:\/\/cernelic.hr\/en\/wp-json\/wp\/v2\/media\/92130"}],"wp:attachment":[{"href":"https:\/\/cernelic.hr\/en\/wp-json\/wp\/v2\/media?parent=92812"}],"wp:term":[{"taxonomy":"product_brand","embeddable":true,"href":"https:\/\/cernelic.hr\/en\/wp-json\/wp\/v2\/product_brand?post=92812"},{"taxonomy":"product_cat","embeddable":true,"href":"https:\/\/cernelic.hr\/en\/wp-json\/wp\/v2\/product_cat?post=92812"},{"taxonomy":"product_tag","embeddable":true,"href":"https:\/\/cernelic.hr\/en\/wp-json\/wp\/v2\/product_tag?post=92812"},{"taxonomy":"berocket_brand","embeddable":true,"href":"https:\/\/cernelic.hr\/en\/wp-json\/wp\/v2\/berocket_brand?post=92812"}],"curies":[{"name":"wp","href":"https:\/\/api.w.org\/{rel}","templated":true}]}}