{"id":92813,"date":"2021-03-19T13:52:02","date_gmt":"2021-03-19T13:52:02","guid":{"rendered":"https:\/\/cernelic.hr\/katalog\/Bez%20kategorije\/occo-by-wilkhahn-2\/"},"modified":"2023-12-08T02:36:21","modified_gmt":"2023-12-08T02:36:21","slug":"occo-by-wilkhahn","status":"publish","type":"product","link":"https:\/\/cernelic.hr\/en\/proizvod\/occo-by-wilkhahn\/","title":{"rendered":"OCCO by Wilkhahn"},"content":{"rendered":"<p>Markus Jehs i Ju\u0308rgen Laub za Wilkhahn su osmislili asortiman stolica i stolova koji su me\u0111usobno savr\u0161eno koordinirani. Zove se \u201eOcco\u201c. \u201eOcco\u201c kombinira enormnu svestranost i \u0161iroki izbor dizajnerskih opcija s jasnim i definiraju\u0107im dizajnerskim jezikom. Poseban oblik udubljenja na naslonu i bokovima omogu\u0107ava da se stolice mogu slagati (ako izaberete kromirani, \u010detverono\u017eni metalni okvir), a u isto vrijeme nudi vrhunsku udobnost sjedenja. Sjedalo je samo po sebi dosta \u010dvrsto, a naslon za le\u0111a je posebno fleksibilan zbog svog oblika i razli\u010dite debljine materijala.<br \/>\nKarakteristi\u010dan oblik sjedala i okvira naslona zrcali slova po kojima je nastalo ime \u201eOcco\u201c. Gledana od naprijed, stolica izgleda kao slovo O, dok sa strane ima oblik slova C. \u010cetiri oblika okvira, tri tipa jastuka i \u0161est \u201e\u0161koljki\u201c \u010dine ukupno 72 varijante koje odgovaraju svim funkcionalnim i dizajnerskim zahtjevima. <\/p>\n","protected":false},"excerpt":{"rendered":"<p>Markus Jehs i Ju\u0308rgen Laub za Wilkhahn su osmislili asortiman stolica i stolova koji su me\u0111usobno savr\u0161eno koordinirani. Zove se \u201eOcco\u201c. \u201eOcco\u201c kombinira enormnu svestranost i \u0161iroki izbor dizajnerskih opcija s jasnim i definiraju\u0107im dizajnerskim jezikom. Poseban oblik udubljenja na naslonu i bokovima omogu\u0107ava da se stolice mogu slagati (ako izaberete kromirani, \u010detverono\u017eni metalni okvir), [&hellip;]<\/p>\n","protected":false},"featured_media":92132,"template":"","meta":{"_acf_changed":false},"product_brand":[],"product_cat":[2114,2099,2105,2090,2085,2061,2098,2068,2100,2109,2150,2104,2137,2093,2073,2087,2088,2113,2091,2092],"product_tag":[],"berocket_brand":[532],"class_list":{"0":"post-92813","1":"product","2":"type-product","3":"status-publish","4":"has-post-thumbnail","6":"product_cat-proizvodi-stolice-barske-stolice-za-unutarnje-prostore","7":"product_cat-horeca-prostori-horeca","8":"product_cat-javni","9":"product_cat-proizvodi-stolice-stolice-za-sastanke","10":"product_cat-namjestaj-za-urede","11":"product_cat-proizvodi","12":"product_cat-prostori-horeca","13":"product_cat-prostori","14":"product_cat-prostori-horeca-stolice-za-unutarnje-prostore","15":"product_cat-prostori-javni-stolice-za-unutarnje-prostore","16":"product_cat-prostori-rezidencijalni-namjestaj-za-kucni-ured","17":"product_cat-prostori-rezidencijalni-stolice-za-unutarnje-prostore","18":"product_cat-prostori-uredi-home-office","19":"product_cat-prostori-uredi-stolice-za-sastanke","20":"product_cat-rezidencijalni","21":"product_cat-stolice","22":"product_cat-proizvodi-stolice-stolice-za-cekaonice","23":"product_cat-proizvodi-namjestaj-za-urede-stolice-za-sastanke","24":"product_cat-proizvodi-stolice-stolice-za-unutarnje-prostore","25":"product_cat-uredi","26":"berocket_brand-wilkhahn","28":"first","29":"instock","30":"product-type-grouped"},"acf":[],"_links":{"self":[{"href":"https:\/\/cernelic.hr\/en\/wp-json\/wp\/v2\/product\/92813","targetHints":{"allow":["GET"]}}],"collection":[{"href":"https:\/\/cernelic.hr\/en\/wp-json\/wp\/v2\/product"}],"about":[{"href":"https:\/\/cernelic.hr\/en\/wp-json\/wp\/v2\/types\/product"}],"wp:featuredmedia":[{"embeddable":true,"href":"https:\/\/cernelic.hr\/en\/wp-json\/wp\/v2\/media\/92132"}],"wp:attachment":[{"href":"https:\/\/cernelic.hr\/en\/wp-json\/wp\/v2\/media?parent=92813"}],"wp:term":[{"taxonomy":"product_brand","embeddable":true,"href":"https:\/\/cernelic.hr\/en\/wp-json\/wp\/v2\/product_brand?post=92813"},{"taxonomy":"product_cat","embeddable":true,"href":"https:\/\/cernelic.hr\/en\/wp-json\/wp\/v2\/product_cat?post=92813"},{"taxonomy":"product_tag","embeddable":true,"href":"https:\/\/cernelic.hr\/en\/wp-json\/wp\/v2\/product_tag?post=92813"},{"taxonomy":"berocket_brand","embeddable":true,"href":"https:\/\/cernelic.hr\/en\/wp-json\/wp\/v2\/berocket_brand?post=92813"}],"curies":[{"name":"wp","href":"https:\/\/api.w.org\/{rel}","templated":true}]}}