{"id":92817,"date":"2021-03-19T13:52:02","date_gmt":"2021-03-19T13:52:02","guid":{"rendered":"https:\/\/cernelic.hr\/katalog\/Bez%20kategorije\/pep-by-wilkhahn-2\/"},"modified":"2023-12-08T02:36:26","modified_gmt":"2023-12-08T02:36:26","slug":"pep-by-wilkhahn","status":"publish","type":"product","link":"https:\/\/cernelic.hr\/en\/proizvod\/pep-by-wilkhahn\/","title":{"rendered":"PEP by Wilkhahn"},"content":{"rendered":"<p>\u201ePep\u201c stolice spajaju osvje\u017eavaju\u0107e jednostavan dizajn s iznimnom udobno\u0161\u0107u koja bi se o\u010dekivala u domu ili uredu. Ergonomsko, jednodijelno sjedalo i naslon za le\u0111a izra\u0111eni od rezbarene \u0161perplo\u010de u potpunosti je podstavljena, tapecirana sa svih strana i dolazi s dodatnom podstavom iznutra koja osigurava maksimalnu udobnost. Kombinirana sa svojom stylish \u010detverokrakom bazom, stolica izgleda kompaktno + lagano. Opcionalni crni poliamidni nasloni za ruke udobno su mjesto na kojima mo\u017eete odmoriti ruke. Dostupan u kliznom izdanju ili s kota\u010di\u0107ima, \u201e227\u201c asortiman je jednako dobar izbor za prostore za slu\u017ebu s korisnicima, mjesta za sastanke, blagovaonice, ili ku\u0107ne urede. <\/p>\n","protected":false},"excerpt":{"rendered":"<p>\u201ePep\u201c stolice spajaju osvje\u017eavaju\u0107e jednostavan dizajn s iznimnom udobno\u0161\u0107u koja bi se o\u010dekivala u domu ili uredu. Ergonomsko, jednodijelno sjedalo i naslon za le\u0111a izra\u0111eni od rezbarene \u0161perplo\u010de u potpunosti je podstavljena, tapecirana sa svih strana i dolazi s dodatnom podstavom iznutra koja osigurava maksimalnu udobnost. Kombinirana sa svojom stylish \u010detverokrakom bazom, stolica izgleda kompaktno [&hellip;]<\/p>\n","protected":false},"featured_media":92135,"template":"","meta":{"_acf_changed":false},"product_brand":[],"product_cat":[2099,2105,2090,2061,2068,2098,2100,2109,2104,2093,2073,2087,2088,2091,2092],"product_tag":[],"berocket_brand":[532],"class_list":{"0":"post-92817","1":"product","2":"type-product","3":"status-publish","4":"has-post-thumbnail","6":"product_cat-horeca-prostori-horeca","7":"product_cat-javni","8":"product_cat-proizvodi-stolice-stolice-za-sastanke","9":"product_cat-proizvodi","10":"product_cat-prostori","11":"product_cat-prostori-horeca","12":"product_cat-prostori-horeca-stolice-za-unutarnje-prostore","13":"product_cat-prostori-javni-stolice-za-unutarnje-prostore","14":"product_cat-prostori-rezidencijalni-stolice-za-unutarnje-prostore","15":"product_cat-prostori-uredi-stolice-za-sastanke","16":"product_cat-rezidencijalni","17":"product_cat-stolice","18":"product_cat-proizvodi-stolice-stolice-za-cekaonice","19":"product_cat-proizvodi-stolice-stolice-za-unutarnje-prostore","20":"product_cat-uredi","21":"berocket_brand-wilkhahn","23":"first","24":"instock","25":"product-type-grouped"},"acf":[],"_links":{"self":[{"href":"https:\/\/cernelic.hr\/en\/wp-json\/wp\/v2\/product\/92817","targetHints":{"allow":["GET"]}}],"collection":[{"href":"https:\/\/cernelic.hr\/en\/wp-json\/wp\/v2\/product"}],"about":[{"href":"https:\/\/cernelic.hr\/en\/wp-json\/wp\/v2\/types\/product"}],"wp:featuredmedia":[{"embeddable":true,"href":"https:\/\/cernelic.hr\/en\/wp-json\/wp\/v2\/media\/92135"}],"wp:attachment":[{"href":"https:\/\/cernelic.hr\/en\/wp-json\/wp\/v2\/media?parent=92817"}],"wp:term":[{"taxonomy":"product_brand","embeddable":true,"href":"https:\/\/cernelic.hr\/en\/wp-json\/wp\/v2\/product_brand?post=92817"},{"taxonomy":"product_cat","embeddable":true,"href":"https:\/\/cernelic.hr\/en\/wp-json\/wp\/v2\/product_cat?post=92817"},{"taxonomy":"product_tag","embeddable":true,"href":"https:\/\/cernelic.hr\/en\/wp-json\/wp\/v2\/product_tag?post=92817"},{"taxonomy":"berocket_brand","embeddable":true,"href":"https:\/\/cernelic.hr\/en\/wp-json\/wp\/v2\/berocket_brand?post=92817"}],"curies":[{"name":"wp","href":"https:\/\/api.w.org\/{rel}","templated":true}]}}