{"id":92819,"date":"2021-03-19T13:52:02","date_gmt":"2021-03-19T13:52:02","guid":{"rendered":"https:\/\/cernelic.hr\/katalog\/Bez%20kategorije\/sitzbock-by-wilkhahn-2\/"},"modified":"2023-12-08T02:36:29","modified_gmt":"2023-12-08T02:36:29","slug":"sitzbock-by-wilkhahn","status":"publish","type":"product","link":"https:\/\/cernelic.hr\/en\/proizvod\/sitzbock-by-wilkhahn\/","title":{"rendered":"SITZBOCK by Wilkhahn"},"content":{"rendered":"<p>Inovativna stolica u obliku konja s hvataljkama \u201eSitzbock\u201c za \u010dajne kuhinje, lobije i sli\u010dne polujavne prostore poziva prolaznike da uzmu pauzu i da je koriste na na\u010din na koji im odgovara. Visoka je 707 mm, \u0161iroka 627 mm i ima raspon nogu od 520 mm. Ba\u0161 kao pravog konja, mo\u017eete ga uzjahati ili jahati \u201ebo\u010dno sedlo\u201c ili ga koristiti kao naslon.  Rotacijski oblikovane od bojanog crnog, bijelog ili naran\u010dastog polietilena i te\u0161ke samo 4.8 kg, lagano se postavljaju u grupe za spontana okupljanja, posla\u017eu jedne na druge ili sla\u017eu na terasama na potrebno vrijeme. Svatko tko preferira malo vi\u0161e udobnosti mo\u017ee dodati neklizaju\u0107u deku za sedlo od filca koja dolazi u antracit, grafit, mango ili svijetlo pro\u0161aranoj nijansi i koja daje dodatan dodir boje. <\/p>\n","protected":false},"excerpt":{"rendered":"<p>Inovativna stolica u obliku konja s hvataljkama \u201eSitzbock\u201c za \u010dajne kuhinje, lobije i sli\u010dne polujavne prostore poziva prolaznike da uzmu pauzu i da je koriste na na\u010din na koji im odgovara. Visoka je 707 mm, \u0161iroka 627 mm i ima raspon nogu od 520 mm. Ba\u0161 kao pravog konja, mo\u017eete ga uzjahati ili jahati \u201ebo\u010dno [&hellip;]<\/p>\n","protected":false},"featured_media":92138,"template":"","meta":{"_acf_changed":false},"product_brand":[],"product_cat":[2235,2514,2165,2111,2105,2085,2061,2196,2068,2209,2208,2174,2095,2096,2092],"product_tag":[],"berocket_brand":[532],"class_list":{"0":"post-92819","1":"product","2":"type-product","3":"status-publish","4":"has-post-thumbnail","6":"product_cat-proizvodi-namjestaj-za-urede-accessories","7":"product_cat-accessories","8":"product_cat-proizvodi-namjestaj-za-urede-co-working-namjestaj","9":"product_cat-dvorane","10":"product_cat-javni","11":"product_cat-namjestaj-za-urede","12":"product_cat-proizvodi","13":"product_cat-proizvodi-accessories-accessories-za-unutarnje-prostore","14":"product_cat-prostori","15":"product_cat-prostori-dvorane-accessories","16":"product_cat-prostori-javni-accessories","17":"product_cat-prostori-uredi-co-working-namjestaj","18":"product_cat-prostori-uredi-namjestaj-za-neformalne-sastanke-i-druzenje","19":"product_cat-prostori-uredi-namjestaj-za-predprostore-i-cekaone","20":"product_cat-uredi","21":"berocket_brand-wilkhahn","23":"first","24":"instock","25":"product-type-grouped"},"acf":[],"_links":{"self":[{"href":"https:\/\/cernelic.hr\/en\/wp-json\/wp\/v2\/product\/92819","targetHints":{"allow":["GET"]}}],"collection":[{"href":"https:\/\/cernelic.hr\/en\/wp-json\/wp\/v2\/product"}],"about":[{"href":"https:\/\/cernelic.hr\/en\/wp-json\/wp\/v2\/types\/product"}],"wp:featuredmedia":[{"embeddable":true,"href":"https:\/\/cernelic.hr\/en\/wp-json\/wp\/v2\/media\/92138"}],"wp:attachment":[{"href":"https:\/\/cernelic.hr\/en\/wp-json\/wp\/v2\/media?parent=92819"}],"wp:term":[{"taxonomy":"product_brand","embeddable":true,"href":"https:\/\/cernelic.hr\/en\/wp-json\/wp\/v2\/product_brand?post=92819"},{"taxonomy":"product_cat","embeddable":true,"href":"https:\/\/cernelic.hr\/en\/wp-json\/wp\/v2\/product_cat?post=92819"},{"taxonomy":"product_tag","embeddable":true,"href":"https:\/\/cernelic.hr\/en\/wp-json\/wp\/v2\/product_tag?post=92819"},{"taxonomy":"berocket_brand","embeddable":true,"href":"https:\/\/cernelic.hr\/en\/wp-json\/wp\/v2\/berocket_brand?post=92819"}],"curies":[{"name":"wp","href":"https:\/\/api.w.org\/{rel}","templated":true}]}}