{"id":92821,"date":"2021-03-19T13:52:02","date_gmt":"2021-03-19T13:52:02","guid":{"rendered":"https:\/\/cernelic.hr\/katalog\/Bez%20kategorije\/stand-up-by-wilkhahn-2\/"},"modified":"2023-12-08T02:36:31","modified_gmt":"2023-12-08T02:36:31","slug":"stand-up-by-wilkhahn","status":"publish","type":"product","link":"https:\/\/cernelic.hr\/en\/proizvod\/stand-up-by-wilkhahn\/","title":{"rendered":"STAND-UP by Wilkhahn"},"content":{"rendered":"<p>\u201eStand-Up\u201c \u2013 stylish, zabavan, va\u0161 novi ljubimac\u2026<br \/>\nKada su postavljeni u ra\u0161trkane grupe, nitko ne mo\u017ee odoljeti \u010daroliji ovih \u0161arenih, veselih i uo\u010dljivih objekata. Idealni su za neformalna okupljanja i tako\u0111er doprinose zdravlju. Smje\u0161teni dijagonalno, ovi jednono\u017eni sjedalo-stoje\u0107i hibridi pretvaraju se u dinami\u010dne trono\u0161ce koji omogu\u0107uju kretanje bokova i polet misli. Zglobovi rade svoj posao, a mi\u0161i\u0107i ja\u010daju. Tako\u0111er pozivaju na interakciju. \u010cak i kad su pod kutom od 50\u00b0 poljuljati \u0107e se nazad u svoju poziciju nakon blagog dodira. Drugim rije\u010dima, ovaj prijatelj kukova zabavan je pristup ozbiljnoj strani (poslovnog) \u017eivota.<\/p>\n","protected":false},"excerpt":{"rendered":"<p>\u201eStand-Up\u201c \u2013 stylish, zabavan, va\u0161 novi ljubimac\u2026 Kada su postavljeni u ra\u0161trkane grupe, nitko ne mo\u017ee odoljeti \u010daroliji ovih \u0161arenih, veselih i uo\u010dljivih objekata. Idealni su za neformalna okupljanja i tako\u0111er doprinose zdravlju. Smje\u0161teni dijagonalno, ovi jednono\u017eni sjedalo-stoje\u0107i hibridi pretvaraju se u dinami\u010dne trono\u0161ce koji omogu\u0107uju kretanje bokova i polet misli. Zglobovi rade svoj posao, [&hellip;]<\/p>\n","protected":false},"featured_media":92139,"template":"","meta":{"_acf_changed":false},"product_brand":[],"product_cat":[2235,2514,2165,2111,2105,2085,2061,2196,2068,2209,2208,2174,2095,2096,2092],"product_tag":[],"berocket_brand":[532],"class_list":{"0":"post-92821","1":"product","2":"type-product","3":"status-publish","4":"has-post-thumbnail","6":"product_cat-proizvodi-namjestaj-za-urede-accessories","7":"product_cat-accessories","8":"product_cat-proizvodi-namjestaj-za-urede-co-working-namjestaj","9":"product_cat-dvorane","10":"product_cat-javni","11":"product_cat-namjestaj-za-urede","12":"product_cat-proizvodi","13":"product_cat-proizvodi-accessories-accessories-za-unutarnje-prostore","14":"product_cat-prostori","15":"product_cat-prostori-dvorane-accessories","16":"product_cat-prostori-javni-accessories","17":"product_cat-prostori-uredi-co-working-namjestaj","18":"product_cat-prostori-uredi-namjestaj-za-neformalne-sastanke-i-druzenje","19":"product_cat-prostori-uredi-namjestaj-za-predprostore-i-cekaone","20":"product_cat-uredi","21":"berocket_brand-wilkhahn","23":"first","24":"instock","25":"product-type-grouped"},"acf":[],"_links":{"self":[{"href":"https:\/\/cernelic.hr\/en\/wp-json\/wp\/v2\/product\/92821","targetHints":{"allow":["GET"]}}],"collection":[{"href":"https:\/\/cernelic.hr\/en\/wp-json\/wp\/v2\/product"}],"about":[{"href":"https:\/\/cernelic.hr\/en\/wp-json\/wp\/v2\/types\/product"}],"wp:featuredmedia":[{"embeddable":true,"href":"https:\/\/cernelic.hr\/en\/wp-json\/wp\/v2\/media\/92139"}],"wp:attachment":[{"href":"https:\/\/cernelic.hr\/en\/wp-json\/wp\/v2\/media?parent=92821"}],"wp:term":[{"taxonomy":"product_brand","embeddable":true,"href":"https:\/\/cernelic.hr\/en\/wp-json\/wp\/v2\/product_brand?post=92821"},{"taxonomy":"product_cat","embeddable":true,"href":"https:\/\/cernelic.hr\/en\/wp-json\/wp\/v2\/product_cat?post=92821"},{"taxonomy":"product_tag","embeddable":true,"href":"https:\/\/cernelic.hr\/en\/wp-json\/wp\/v2\/product_tag?post=92821"},{"taxonomy":"berocket_brand","embeddable":true,"href":"https:\/\/cernelic.hr\/en\/wp-json\/wp\/v2\/berocket_brand?post=92821"}],"curies":[{"name":"wp","href":"https:\/\/api.w.org\/{rel}","templated":true}]}}